{"id":10047,"date":"2023-07-28T01:11:55","date_gmt":"2023-07-27T22:11:55","guid":{"rendered":"https:\/\/tlab.com.tr\/?page_id=10047"},"modified":"2024-02-08T15:49:44","modified_gmt":"2024-02-08T12:49:44","slug":"cerez-politikasi","status":"publish","type":"page","link":"https:\/\/tlab.com.tr\/en\/cookie-policy\/","title":{"rendered":"Cookie Policy"},"content":{"rendered":"<div data-elementor-type=\"wp-page\" data-elementor-id=\"10047\" class=\"elementor elementor-10047\">\n\t\t\t\t\t\t<section class=\"elementor-section elementor-top-section elementor-element elementor-element-87bbd78 elementor-section-boxed elementor-section-gap-beside-yes elementor-section-height-default elementor-section-height-default elementor-section-column-vertical-align-stretch\" data-id=\"87bbd78\" data-element_type=\"section\" data-e-type=\"section\">\n\t\t\t\t\t\t<div class=\"elementor-container elementor-column-gap-extended\">\n\t\t\t\t\t<div class=\"elementor-column elementor-col-100 elementor-top-column elementor-element elementor-element-d2c0123\" data-id=\"d2c0123\" data-element_type=\"column\" data-e-type=\"column\">\n\t\t\t<div class=\"elementor-widget-wrap elementor-element-populated\">\n\t\t\t\t\t\t<div class=\"elementor-element elementor-element-bfcf033 elementor-widget__width-initial elementor-widget elementor-widget-text-editor\" data-id=\"bfcf033\" data-element_type=\"widget\" data-e-type=\"widget\" data-widget_type=\"text-editor.default\">\n\t\t\t\t<div class=\"elementor-widget-container\">\n\t\t\t\t\t\t\t\t\t<h3>COOKIE POLICY WITHIN THE SCOPE OF PDPL<\/h3><p>While accessing websites, electronic platforms, applications or e-mail messages or advertisements of T-Biyoteknoloji Laboratuvar Estetik Medikal San. Tic. Ltd. \u015eti. sent by the company, small data files that enable the recording and collection of certain data may be placed on users' computers, mobile phones, tablets or other devices used. These data files placed on computers and other devices may be cookies, pixel tags, flashcookies and web beacons, as well as other similar technologies for data storage purposes. In this Policy, the term \"cookie\" is used to refer to cookies and similar technologies that may be used by the company. Although it is possible to collect personal data through cookies, not all data collected through cookies may be personal data. Therefore, it should be taken into consideration that the data obtained through cookies will be evaluated within the scope of this Policy and the Law on the Protection of Personal Data (PDPL) only to the extent that they constitute personal data under Turkish law.<\/p><p>As a company, we may stop using the cookies we use on our site and application, change their types or functions, or add new cookies to our site and application. Therefore, we reserve the right to change the provisions of this Cookie Clarification Text at any time.<\/p><p><b>\u00a0Method and Legal Grounds for Collecting Personal Data<\/b><\/p><p>Your personal data is collected electronically through cookies during your visit to our website or through your use of our application. Your personal data collected is processed within the framework of the personal data processing conditions and purposes specified in Articles 5 and 6 of the PDPL, within the scope of the legitimate interests of our company and based on this reason.<\/p><p><b>To Whom And For What Purpose Personal Data Can Be Transferred<\/b><\/p><p>We transfer your personal data within the scope of the Cookie Clarification Text to our suppliers limited to the realization of the above-mentioned purposes and in accordance with the legislation and if necessary.<\/p><p><b>Cookie Types<\/b><\/p><p>Cookies can be classified by duration or by the domain name to which they belong. If cookies are classified in terms of duration, they are divided into two as session cookies and persistent cookies. Session cookies are cookies that are deleted when the user closes the browser, while persistent cookies are cookies that remain on the user's computer\/device for a predetermined period of time. If cookies are classified according to the domain to which they belong, they are divided into two as related party cookies and third party cookies. Cookies placed by the visited domain are called related party cookies, while cookies placed by a different visited domain are called third party cookies. A third-party cookie occurs when people outside the visited domain place cookies on the user's device through the visited domain.<\/p><p><b>Purposes of Use of Cookies<\/b><\/p><p>The Company may utilize the cookies it uses on its websites, platforms, applications, advertisements and messages for the following purposes.<\/p><p><b>Operational Uses:<\/b>We may use cookies that we deem necessary for the administration and security of the Company's website, platforms, applications and services. Examples of cookies used for operational purposes include technologies that enable the use of functions on the website, applications and platforms and cookies used to detect irregular behavior on these channels.<\/p><p><b>Functionality Uses:<\/b>The Company may use cookies to facilitate the use of its website, platforms, applications and services and to customize them for users. Examples of cookies used for functionality purposes are technologies that enable us to remember user information and preferences.<\/p><p><b>Performance Oriented Uses:<\/b>The Company may also use cookies to improve and measure the performance of its website, applications, platforms and services. Examples of cookies used for this purpose include cookies that allow us to understand how users use the Company's website, applications, platforms and services and to analyze user behavior, and technologies that allow us to understand whether the messages we send are interacted with.<\/p><p><b>Uses for Advertising Purposes:<\/b>We may use related party cookies and third party cookies to transmit advertisements and similar content targeting the interests of users through the website, platform and applications belonging to the Company or third parties. Examples of advertising uses include cookies that measure the effectiveness of advertisements and cookies that show whether a particular advertisement has been clicked or how many times the advertisement has been viewed.<\/p><p><b>Refusing and Deleting Cookies<\/b><\/p><p>Although most browsers allow the use of cookies, users can reject or delete cookies at any time by changing their browser settings. The method of changing the settings varies according to the browser used, and how to disable cookies should be learned from the service provider of the browser used.<\/p><p>If cookies are disabled, some features of the Company's website, applications, platforms and services may not be utilized.<\/p><p><b>Authorized Service Providers<\/b><\/p><p>We may receive assistance from some service providers that we have authorized for the execution and promotion of the Company's website, platforms and applications and services. These service providers may also place cookies and similar technologies (third party cookies) on users' computers\/devices and collect information such as IP address, unique identifier and device identifier to identify the user device.<\/p><p><b>Third Party Sites, Products and Services<\/b><\/p><p>Company websites, platforms and applications may contain links to third party websites, products and services. Such links are subject to the privacy policies of third parties and it should be realized that third parties and third party sites are independent of the Company and that the Company is not responsible for the privacy practices of third parties. If you visit the linked websites, we recommend that you read the privacy policies of these websites.<\/p>\t\t\t\t\t\t\t\t<\/div>\n\t\t\t\t<\/div>\n\t\t\t\t\t<\/div>\n\t\t<\/div>\n\t\t\t\t\t<\/div>\n\t\t<\/section>\n\t\t\t\t<\/div>","protected":false},"excerpt":{"rendered":"<p>KVKK KAPSAMINDA \u00c7EREZ POL\u0130T\u0130KASI T-Biyoteknoloji Laboratuvar Estetik Medikal Kozmetik San. Tic. Ltd. \u015eti.\u2019ye (\u015eirket) ait internet sitelerine, elektronik platformlara, uygulamalara veya \u015firket taraf\u0131ndan g\u00f6nderilen elektronik posta iletilerine veya reklamlara eri\u015fim s\u0131ras\u0131nda, kullan\u0131c\u0131lar\u0131n bilgisayar\u0131na, cep telefonuna, tabletine veya kullan\u0131lan di\u011fer cihazlara belirli verilerin kaydedilmesi ve toplanmas\u0131n\u0131 sa\u011flayan k\u00fc\u00e7\u00fck veri dosyalar\u0131 yerle\u015ftirilebilmektedir. Bilgisayar ve di\u011fer cihazlara yerle\u015ftirilen bu veri dosyalar\u0131, \u00e7erez, piksel tag, flashcookies ve web i\u015faret\u00e7ileri olabilece\u011fi gibi, veri depolama ama\u00e7l\u0131 benzeri di\u011fer teknolojiler de olabilecektir. \u0130\u015fbu Politika\u2019da \u015firket taraf\u0131ndan kullan\u0131labilecek \u00e7erez ve benzeri teknolojileri ifade etmek \u00fczere \u201c\u00e7erez\u201d ifadesi kullan\u0131lmaktad\u0131r. \u00c7erezler arac\u0131l\u0131\u011f\u0131 ile ki\u015fisel veri toplanmas\u0131 m\u00fcmk\u00fcn olmakla birlikte, \u00e7erezler arac\u0131l\u0131\u011f\u0131yla toplanan her t\u00fcrl\u00fc veri ki\u015fisel veri niteli\u011fi ta\u015f\u0131mayabilecektir. Bu nedenle \u00e7erezler arac\u0131l\u0131\u011f\u0131yla elde edilen verilerin ancak T\u00fcrk hukuku \u00e7er\u00e7evesinde ki\u015fisel veri te\u015fkil ettikleri \u00f6l\u00e7\u00fcde, i\u015fbu Politika ve Ki\u015fisel Verilerin Korunmas\u0131 Kanunu (KVKK) kapsam\u0131nda de\u011ferlendirilece\u011fi dikkate al\u0131nmal\u0131d\u0131r. \u015eirket olarak sitemizde ve uygulamam\u0131zda kulland\u0131\u011f\u0131m\u0131z \u00e7erezleri kullanmaktan vazge\u00e7ebilir, bunlar\u0131n t\u00fcrlerini veya fonksiyonlar\u0131n\u0131 de\u011fi\u015ftirebilir veya sitemize ve uygulamam\u0131zda yeni \u00e7erezler ekleyebiliriz. Dolay\u0131s\u0131yla i\u015fbu \u00c7erez Ayd\u0131nlatma Metni\u2019nin h\u00fck\u00fcmlerini diledi\u011fimiz zaman de\u011fi\u015ftirme hakk\u0131n\u0131 sakl\u0131 tutar\u0131z. \u00a0Ki\u015fisel Veri Toplaman\u0131n Y\u00f6ntemi ve Hukuki Sebebi Ki\u015fisel verileriniz, internet sitemizi ziyaretiniz s\u0131ras\u0131nda veya uygulamam\u0131z\u0131 kullanman\u0131z dolay\u0131s\u0131yla elektronik ortamda \u00e7erezler yoluyla toplanmaktad\u0131r. Toplanan ki\u015fisel verileriniz KVKK\u2019n\u0131n 5. ve 6. maddelerinde belirtilen ki\u015fisel veri i\u015fleme \u015fartlar\u0131 ve ama\u00e7lar\u0131 \u00e7er\u00e7evesinde, \u015firketimizin me\u015fru menfaatleri kapsam\u0131nda ve bu sebebe dayal\u0131 olarak i\u015flenmektedir. Ki\u015fisel Verilerin Kimlere ve Hangi Ama\u00e7la Aktar\u0131labilece\u011fi \u00c7erez Ayd\u0131nlatma Metni kapsam\u0131ndaki ki\u015fisel verilerinizi yukar\u0131da belirtilen ama\u00e7lar\u0131n ger\u00e7ekle\u015ftirilebilmesi ile s\u0131n\u0131rl\u0131 olarak ve mevzuata uygun \u015fekilde ve gerekmesi halinde tedarik\u00e7ilerimize aktarmaktay\u0131z. \u00c7erez T\u00fcrleri \u00c7erezler s\u00fcre bak\u0131m\u0131ndan veya ait olduklar\u0131 alan ad\u0131na g\u00f6re s\u0131n\u0131fland\u0131r\u0131labilmektedir. \u00c7erezler, s\u00fcre bak\u0131m\u0131ndan s\u0131n\u0131fland\u0131r\u0131lmalar\u0131 durumunda, oturum \u00e7erezleri ve kal\u0131c\u0131 \u00e7erezler olmak \u00fczere ikiye ayr\u0131lmaktad\u0131r. Oturum \u00e7erezleri, kullan\u0131c\u0131n\u0131n taray\u0131c\u0131y\u0131 kapatmas\u0131 \u00fczerine silinen \u00e7erezleri ifade ederken, kal\u0131c\u0131 \u00e7erezler ise \u00f6nceden belirlenen bir s\u00fcre boyunca kullan\u0131c\u0131n\u0131n bilgisayar\u0131nda\/cihaz\u0131nda kalan \u00e7erezlerdir. \u00c7erezler ait olduklar\u0131 alan ad\u0131na (domain) g\u00f6re s\u0131n\u0131fland\u0131r\u0131lmalar\u0131 durumunda ise ili\u015fkili taraf \u00e7erezi ve \u00fc\u00e7\u00fcnc\u00fc ki\u015fi \u00e7erezi olmak \u00fczere ikiye ayr\u0131l\u0131r. Ziyaret edilen alan taraf\u0131ndan yerle\u015ftirilen \u00e7erezler ili\u015fkili taraf \u00e7erezleri olarak adland\u0131r\u0131l\u0131rken, ziyaret edilen farkl\u0131 bir alan taraf\u0131ndan yerle\u015ftirilen \u00e7erezler ise \u00fc\u00e7\u00fcnc\u00fc ki\u015fi \u00e7erezi olarak ifade edilmektedir. Ziyaret edilen alan d\u0131\u015f\u0131ndaki ki\u015filerin, ziyaret edilen alan \u00fczerinden kullan\u0131c\u0131 cihaz\u0131na \u00e7erez yerle\u015ftirmeleri durumunda \u00fc\u00e7\u00fcnc\u00fc ki\u015fi \u00e7erezi s\u00f6z konusudur. \u00c7erezlerin Kullan\u0131m Ama\u00e7lar\u0131 \u015eirket, internet sitelerinde, platformlar\u0131nda, uygulamalar\u0131nda, reklam ve iletilerinde kulland\u0131\u011f\u0131 \u00e7erezlerden, a\u015fa\u011f\u0131da belirtilen ama\u00e7lar ile faydalanabilmektedir. Operasyonel Ama\u00e7l\u0131 Kullan\u0131mlar: \u015eirket internet sitesi, platform, uygulama ve hizmetlerinin idaresi ve g\u00fcvenli\u011fi i\u00e7in gerekli g\u00f6rd\u00fc\u011f\u00fcm\u00fcz \u00e7erezleri kullanabiliriz. Operasyonel ama\u00e7lar i\u00e7in kullan\u0131lan \u00e7erezlere \u00f6rnek olarak, internet sitesi, uygulama ve platformlarda yer alan fonksiyonlardan yararlan\u0131lmas\u0131na olanak tan\u0131yan teknolojiler ile bu mecralardaki d\u00fczensiz davran\u0131\u015flar\u0131 tespit etmek i\u00e7in kullan\u0131lan \u00e7erezler g\u00f6sterilebilir. \u0130\u015flevselli\u011fe Y\u00f6nelik Kullan\u0131mlar: \u015eirket internet sitesi, platform, uygulama ve hizmetlerinin kullan\u0131m\u0131n\u0131 kolayla\u015ft\u0131rmak ve bunlar\u0131 kullan\u0131c\u0131lar i\u00e7in \u00f6zelle\u015ftirmek amac\u0131yla \u00e7erez kullanabilecektir. \u0130\u015flevsellik amac\u0131yla kullanan \u00e7erezlere, kullan\u0131c\u0131 bilgilerini ve tercihlerini hat\u0131rlamam\u0131z\u0131 sa\u011flayan teknolojiler \u00f6rnek g\u00f6sterilebilir. Performansa Y\u00f6nelik Kullan\u0131mlar: \u015eirket internet sitesi, uygulama, platform ve hizmetlerine ili\u015fkin performans\u0131n art\u0131r\u0131lmas\u0131 ve \u00f6l\u00e7\u00fclmesi amac\u0131yla da \u00e7erez kullanabilmektedir. Bu ama\u00e7la kullan\u0131lan \u00e7erezlere \u00f6rnek olarak, kullan\u0131c\u0131lar\u0131n \u015eirket internet sitesi, uygulama, platform ve hizmetlerini nas\u0131l kulland\u0131\u011f\u0131n\u0131 anlamam\u0131z\u0131 ve kullan\u0131c\u0131 davran\u0131\u015flar\u0131n\u0131 analiz etmemizi sa\u011flayan \u00e7erezler ile g\u00f6nderdi\u011fimiz iletiler ile etkile\u015fime ge\u00e7ilip ge\u00e7ilmedi\u011fini anlamam\u0131za imk\u00e2n veren teknolojiler g\u00f6sterilebilir. Reklam Ama\u00e7l\u0131 Kullan\u0131mlar: \u015eirkete veya \u00fc\u00e7\u00fcnc\u00fc ki\u015filere ait internet sitesi, platform ve uygulamalar \u00fczerinden, kullan\u0131c\u0131lar\u0131n ilgi alanlar\u0131na y\u00f6nelik reklam ve benzeri i\u00e7erikleri iletmek amac\u0131 ile ili\u015fkili taraf \u00e7erezleri ve \u00fc\u00e7\u00fcnc\u00fc ki\u015fi \u00e7erezleri kullanabiliriz. Reklam ama\u00e7l\u0131 kullan\u0131mlara \u00f6rnek olarak, reklamlar\u0131n etkinli\u011fini \u00f6l\u00e7en \u00e7erezler ile belirli bir reklama t\u0131klan\u0131p t\u0131klanmad\u0131\u011f\u0131n\u0131 veya reklam\u0131n ka\u00e7 kere g\u00f6r\u00fcnt\u00fclendi\u011fini g\u00f6steren \u00e7erezler g\u00f6sterilebilir. \u00c7erezleri Reddetme ve Silme \u00c7o\u011fu taray\u0131c\u0131 \u00e7erez kullan\u0131m\u0131na izin vermekle birlikte, kullan\u0131c\u0131lar diledikleri zaman taray\u0131c\u0131 ayarlar\u0131n\u0131 de\u011fi\u015ftirerek \u00e7erezleri reddedebilir veya silebilir. Ayarlar\u0131n de\u011fi\u015ftirilmesi y\u00f6ntemi kullan\u0131lan taray\u0131c\u0131ya g\u00f6re de\u011fi\u015fmekte olup, \u00e7erezlerin nas\u0131l devre d\u0131\u015f\u0131 b\u0131rak\u0131labilece\u011finin kullan\u0131lan taray\u0131c\u0131ya ili\u015fkin hizmet sa\u011flay\u0131c\u0131dan \u00f6\u011frenilmesi gerekmektedir. \u00c7erezlerin devre d\u0131\u015f\u0131 b\u0131rak\u0131lmas\u0131 durumunda \u015eirket internet sitesi, uygulama, platform ve hizmetlerinin baz\u0131 \u00f6zelliklerinden yararlan\u0131lamamas\u0131 s\u00f6z konusu olabilecektir. Yetkili Hizmet Sa\u011flay\u0131c\u0131lar \u015eirket internet sitesi, platform ve uygulamalar\u0131 ile hizmetlerinin y\u00fcr\u00fct\u00fclmesi ve tan\u0131t\u0131m\u0131 i\u00e7in yetkilendirdi\u011fimiz baz\u0131 hizmet sa\u011flay\u0131c\u0131lardan yard\u0131m alabiliriz. Bu hizmet sa\u011flay\u0131c\u0131lar da kullan\u0131c\u0131lar\u0131n bilgisayar\u0131na\/cihaz\u0131na \u00e7erezler ve benzeri teknolojiler (\u00fc\u00e7\u00fcnc\u00fc ki\u015fi \u00e7erezleri) yerle\u015ftirebilecek ve kullan\u0131c\u0131 cihaz\u0131n\u0131 tespit etmeye y\u00f6nelik IP adresi, benzersiz tan\u0131mlay\u0131c\u0131 (uniqueidentifier) ve cihaz tan\u0131mlay\u0131c\u0131 gibi bilgileri toplayabilecektir. \u00dc\u00e7\u00fcnc\u00fc Ki\u015filere Ait Site, \u00dcr\u00fcn ve Hizmetler \u015eirket internet siteleri, platform ve uygulamalar\u0131, \u00fc\u00e7\u00fcnc\u00fc ki\u015filere ait internet sitesi, \u00fcr\u00fcn ve hizmetlere ili\u015fkin linkler i\u00e7erebilir. S\u00f6z konusu linkler, \u00fc\u00e7\u00fcnc\u00fc ki\u015filere ait gizlilik politikalar\u0131na tabi olup, \u00fc\u00e7\u00fcnc\u00fc ki\u015filer ve \u00fc\u00e7\u00fcnc\u00fc ki\u015filere ait sitelerin \u015firketten ba\u011f\u0131ms\u0131z oldu\u011fu ve \u015firketin \u00fc\u00e7\u00fcnc\u00fc ki\u015filerin gizlilik uygulamalar\u0131ndan sorumlu olmad\u0131\u011f\u0131n\u0131n fark\u0131nda olunmal\u0131d\u0131r. Link verilen internet sitelerinin ziyaret edilmesi durumunda, bu sitelere ait gizlilik politikalar\u0131n\u0131n okunmas\u0131n\u0131 tavsiye etmekteyiz.<\/p>","protected":false},"author":1,"featured_media":0,"parent":0,"menu_order":0,"comment_status":"closed","ping_status":"closed","template":"","meta":{"_monsterinsights_skip_tracking":false,"_monsterinsights_sitenote_active":false,"_monsterinsights_sitenote_note":"","_monsterinsights_sitenote_category":0,"_uf_show_specific_survey":0,"_uf_disable_surveys":false,"footnotes":""},"class_list":["post-10047","page","type-page","status-publish","hentry","post-no-thumbnail"],"_links":{"self":[{"href":"https:\/\/tlab.com.tr\/en\/wp-json\/wp\/v2\/pages\/10047","targetHints":{"allow":["GET"]}}],"collection":[{"href":"https:\/\/tlab.com.tr\/en\/wp-json\/wp\/v2\/pages"}],"about":[{"href":"https:\/\/tlab.com.tr\/en\/wp-json\/wp\/v2\/types\/page"}],"author":[{"embeddable":true,"href":"https:\/\/tlab.com.tr\/en\/wp-json\/wp\/v2\/users\/1"}],"replies":[{"embeddable":true,"href":"https:\/\/tlab.com.tr\/en\/wp-json\/wp\/v2\/comments?post=10047"}],"version-history":[{"count":5,"href":"https:\/\/tlab.com.tr\/en\/wp-json\/wp\/v2\/pages\/10047\/revisions"}],"predecessor-version":[{"id":11360,"href":"https:\/\/tlab.com.tr\/en\/wp-json\/wp\/v2\/pages\/10047\/revisions\/11360"}],"wp:attachment":[{"href":"https:\/\/tlab.com.tr\/en\/wp-json\/wp\/v2\/media?parent=10047"}],"curies":[{"name":"wp","href":"https:\/\/api.w.org\/{rel}","templated":true}]}}