{"id":10652,"date":"2023-11-07T18:09:43","date_gmt":"2023-11-07T15:09:43","guid":{"rendered":"https:\/\/tlab.com.tr\/kvkk-copy\/"},"modified":"2024-02-08T15:58:27","modified_gmt":"2024-02-08T12:58:27","slug":"kalite-politikamiz","status":"publish","type":"page","link":"https:\/\/tlab.com.tr\/en\/quality-policy\/","title":{"rendered":"Our Quality Policy"},"content":{"rendered":"<div data-elementor-type=\"wp-page\" data-elementor-id=\"10652\" class=\"elementor elementor-10652\">\n\t\t\t\t\t\t<section class=\"elementor-section elementor-top-section elementor-element elementor-element-ee5ab0f elementor-section-gap-beside-no elementor-section-boxed elementor-section-height-default elementor-section-height-default elementor-section-content-align-center elementor-section-column-vertical-align-stretch\" data-id=\"ee5ab0f\" data-element_type=\"section\" data-e-type=\"section\">\n\t\t\t\t\t\t<div class=\"elementor-container elementor-column-gap-extended\">\n\t\t\t\t\t<div class=\"elementor-column elementor-col-100 elementor-top-column elementor-element elementor-element-f813455\" data-id=\"f813455\" data-element_type=\"column\" data-e-type=\"column\">\n\t\t\t<div class=\"elementor-widget-wrap elementor-element-populated\">\n\t\t\t\t\t\t<div class=\"elementor-element elementor-element-077aa12 elementor-widget elementor-widget-text-editor\" data-id=\"077aa12\" data-element_type=\"widget\" data-e-type=\"widget\" data-widget_type=\"text-editor.default\">\n\t\t\t\t<div class=\"elementor-widget-container\">\n\t\t\t\t\t\t\t\t\t<p class=\"MsoNormal\" align=\"center\" style=\"text-align:center;line-height:normal\"><b><span style=\"font-size:26.0pt;font-family:&quot;Tahoma&quot;,sans-serif;color:#002060\">Our Quality Policy<o:p><\/o:p><\/span><\/b><\/p><p class=\"MsoNormal\" style=\"text-align:justify;line-height:normal\"><i><span style=\"font-size:16.0pt;font-family:&quot;Tahoma&quot;,sans-serif;color:#002060\">Perform all stages of research and development processes from prototype to production for medical devices and cosmetic products used in the field of regenerative medicine,<o:p><\/o:p><\/span><\/i><\/p><p class=\"MsoNormal\" style=\"text-align:justify;line-height:normal\"><i><span style=\"font-size:16.0pt;font-family:&quot;Tahoma&quot;,sans-serif;color:#002060\">Conduct relevant market research, taking into account patient needs and customer demands,<o:p><\/o:p><\/span><\/i><\/p><p class=\"MsoNormal\" style=\"text-align:justify;line-height:normal\"><i><span style=\"font-size:16.0pt;font-family:&quot;Tahoma&quot;,sans-serif;color:#002060\">Closely monitor technology and scientific research,<o:p><\/o:p><\/span><\/i><\/p><p class=\"MsoNormal\" style=\"text-align:justify;line-height:normal\"><i><span style=\"font-size:16.0pt;font-family:&quot;Tahoma&quot;,sans-serif;color:#002060\">Develop marketing and sales strategies,<o:p><\/o:p><\/span><\/i><\/p><p class=\"MsoNormal\" style=\"text-align:justify;line-height:normal\"><i><span style=\"font-size:16.0pt;font-family:&quot;Tahoma&quot;,sans-serif;color:#002060\">Ensure compliance with legal and regulatory requirements according to targeted markets,<o:p><\/o:p><\/span><\/i><\/p><p class=\"MsoNormal\" style=\"text-align:justify;line-height:normal\"><i><span style=\"font-size:16.0pt;font-family:&quot;Tahoma&quot;,sans-serif;color:#002060\">Maximize patient benefit and customer satisfaction with devices and protocols focused on achieving safe, effective, and prompt results,<o:p><\/o:p><\/span><\/i><\/p><p class=\"MsoNormal\" style=\"text-align:justify;line-height:normal\"><i><span style=\"font-size:16.0pt;font-family:&quot;Tahoma&quot;,sans-serif;color:#002060\">Continuously improve production methods and quality management system,<o:p><\/o:p><\/span><\/i><\/p><p class=\"MsoNormal\" style=\"text-align:justify;line-height:normal\"><i><span style=\"font-size:16.0pt;font-family:&quot;Tahoma&quot;,sans-serif;color:#002060\">Prioritize ensuring the health and safety of our patients first, followed by our employees, then our customers, suppliers, and company partners.<o:p><\/o:p><\/span><\/i><\/p><p class=\"MsoNormal\" style=\"text-align:justify;line-height:normal\"><i><span style=\"font-size:16.0pt;font-family:&quot;Tahoma&quot;,sans-serif;color:#002060\">Prioritize environmental and ecological sustainability, showing respect for the environment and nature.<o:p><\/o:p><\/span><\/i><\/p><p class=\"MsoNormal\" style=\"text-align:justify;line-height:normal\"><i><span style=\"font-size:16.0pt;font-family:&quot;Tahoma&quot;,sans-serif;color:#002060\">Pledge to safeguard with this quality system.<\/span><\/i><span style=\"font-size:16.0pt;font-family:&quot;Tahoma&quot;,sans-serif;color:#002060\"><o:p><\/o:p><\/span><\/p><p class=\"MsoNormal\" style=\"text-align: center; line-height: normal;\" align=\"center\">\n\n\n\n\n\n\n\n\n\n\n\n\n\n\n\n\n\n\n\n\n\n<\/p><p class=\"MsoNormal\" align=\"right\" style=\"margin-bottom:0cm;text-align:right;line-height:normal\"><span style=\"font-size:16.0pt;font-family:&quot;Tahoma&quot;,sans-serif;color:#002060\">Chief Executive Officer (CEO)<br>\nTimur Veysel DO\u011eRUOK<o:p><\/o:p><\/span><\/p>\t\t\t\t\t\t\t\t<\/div>\n\t\t\t\t<\/div>\n\t\t\t\t\t<\/div>\n\t\t<\/div>\n\t\t\t\t\t<\/div>\n\t\t<\/section>\n\t\t\t\t<\/div>","protected":false},"excerpt":{"rendered":"<p>Kalite Politikam\u0131z Rejeneratif t\u0131p alan\u0131nda kullan\u0131lan t\u0131bbi cihazlar ve kozmetik \u00fcr\u00fcnlerin ara\u015ft\u0131rma ve geli\u015ftirme s\u00fcre\u00e7lerini, prototipten \u00fcretime kadar t\u00fcm a\u015famalar\u0131n\u0131 ger\u00e7ekle\u015ftirmeyi, \u0130lgili pazarlar\u0131 ara\u015ft\u0131rmay\u0131, hasta ihtiya\u00e7lar\u0131n\u0131 ve m\u00fc\u015fteri taleplerini g\u00f6z \u00f6n\u00fcnde bulundurmay\u0131, teknoloji ve bilimsel ara\u015ft\u0131rmalar\u0131 yak\u0131ndan takip etmeyi, pazarlama ve sat\u0131\u015f stratejilerini geli\u015ftirmeyi, Hedeflenen pazarlara g\u00f6re yasal ve d\u00fczenleyici \u015fartlar\u0131 yerine getirmeyi, G\u00fcvenli, etkili ve h\u0131zl\u0131 sonu\u00e7lar elde etmeye odakl\u0131 cihazlar ve protokoller ile hasta faydas\u0131n\u0131 ve m\u00fc\u015fteri memnuniyetini en \u00fcst d\u00fczeye \u00e7\u0131karmay\u0131, \u00dcretim y\u00f6ntemlerini ve kalite y\u00f6netim sistemini s\u00fcrekli olarak iyile\u015ftirmeyi, \u00d6ncelikle hastalar\u0131m\u0131z\u0131n, ard\u0131ndan \u00e7al\u0131\u015fanlar\u0131m\u0131z\u0131n, daha sonra m\u00fc\u015fterilerimizin, tedarik\u00e7ilerimizin ve \u015firket ortaklar\u0131m\u0131z\u0131n sa\u011fl\u0131k ve g\u00fcvenli\u011fini g\u00fcvence alt\u0131na almay\u0131, Do\u011fan\u0131n s\u00fcrd\u00fcr\u00fclebilirli\u011fi i\u00e7in \u00e7evreye ve do\u011faya sayg\u0131l\u0131 olmay\u0131, Bu kalite sistemi ile g\u00fcvence alt\u0131na almaya taahh\u00fct ederiz Genel M\u00fcd\u00fcr (CEO) Timur Veysel DO\u011eRUOK<\/p>","protected":false},"author":1,"featured_media":0,"parent":0,"menu_order":0,"comment_status":"closed","ping_status":"closed","template":"","meta":{"_monsterinsights_skip_tracking":false,"_monsterinsights_sitenote_active":false,"_monsterinsights_sitenote_note":"","_monsterinsights_sitenote_category":0,"_uf_show_specific_survey":0,"_uf_disable_surveys":false,"footnotes":""},"class_list":["post-10652","page","type-page","status-publish","hentry","post-no-thumbnail"],"_links":{"self":[{"href":"https:\/\/tlab.com.tr\/en\/wp-json\/wp\/v2\/pages\/10652","targetHints":{"allow":["GET"]}}],"collection":[{"href":"https:\/\/tlab.com.tr\/en\/wp-json\/wp\/v2\/pages"}],"about":[{"href":"https:\/\/tlab.com.tr\/en\/wp-json\/wp\/v2\/types\/page"}],"author":[{"embeddable":true,"href":"https:\/\/tlab.com.tr\/en\/wp-json\/wp\/v2\/users\/1"}],"replies":[{"embeddable":true,"href":"https:\/\/tlab.com.tr\/en\/wp-json\/wp\/v2\/comments?post=10652"}],"version-history":[{"count":11,"href":"https:\/\/tlab.com.tr\/en\/wp-json\/wp\/v2\/pages\/10652\/revisions"}],"predecessor-version":[{"id":11364,"href":"https:\/\/tlab.com.tr\/en\/wp-json\/wp\/v2\/pages\/10652\/revisions\/11364"}],"wp:attachment":[{"href":"https:\/\/tlab.com.tr\/en\/wp-json\/wp\/v2\/media?parent=10652"}],"curies":[{"name":"wp","href":"https:\/\/api.w.org\/{rel}","templated":true}]}}