{"id":12427,"date":"2025-02-10T09:01:23","date_gmt":"2025-02-10T06:01:23","guid":{"rendered":"https:\/\/tlab.com.tr\/?page_id=12427"},"modified":"2025-03-24T15:45:21","modified_gmt":"2025-03-24T12:45:21","slug":"t-lab-prx-tube","status":"publish","type":"page","link":"https:\/\/tlab.com.tr\/en\/t-lab-prx-tube\/","title":{"rendered":"T-LAB PRX Tube"},"content":{"rendered":"<div data-elementor-type=\"wp-page\" data-elementor-id=\"12427\" class=\"elementor elementor-12427\">\n\t\t\t\t\t\t<section class=\"elementor-section elementor-top-section elementor-element elementor-element-78b322b elementor-section-boxed elementor-section-gap-beside-yes elementor-section-height-default elementor-section-height-default elementor-section-column-vertical-align-stretch\" data-id=\"78b322b\" data-element_type=\"section\" data-e-type=\"section\">\n\t\t\t\t\t\t<div class=\"elementor-container elementor-column-gap-extended\">\n\t\t\t\t\t<div class=\"elementor-column elementor-col-50 elementor-top-column elementor-element elementor-element-4a87689\" data-id=\"4a87689\" data-element_type=\"column\" data-e-type=\"column\">\n\t\t\t<div class=\"elementor-widget-wrap elementor-element-populated\">\n\t\t\t\t\t\t<div class=\"elementor-element elementor-element-30d217a elementor-widget elementor-widget-spacer\" data-id=\"30d217a\" data-element_type=\"widget\" data-e-type=\"widget\" data-widget_type=\"spacer.default\">\n\t\t\t\t<div class=\"elementor-widget-container\">\n\t\t\t\t\t\t\t<div class=\"elementor-spacer\">\n\t\t\t<div class=\"elementor-spacer-inner\"><\/div>\n\t\t<\/div>\n\t\t\t\t\t\t<\/div>\n\t\t\t\t<\/div>\n\t\t\t\t<div class=\"elementor-element elementor-element-25830a6 elementor-widget elementor-widget-heading\" data-id=\"25830a6\" data-element_type=\"widget\" data-e-type=\"widget\" data-widget_type=\"heading.default\">\n\t\t\t\t<div class=\"elementor-widget-container\">\n\t\t\t\t\t<h1 class=\"elementor-heading-title elementor-size-default\">T-LAB PRX Tube<\/h1>\t\t\t\t<\/div>\n\t\t\t\t<\/div>\n\t\t\t\t<div class=\"elementor-element elementor-element-7f21ab8 elementor-widget elementor-widget-spacer\" data-id=\"7f21ab8\" data-element_type=\"widget\" data-e-type=\"widget\" data-widget_type=\"spacer.default\">\n\t\t\t\t<div class=\"elementor-widget-container\">\n\t\t\t\t\t\t\t<div class=\"elementor-spacer\">\n\t\t\t<div class=\"elementor-spacer-inner\"><\/div>\n\t\t<\/div>\n\t\t\t\t\t\t<\/div>\n\t\t\t\t<\/div>\n\t\t\t\t<div class=\"elementor-element elementor-element-a87b4d6 elementor-widget elementor-widget-text-editor\" data-id=\"a87b4d6\" data-element_type=\"widget\" data-e-type=\"widget\" data-widget_type=\"text-editor.default\">\n\t\t\t\t<div class=\"elementor-widget-container\">\n\t\t\t\t\t\t\t\t\t<p>With the T-LAB PRX Tube, injectable PRF is possible without using any chemical activator. PRX tube offers excellent smoothness with its inner wall structure micro polishing technology. Its smooth structure prevents platelet aggregation and allows you to obtain I-PRF without using any anticoagulants. Moreover, it is ready to be injected in up to 30 minutes and separated in just 3 minutes with a 500 G (2000 RPM) single centrifuge. It reaches the volume of 3-4 ml PRP. In addition, it offers you an innovative protocol for clean A-PRF.<\/p>\t\t\t\t\t\t\t\t<\/div>\n\t\t\t\t<\/div>\n\t\t\t\t<div class=\"elementor-element elementor-element-96aea75 elementor-widget elementor-widget-spacer\" data-id=\"96aea75\" data-element_type=\"widget\" data-e-type=\"widget\" data-widget_type=\"spacer.default\">\n\t\t\t\t<div class=\"elementor-widget-container\">\n\t\t\t\t\t\t\t<div class=\"elementor-spacer\">\n\t\t\t<div class=\"elementor-spacer-inner\"><\/div>\n\t\t<\/div>\n\t\t\t\t\t\t<\/div>\n\t\t\t\t<\/div>\n\t\t\t\t<div class=\"elementor-element elementor-element-22c3b12 elementor-widget elementor-widget-heading\" data-id=\"22c3b12\" data-element_type=\"widget\" data-e-type=\"widget\" data-widget_type=\"heading.default\">\n\t\t\t\t<div class=\"elementor-widget-container\">\n\t\t\t\t\t<h2 class=\"elementor-heading-title elementor-size-default\">PRX = PRP + PRF<\/h2>\t\t\t\t<\/div>\n\t\t\t\t<\/div>\n\t\t\t\t<div class=\"elementor-element elementor-element-29f57eb elementor-widget elementor-widget-spacer\" data-id=\"29f57eb\" data-element_type=\"widget\" data-e-type=\"widget\" data-widget_type=\"spacer.default\">\n\t\t\t\t<div class=\"elementor-widget-container\">\n\t\t\t\t\t\t\t<div class=\"elementor-spacer\">\n\t\t\t<div class=\"elementor-spacer-inner\"><\/div>\n\t\t<\/div>\n\t\t\t\t\t\t<\/div>\n\t\t\t\t<\/div>\n\t\t\t\t<div class=\"elementor-element elementor-element-da0a4c7 elementor-widget elementor-widget-text-editor\" data-id=\"da0a4c7\" data-element_type=\"widget\" data-e-type=\"widget\" data-widget_type=\"text-editor.default\">\n\t\t\t\t<div class=\"elementor-widget-container\">\n\t\t\t\t\t\t\t\t\t<p>While obtaining PRF with T-LAB Clean A-PRF method, mixing with the RBC layer and the need for cutting is eliminated. With 2 PRX tubes and twice centrifugation, it is very easy to obtain clean fibrin tissue in just 16 minutes.<\/p>\t\t\t\t\t\t\t\t<\/div>\n\t\t\t\t<\/div>\n\t\t\t\t\t<\/div>\n\t\t<\/div>\n\t\t\t\t<div class=\"elementor-column elementor-col-50 elementor-top-column elementor-element elementor-element-8313fcf\" data-id=\"8313fcf\" data-element_type=\"column\" data-e-type=\"column\">\n\t\t\t<div class=\"elementor-widget-wrap elementor-element-populated\">\n\t\t\t\t\t\t<div class=\"elementor-element elementor-element-9c0418d elementor-widget elementor-widget-image\" data-id=\"9c0418d\" data-element_type=\"widget\" data-e-type=\"widget\" data-widget_type=\"image.default\">\n\t\t\t\t<div class=\"elementor-widget-container\">\n\t\t\t\t\t\t\t\t\t\t\t\t\t\t\t<img fetchpriority=\"high\" decoding=\"async\" width=\"640\" height=\"601\" src=\"https:\/\/tlab.com.tr\/wp-content\/uploads\/2023\/07\/prx-tupler-ve-kutusu.png\" class=\"attachment-large size-large wp-image-7753\" alt=\"\" srcset=\"https:\/\/tlab.com.tr\/wp-content\/uploads\/2023\/07\/prx-tupler-ve-kutusu.png 959w, https:\/\/tlab.com.tr\/wp-content\/uploads\/2023\/07\/prx-tupler-ve-kutusu-300x282.png 300w, https:\/\/tlab.com.tr\/wp-content\/uploads\/2023\/07\/prx-tupler-ve-kutusu-768x721.png 768w\" sizes=\"(max-width: 640px) 100vw, 640px\" \/>\t\t\t\t\t\t\t\t\t\t\t\t\t\t\t<\/div>\n\t\t\t\t<\/div>\n\t\t\t\t\t<\/div>\n\t\t<\/div>\n\t\t\t\t\t<\/div>\n\t\t<\/section>\n\t\t\t\t<section class=\"elementor-section elementor-top-section elementor-element elementor-element-4a6e125 elementor-section-stretched elementor-section-boxed elementor-section-gap-beside-yes elementor-section-height-default elementor-section-height-default elementor-section-content-align-center elementor-section-column-vertical-align-stretch\" data-id=\"4a6e125\" data-element_type=\"section\" data-e-type=\"section\" data-settings=\"{&quot;stretch_section&quot;:&quot;section-stretched&quot;}\">\n\t\t\t\t\t\t\t<div class=\"elementor-background-overlay\"><\/div>\n\t\t\t\t\t\t\t<div class=\"elementor-container elementor-column-gap-extended\">\n\t\t\t\t\t<div class=\"elementor-column elementor-col-100 elementor-top-column elementor-element elementor-element-9fdbd59\" data-id=\"9fdbd59\" data-element_type=\"column\" data-e-type=\"column\">\n\t\t\t<div class=\"elementor-widget-wrap elementor-element-populated\">\n\t\t\t\t\t\t<div class=\"elementor-element elementor-element-6649c95 elementor-widget elementor-widget-heading\" data-id=\"6649c95\" data-element_type=\"widget\" data-e-type=\"widget\" data-widget_type=\"heading.default\">\n\t\t\t\t<div class=\"elementor-widget-container\">\n\t\t\t\t\t<h2 class=\"elementor-heading-title elementor-size-default\">PERFECT AND SMOOTH INTERIOR SURFACE<\/h2>\t\t\t\t<\/div>\n\t\t\t\t<\/div>\n\t\t\t\t<div class=\"elementor-element elementor-element-fa2f127 elementor-widget elementor-widget-spacer\" data-id=\"fa2f127\" data-element_type=\"widget\" data-e-type=\"widget\" data-widget_type=\"spacer.default\">\n\t\t\t\t<div class=\"elementor-widget-container\">\n\t\t\t\t\t\t\t<div class=\"elementor-spacer\">\n\t\t\t<div class=\"elementor-spacer-inner\"><\/div>\n\t\t<\/div>\n\t\t\t\t\t\t<\/div>\n\t\t\t\t<\/div>\n\t\t\t\t<div class=\"elementor-element elementor-element-e92bb37 elementor-widget elementor-widget-text-editor\" data-id=\"e92bb37\" data-element_type=\"widget\" data-e-type=\"widget\" data-widget_type=\"text-editor.default\">\n\t\t\t\t<div class=\"elementor-widget-container\">\n\t\t\t\t\t\t\t\t\t<p class=\"translation-block\">It prevents platelet aggregation thanks to its perfectly smooth tube inner surface with micro-polishing technology, without anticoagulant.<br>It provides to obtain PRP and I-PRF.<\/p>\t\t\t\t\t\t\t\t<\/div>\n\t\t\t\t<\/div>\n\t\t\t\t\t<\/div>\n\t\t<\/div>\n\t\t\t\t\t<\/div>\n\t\t<\/section>\n\t\t\t\t<section class=\"elementor-section elementor-top-section elementor-element elementor-element-a708c20 elementor-section-boxed elementor-section-gap-beside-yes elementor-section-height-default elementor-section-height-default elementor-section-column-vertical-align-stretch\" data-id=\"a708c20\" data-element_type=\"section\" data-e-type=\"section\">\n\t\t\t\t\t\t<div class=\"elementor-container elementor-column-gap-extended\">\n\t\t\t\t\t<div class=\"elementor-column elementor-col-50 elementor-top-column elementor-element elementor-element-5c27cb4\" data-id=\"5c27cb4\" data-element_type=\"column\" data-e-type=\"column\">\n\t\t\t<div class=\"elementor-widget-wrap elementor-element-populated\">\n\t\t\t\t\t\t<div class=\"elementor-element elementor-element-1c17a82 elementor-widget elementor-widget-spacer\" data-id=\"1c17a82\" data-element_type=\"widget\" data-e-type=\"widget\" data-widget_type=\"spacer.default\">\n\t\t\t\t<div class=\"elementor-widget-container\">\n\t\t\t\t\t\t\t<div class=\"elementor-spacer\">\n\t\t\t<div class=\"elementor-spacer-inner\"><\/div>\n\t\t<\/div>\n\t\t\t\t\t\t<\/div>\n\t\t\t\t<\/div>\n\t\t\t\t<div class=\"elementor-element elementor-element-4648312 elementor-widget elementor-widget-heading\" data-id=\"4648312\" data-element_type=\"widget\" data-e-type=\"widget\" data-widget_type=\"heading.default\">\n\t\t\t\t<div class=\"elementor-widget-container\">\n\t\t\t\t\t<h2 class=\"elementor-heading-title elementor-size-default\">GETTING I-PRF HAS NEVER BEEN SO EASY!<\/h2>\t\t\t\t<\/div>\n\t\t\t\t<\/div>\n\t\t\t\t<div class=\"elementor-element elementor-element-c3a956b elementor-widget elementor-widget-spacer\" data-id=\"c3a956b\" data-element_type=\"widget\" data-e-type=\"widget\" data-widget_type=\"spacer.default\">\n\t\t\t\t<div class=\"elementor-widget-container\">\n\t\t\t\t\t\t\t<div class=\"elementor-spacer\">\n\t\t\t<div class=\"elementor-spacer-inner\"><\/div>\n\t\t<\/div>\n\t\t\t\t\t\t<\/div>\n\t\t\t\t<\/div>\n\t\t\t\t<div class=\"elementor-element elementor-element-9ec1026 elementor-widget elementor-widget-text-editor\" data-id=\"9ec1026\" data-element_type=\"widget\" data-e-type=\"widget\" data-widget_type=\"text-editor.default\">\n\t\t\t\t<div class=\"elementor-widget-container\">\n\t\t\t\t\t\t\t\t\t<p>It separates in just 2 minutes with 500G (2000RPM) single centrifuge. It stays injectable for 30 minutes. It reaches the volume of 3-4ml PRP.<\/p>\t\t\t\t\t\t\t\t<\/div>\n\t\t\t\t<\/div>\n\t\t\t\t\t<\/div>\n\t\t<\/div>\n\t\t\t\t<div class=\"elementor-column elementor-col-50 elementor-top-column elementor-element elementor-element-30ff6e3\" data-id=\"30ff6e3\" data-element_type=\"column\" data-e-type=\"column\">\n\t\t\t<div class=\"elementor-widget-wrap elementor-element-populated\">\n\t\t\t\t\t\t<div class=\"elementor-element elementor-element-e7554db elementor-widget elementor-widget-image\" data-id=\"e7554db\" data-element_type=\"widget\" data-e-type=\"widget\" data-widget_type=\"image.default\">\n\t\t\t\t<div class=\"elementor-widget-container\">\n\t\t\t\t\t\t\t\t\t\t\t\t\t\t\t<img decoding=\"async\" width=\"102\" height=\"600\" src=\"https:\/\/tlab.com.tr\/wp-content\/uploads\/2023\/07\/tupte-prp-var-1-102x600-1.jpg\" class=\"attachment-large size-large wp-image-7761\" alt=\"\" srcset=\"https:\/\/tlab.com.tr\/wp-content\/uploads\/2023\/07\/tupte-prp-var-1-102x600-1.jpg 102w, https:\/\/tlab.com.tr\/wp-content\/uploads\/2023\/07\/tupte-prp-var-1-102x600-1-51x300.jpg 51w\" sizes=\"(max-width: 102px) 100vw, 102px\" \/>\t\t\t\t\t\t\t\t\t\t\t\t\t\t\t<\/div>\n\t\t\t\t<\/div>\n\t\t\t\t\t<\/div>\n\t\t<\/div>\n\t\t\t\t\t<\/div>\n\t\t<\/section>\n\t\t\t\t<section class=\"elementor-section elementor-top-section elementor-element elementor-element-13e63f0 elementor-section-stretched elementor-section-boxed elementor-section-gap-beside-yes elementor-section-height-default elementor-section-height-default elementor-section-column-vertical-align-stretch\" data-id=\"13e63f0\" data-element_type=\"section\" data-e-type=\"section\" data-settings=\"{&quot;stretch_section&quot;:&quot;section-stretched&quot;}\">\n\t\t\t\t\t\t\t<div class=\"elementor-background-overlay\"><\/div>\n\t\t\t\t\t\t\t<div class=\"elementor-container elementor-column-gap-extended\">\n\t\t\t\t\t<div class=\"elementor-column elementor-col-100 elementor-top-column elementor-element elementor-element-1064070\" data-id=\"1064070\" data-element_type=\"column\" data-e-type=\"column\">\n\t\t\t<div class=\"elementor-widget-wrap elementor-element-populated\">\n\t\t\t\t\t\t<div class=\"elementor-element elementor-element-f80f59f elementor-widget elementor-widget-heading\" data-id=\"f80f59f\" data-element_type=\"widget\" data-e-type=\"widget\" data-widget_type=\"heading.default\">\n\t\t\t\t<div class=\"elementor-widget-container\">\n\t\t\t\t\t<h2 class=\"elementor-heading-title elementor-size-default\">MEET PURE A-PRF<\/h2>\t\t\t\t<\/div>\n\t\t\t\t<\/div>\n\t\t\t\t<div class=\"elementor-element elementor-element-8f10cac elementor-widget elementor-widget-spacer\" data-id=\"8f10cac\" data-element_type=\"widget\" data-e-type=\"widget\" data-widget_type=\"spacer.default\">\n\t\t\t\t<div class=\"elementor-widget-container\">\n\t\t\t\t\t\t\t<div class=\"elementor-spacer\">\n\t\t\t<div class=\"elementor-spacer-inner\"><\/div>\n\t\t<\/div>\n\t\t\t\t\t\t<\/div>\n\t\t\t\t<\/div>\n\t\t\t\t<div class=\"elementor-element elementor-element-28f494b elementor-widget elementor-widget-text-editor\" data-id=\"28f494b\" data-element_type=\"widget\" data-e-type=\"widget\" data-widget_type=\"text-editor.default\">\n\t\t\t\t<div class=\"elementor-widget-container\">\n\t\t\t\t\t\t\t\t\t<p>While obtaining PRF with the T-LAB Clean A-PRF method, mixing with the RBC layer and the need for cutting is eliminated. It is very easy to obtain clean fibrin tissue in just 16 minutes with 2 PRX tubes and twice centrifugation.<\/p>\t\t\t\t\t\t\t\t<\/div>\n\t\t\t\t<\/div>\n\t\t\t\t\t<\/div>\n\t\t<\/div>\n\t\t\t\t\t<\/div>\n\t\t<\/section>\n\t\t\t\t<section class=\"elementor-section elementor-top-section elementor-element elementor-element-b19a8d1 elementor-section-boxed elementor-section-gap-beside-yes elementor-section-height-default elementor-section-height-default elementor-section-column-vertical-align-stretch\" data-id=\"b19a8d1\" data-element_type=\"section\" data-e-type=\"section\">\n\t\t\t\t\t\t<div class=\"elementor-container elementor-column-gap-extended\">\n\t\t\t\t\t<div class=\"elementor-column elementor-col-33 elementor-top-column elementor-element elementor-element-0587261\" data-id=\"0587261\" data-element_type=\"column\" data-e-type=\"column\">\n\t\t\t<div class=\"elementor-widget-wrap elementor-element-populated\">\n\t\t\t\t\t\t<div class=\"elementor-element elementor-element-88e3571 elementor-widget elementor-widget-image\" data-id=\"88e3571\" data-element_type=\"widget\" data-e-type=\"widget\" data-widget_type=\"image.default\">\n\t\t\t\t<div class=\"elementor-widget-container\">\n\t\t\t\t\t\t\t\t\t\t\t\t\t\t\t<img decoding=\"async\" width=\"640\" height=\"576\" src=\"https:\/\/tlab.com.tr\/wp-content\/uploads\/2023\/07\/ilk-santrifuj-asamasi-1024x921-1.jpg\" class=\"attachment-large size-large wp-image-7768\" alt=\"\" srcset=\"https:\/\/tlab.com.tr\/wp-content\/uploads\/2023\/07\/ilk-santrifuj-asamasi-1024x921-1.jpg 1024w, https:\/\/tlab.com.tr\/wp-content\/uploads\/2023\/07\/ilk-santrifuj-asamasi-1024x921-1-300x270.jpg 300w, https:\/\/tlab.com.tr\/wp-content\/uploads\/2023\/07\/ilk-santrifuj-asamasi-1024x921-1-768x691.jpg 768w\" sizes=\"(max-width: 640px) 100vw, 640px\" \/>\t\t\t\t\t\t\t\t\t\t\t\t\t\t\t<\/div>\n\t\t\t\t<\/div>\n\t\t\t\t\t<\/div>\n\t\t<\/div>\n\t\t\t\t<div class=\"elementor-column elementor-col-33 elementor-top-column elementor-element elementor-element-244a850\" data-id=\"244a850\" data-element_type=\"column\" data-e-type=\"column\">\n\t\t\t<div class=\"elementor-widget-wrap elementor-element-populated\">\n\t\t\t\t\t\t<div class=\"elementor-element elementor-element-1811f58 elementor-widget elementor-widget-image\" data-id=\"1811f58\" data-element_type=\"widget\" data-e-type=\"widget\" data-widget_type=\"image.default\">\n\t\t\t\t<div class=\"elementor-widget-container\">\n\t\t\t\t\t\t\t\t\t\t\t\t\t\t\t<img loading=\"lazy\" decoding=\"async\" width=\"640\" height=\"576\" src=\"https:\/\/tlab.com.tr\/wp-content\/uploads\/2023\/07\/plazmanin-aktarilmasi-3-1024x921-1.jpg\" class=\"attachment-large size-large wp-image-7767\" alt=\"\" srcset=\"https:\/\/tlab.com.tr\/wp-content\/uploads\/2023\/07\/plazmanin-aktarilmasi-3-1024x921-1.jpg 1024w, https:\/\/tlab.com.tr\/wp-content\/uploads\/2023\/07\/plazmanin-aktarilmasi-3-1024x921-1-300x270.jpg 300w, https:\/\/tlab.com.tr\/wp-content\/uploads\/2023\/07\/plazmanin-aktarilmasi-3-1024x921-1-768x691.jpg 768w\" sizes=\"(max-width: 640px) 100vw, 640px\" \/>\t\t\t\t\t\t\t\t\t\t\t\t\t\t\t<\/div>\n\t\t\t\t<\/div>\n\t\t\t\t\t<\/div>\n\t\t<\/div>\n\t\t\t\t<div class=\"elementor-column elementor-col-33 elementor-top-column elementor-element elementor-element-bb21873\" data-id=\"bb21873\" data-element_type=\"column\" data-e-type=\"column\">\n\t\t\t<div class=\"elementor-widget-wrap elementor-element-populated\">\n\t\t\t\t\t\t<div class=\"elementor-element elementor-element-76fcfc9 elementor-widget elementor-widget-image\" data-id=\"76fcfc9\" data-element_type=\"widget\" data-e-type=\"widget\" data-widget_type=\"image.default\">\n\t\t\t\t<div class=\"elementor-widget-container\">\n\t\t\t\t\t\t\t\t\t\t\t\t\t\t\t<img loading=\"lazy\" decoding=\"async\" width=\"640\" height=\"576\" src=\"https:\/\/tlab.com.tr\/wp-content\/uploads\/2023\/07\/ikinci-santrifuj-asamasi-1024x921-1.jpg\" class=\"attachment-large size-large wp-image-7766\" alt=\"\" srcset=\"https:\/\/tlab.com.tr\/wp-content\/uploads\/2023\/07\/ikinci-santrifuj-asamasi-1024x921-1.jpg 1024w, https:\/\/tlab.com.tr\/wp-content\/uploads\/2023\/07\/ikinci-santrifuj-asamasi-1024x921-1-300x270.jpg 300w, https:\/\/tlab.com.tr\/wp-content\/uploads\/2023\/07\/ikinci-santrifuj-asamasi-1024x921-1-768x691.jpg 768w\" sizes=\"(max-width: 640px) 100vw, 640px\" \/>\t\t\t\t\t\t\t\t\t\t\t\t\t\t\t<\/div>\n\t\t\t\t<\/div>\n\t\t\t\t\t<\/div>\n\t\t<\/div>\n\t\t\t\t\t<\/div>\n\t\t<\/section>\n\t\t\t\t<section class=\"elementor-section elementor-top-section elementor-element elementor-element-b0103b3 elementor-section-boxed elementor-section-gap-beside-yes elementor-section-height-default elementor-section-height-default elementor-section-column-vertical-align-stretch\" data-id=\"b0103b3\" data-element_type=\"section\" data-e-type=\"section\">\n\t\t\t\t\t\t<div class=\"elementor-container elementor-column-gap-extended\">\n\t\t\t\t\t<div class=\"elementor-column elementor-col-33 elementor-top-column elementor-element elementor-element-5f16e13\" data-id=\"5f16e13\" data-element_type=\"column\" data-e-type=\"column\">\n\t\t\t<div class=\"elementor-widget-wrap elementor-element-populated\">\n\t\t\t\t\t\t<div class=\"elementor-element elementor-element-50f4c82 elementor-widget elementor-widget-heading\" data-id=\"50f4c82\" data-element_type=\"widget\" data-e-type=\"widget\" data-widget_type=\"heading.default\">\n\t\t\t\t<div class=\"elementor-widget-container\">\n\t\t\t\t\t<h2 class=\"elementor-heading-title elementor-size-default\">FIRST CENTRIFUGAL STAGE<\/h2>\t\t\t\t<\/div>\n\t\t\t\t<\/div>\n\t\t\t\t<div class=\"elementor-element elementor-element-d9fb97f elementor-widget elementor-widget-text-editor\" data-id=\"d9fb97f\" data-element_type=\"widget\" data-e-type=\"widget\" data-widget_type=\"text-editor.default\">\n\t\t\t\t<div class=\"elementor-widget-container\">\n\t\t\t\t\t\t\t\t\t<p>700G (2,400 RPM) x 3 Minutes<\/p>\t\t\t\t\t\t\t\t<\/div>\n\t\t\t\t<\/div>\n\t\t\t\t\t<\/div>\n\t\t<\/div>\n\t\t\t\t<div class=\"elementor-column elementor-col-33 elementor-top-column elementor-element elementor-element-91e2d0f\" data-id=\"91e2d0f\" data-element_type=\"column\" data-e-type=\"column\">\n\t\t\t<div class=\"elementor-widget-wrap elementor-element-populated\">\n\t\t\t\t\t\t<div class=\"elementor-element elementor-element-defcecb elementor-widget elementor-widget-heading\" data-id=\"defcecb\" data-element_type=\"widget\" data-e-type=\"widget\" data-widget_type=\"heading.default\">\n\t\t\t\t<div class=\"elementor-widget-container\">\n\t\t\t\t\t<h2 class=\"elementor-heading-title elementor-size-default\">TRANSFERRING THE PLASMA<\/h2>\t\t\t\t<\/div>\n\t\t\t\t<\/div>\n\t\t\t\t<div class=\"elementor-element elementor-element-4fb9126 elementor-widget elementor-widget-text-editor\" data-id=\"4fb9126\" data-element_type=\"widget\" data-e-type=\"widget\" data-widget_type=\"text-editor.default\">\n\t\t\t\t<div class=\"elementor-widget-container\">\n\t\t\t\t\t\t\t\t\t<p>We Transfer All Plasma To The Second Tube.<\/p>\t\t\t\t\t\t\t\t<\/div>\n\t\t\t\t<\/div>\n\t\t\t\t\t<\/div>\n\t\t<\/div>\n\t\t\t\t<div class=\"elementor-column elementor-col-33 elementor-top-column elementor-element elementor-element-0523ccc\" data-id=\"0523ccc\" data-element_type=\"column\" data-e-type=\"column\">\n\t\t\t<div class=\"elementor-widget-wrap elementor-element-populated\">\n\t\t\t\t\t\t<div class=\"elementor-element elementor-element-bb0cf72 elementor-widget elementor-widget-heading\" data-id=\"bb0cf72\" data-element_type=\"widget\" data-e-type=\"widget\" data-widget_type=\"heading.default\">\n\t\t\t\t<div class=\"elementor-widget-container\">\n\t\t\t\t\t<h2 class=\"elementor-heading-title elementor-size-default\">SECOND CENTRIFUGAL STAGE<\/h2>\t\t\t\t<\/div>\n\t\t\t\t<\/div>\n\t\t\t\t<div class=\"elementor-element elementor-element-b771567 elementor-widget elementor-widget-text-editor\" data-id=\"b771567\" data-element_type=\"widget\" data-e-type=\"widget\" data-widget_type=\"text-editor.default\">\n\t\t\t\t<div class=\"elementor-widget-container\">\n\t\t\t\t\t\t\t\t\t<p>290G (1,500RPM) x 14 Minutes<\/p>\t\t\t\t\t\t\t\t<\/div>\n\t\t\t\t<\/div>\n\t\t\t\t\t<\/div>\n\t\t<\/div>\n\t\t\t\t\t<\/div>\n\t\t<\/section>\n\t\t\t\t<\/div>","protected":false},"excerpt":{"rendered":"<p>T-LAB PRX Tube T-LAB PRX T\u00fcp ile herhangi bir kimyasal aktivat\u00f6r kullanmadan enjekte edilebilir PRF m\u00fcmk\u00fcnd\u00fcr. PRX t\u00fcp, i\u00e7 duvar yap\u0131s\u0131 mikro parlatma teknolojisi ile m\u00fckemmel p\u00fcr\u00fczs\u00fczl\u00fck sunar. P\u00fcr\u00fczs\u00fcz yap\u0131s\u0131 trombosit agregasyonunu \u00f6nler ve herhangi bir antikoag\u00fclan kullanmadan I-PRF elde etmenizi sa\u011flar. \u00dcstelik 30 dakikaya kadar enjekte edilmeye haz\u0131rd\u0131r ve 500 G (2000 RPM) tek santrif\u00fcj ile sadece 3 dakikada ayr\u0131\u015ft\u0131r\u0131l\u0131r. 3-4 ml PRP hacmine ula\u015f\u0131r. Ayr\u0131ca temiz A-PRF i\u00e7in size yenilik\u00e7i bir protokol sunar. PRX = PRP + PRF T-LAB Clean A-PRF y\u00f6ntemi ile PRF elde edilirken RBC tabakas\u0131 ile kar\u0131\u015ft\u0131rma ve kesme ihtiyac\u0131 ortadan kald\u0131r\u0131l\u0131r. 2 PRX t\u00fcp\u00fc ve iki kez santrif\u00fcjleme ile sadece 16 dakikada temiz fibrin dokusu elde etmek \u00e7ok kolayd\u0131r. M\u00dcKEMMEL VE P\u00dcR\u00dcZS\u00dcZ \u0130\u00c7 Y\u00dcZEY Antikoag\u00fclan i\u00e7ermeyen, mikro-parlatma teknolojisine sahip m\u00fckemmel p\u00fcr\u00fczs\u00fcz t\u00fcp i\u00e7 y\u00fczeyi sayesinde trombosit agregasyonunu \u00f6nler.PRP ve I-PRF elde edilmesini sa\u011flar. I-PRF ALMAK HI\u0307\u00c7 BU KADAR KOLAY OLMAMI\u015eTI! 500G (2000RPM) tek santrif\u00fcj ile sadece 2 dakika i\u00e7inde ayr\u0131l\u0131r. 30 dakika boyunca enjekte edilebilir kal\u0131r. 3-4ml PRP hacmine ula\u015f\u0131r. SAF A-PRF I\u0307LE TANI\u015eIN T-LAB Clean A-PRF y\u00f6ntemi ile PRF elde edilirken RBC tabakas\u0131 ile kar\u0131\u015fma ve kesme ihtiyac\u0131 ortadan kalkar. Sadece 16 dakikada 2 PRX t\u00fcp\u00fc ve iki kez santrif\u00fcj ile temiz fibrin dokusu elde etmek \u00e7ok kolayd\u0131r. B\u0130R\u0130NC\u0130 SANTRIF\u00dcJ A\u015eAMASI 700G (2.400 RPM) x 3 Dakika PLAZMANIN AKTARILMASI T\u00fcm plazmay\u0131 ikinci t\u00fcpe aktar\u0131yoruz. \u0130K\u0130NC\u0130 SANTRIF\u00dcJ A\u015eAMASI 290G (1.500RPM) x 14 Dakika<\/p>","protected":false},"author":4,"featured_media":0,"parent":0,"menu_order":0,"comment_status":"closed","ping_status":"closed","template":"","meta":{"_monsterinsights_skip_tracking":false,"_monsterinsights_sitenote_active":false,"_monsterinsights_sitenote_note":"","_monsterinsights_sitenote_category":0,"_uf_show_specific_survey":0,"_uf_disable_surveys":false,"footnotes":""},"class_list":["post-12427","page","type-page","status-publish","hentry","post-no-thumbnail"],"_links":{"self":[{"href":"https:\/\/tlab.com.tr\/en\/wp-json\/wp\/v2\/pages\/12427","targetHints":{"allow":["GET"]}}],"collection":[{"href":"https:\/\/tlab.com.tr\/en\/wp-json\/wp\/v2\/pages"}],"about":[{"href":"https:\/\/tlab.com.tr\/en\/wp-json\/wp\/v2\/types\/page"}],"author":[{"embeddable":true,"href":"https:\/\/tlab.com.tr\/en\/wp-json\/wp\/v2\/users\/4"}],"replies":[{"embeddable":true,"href":"https:\/\/tlab.com.tr\/en\/wp-json\/wp\/v2\/comments?post=12427"}],"version-history":[{"count":16,"href":"https:\/\/tlab.com.tr\/en\/wp-json\/wp\/v2\/pages\/12427\/revisions"}],"predecessor-version":[{"id":12535,"href":"https:\/\/tlab.com.tr\/en\/wp-json\/wp\/v2\/pages\/12427\/revisions\/12535"}],"wp:attachment":[{"href":"https:\/\/tlab.com.tr\/en\/wp-json\/wp\/v2\/media?parent=12427"}],"curies":[{"name":"wp","href":"https:\/\/api.w.org\/{rel}","templated":true}]}}