{"id":12568,"date":"2025-04-22T09:52:36","date_gmt":"2025-04-22T06:52:36","guid":{"rendered":"https:\/\/tlab.com.tr\/?page_id=12568"},"modified":"2025-05-05T12:00:02","modified_gmt":"2025-05-05T09:00:02","slug":"e-katalog","status":"publish","type":"page","link":"https:\/\/tlab.com.tr\/en\/e-katalog\/","title":{"rendered":"E-Catalog"},"content":{"rendered":"<div data-elementor-type=\"wp-page\" data-elementor-id=\"12568\" class=\"elementor elementor-12568\">\n\t\t\t\t\t\t<section class=\"elementor-section elementor-top-section elementor-element elementor-element-32fb7f0 elementor-section-boxed elementor-section-gap-beside-yes elementor-section-height-default elementor-section-height-default elementor-section-column-vertical-align-stretch\" data-id=\"32fb7f0\" data-element_type=\"section\" data-e-type=\"section\">\n\t\t\t\t\t\t<div class=\"elementor-container elementor-column-gap-extended\">\n\t\t\t\t\t<div class=\"elementor-column elementor-col-100 elementor-top-column elementor-element elementor-element-2664823\" data-id=\"2664823\" data-element_type=\"column\" data-e-type=\"column\">\n\t\t\t<div class=\"elementor-widget-wrap elementor-element-populated\">\n\t\t\t\t\t\t<div class=\"elementor-element elementor-element-9abbc63 elementor-widget elementor-widget-image\" data-id=\"9abbc63\" data-element_type=\"widget\" data-e-type=\"widget\" data-widget_type=\"image.default\">\n\t\t\t\t<div class=\"elementor-widget-container\">\n\t\t\t\t\t\t\t\t\t\t\t\t\t\t\t<img fetchpriority=\"high\" decoding=\"async\" width=\"1420\" height=\"300\" src=\"https:\/\/tlab.com.tr\/wp-content\/uploads\/2025\/04\/web_site_EKatalog-Banner-EN.png\" class=\"attachment-1536x1536 size-1536x1536 wp-image-12585\" alt=\"web_site_EKatalog-Banner-EN\" srcset=\"https:\/\/tlab.com.tr\/wp-content\/uploads\/2025\/04\/web_site_EKatalog-Banner-EN.png 1420w, https:\/\/tlab.com.tr\/wp-content\/uploads\/2025\/04\/web_site_EKatalog-Banner-EN-300x63.png 300w, https:\/\/tlab.com.tr\/wp-content\/uploads\/2025\/04\/web_site_EKatalog-Banner-EN-1024x216.png 1024w, https:\/\/tlab.com.tr\/wp-content\/uploads\/2025\/04\/web_site_EKatalog-Banner-EN-768x162.png 768w, https:\/\/tlab.com.tr\/wp-content\/uploads\/2025\/04\/web_site_EKatalog-Banner-EN-18x4.png 18w\" sizes=\"(max-width: 1420px) 100vw, 1420px\" \/>\t\t\t\t\t\t\t\t\t\t\t\t\t\t\t<\/div>\n\t\t\t\t<\/div>\n\t\t\t\t\t<\/div>\n\t\t<\/div>\n\t\t\t\t\t<\/div>\n\t\t<\/section>\n\t\t\t\t<section class=\"elementor-section elementor-top-section elementor-element elementor-element-b4602cf elementor-section-boxed elementor-section-gap-beside-yes elementor-section-height-default elementor-section-height-default elementor-section-column-vertical-align-stretch\" data-id=\"b4602cf\" data-element_type=\"section\" data-e-type=\"section\">\n\t\t\t\t\t\t<div class=\"elementor-container elementor-column-gap-extended\">\n\t\t\t\t\t<div class=\"elementor-column elementor-col-50 elementor-top-column elementor-element elementor-element-739855e\" data-id=\"739855e\" data-element_type=\"column\" data-e-type=\"column\">\n\t\t\t<div class=\"elementor-widget-wrap elementor-element-populated\">\n\t\t\t\t\t\t<div class=\"elementor-element elementor-element-8814441 elementor-widget elementor-widget-image\" data-id=\"8814441\" data-element_type=\"widget\" data-e-type=\"widget\" data-widget_type=\"image.default\">\n\t\t\t\t<div class=\"elementor-widget-container\">\n\t\t\t\t\t\t\t\t\t\t\t\t\t\t\t\t<a href=\"https:\/\/tlab.com.tr\/wp-content\/uploads\/2025\/03\/General-Product-Catalogue-EN.pdf\">\n\t\t\t\t\t\t\t<img decoding=\"async\" width=\"640\" height=\"376\" src=\"https:\/\/tlab.com.tr\/wp-content\/uploads\/2025\/04\/T-LAB-Web-Katalog-Gorsel-EN.jpg\" class=\"attachment-large size-large wp-image-12572\" alt=\"\" srcset=\"https:\/\/tlab.com.tr\/wp-content\/uploads\/2025\/04\/T-LAB-Web-Katalog-Gorsel-EN.jpg 927w, https:\/\/tlab.com.tr\/wp-content\/uploads\/2025\/04\/T-LAB-Web-Katalog-Gorsel-EN-300x176.jpg 300w, https:\/\/tlab.com.tr\/wp-content\/uploads\/2025\/04\/T-LAB-Web-Katalog-Gorsel-EN-768x452.jpg 768w, https:\/\/tlab.com.tr\/wp-content\/uploads\/2025\/04\/T-LAB-Web-Katalog-Gorsel-EN-18x12.jpg 18w\" sizes=\"(max-width: 640px) 100vw, 640px\" \/>\t\t\t\t\t\t\t\t<\/a>\n\t\t\t\t\t\t\t\t\t\t\t\t\t\t\t<\/div>\n\t\t\t\t<\/div>\n\t\t\t\t\t<\/div>\n\t\t<\/div>\n\t\t\t\t<div class=\"elementor-column elementor-col-50 elementor-top-column elementor-element elementor-element-5181fbd\" data-id=\"5181fbd\" data-element_type=\"column\" data-e-type=\"column\">\n\t\t\t<div class=\"elementor-widget-wrap elementor-element-populated\">\n\t\t\t\t\t\t<div class=\"elementor-element elementor-element-f9f5a8e elementor-widget elementor-widget-image\" data-id=\"f9f5a8e\" data-element_type=\"widget\" data-e-type=\"widget\" data-widget_type=\"image.default\">\n\t\t\t\t<div class=\"elementor-widget-container\">\n\t\t\t\t\t\t\t\t\t\t\t\t\t\t\t\t<a href=\"https:\/\/tlab.com.tr\/wp-content\/uploads\/2025\/03\/Genel-Urun-Katalopu-TR.pdf\">\n\t\t\t\t\t\t\t<img decoding=\"async\" width=\"640\" height=\"376\" src=\"https:\/\/tlab.com.tr\/wp-content\/uploads\/2025\/04\/T-LAB-Web-Katalog-Gorsel-TR.jpg\" class=\"attachment-large size-large wp-image-12571\" alt=\"T-LAB-Web-Katalog-Gorsel-TR\" srcset=\"https:\/\/tlab.com.tr\/wp-content\/uploads\/2025\/04\/T-LAB-Web-Katalog-Gorsel-TR.jpg 927w, https:\/\/tlab.com.tr\/wp-content\/uploads\/2025\/04\/T-LAB-Web-Katalog-Gorsel-TR-300x176.jpg 300w, https:\/\/tlab.com.tr\/wp-content\/uploads\/2025\/04\/T-LAB-Web-Katalog-Gorsel-TR-768x452.jpg 768w, https:\/\/tlab.com.tr\/wp-content\/uploads\/2025\/04\/T-LAB-Web-Katalog-Gorsel-TR-18x12.jpg 18w\" sizes=\"(max-width: 640px) 100vw, 640px\" \/>\t\t\t\t\t\t\t\t<\/a>\n\t\t\t\t\t\t\t\t\t\t\t\t\t\t\t<\/div>\n\t\t\t\t<\/div>\n\t\t\t\t\t<\/div>\n\t\t<\/div>\n\t\t\t\t\t<\/div>\n\t\t<\/section>\n\t\t\t\t<section class=\"elementor-section elementor-top-section elementor-element elementor-element-04ba9bf elementor-section-boxed elementor-section-gap-beside-yes elementor-section-height-default elementor-section-height-default elementor-section-column-vertical-align-stretch\" data-id=\"04ba9bf\" data-element_type=\"section\" data-e-type=\"section\">\n\t\t\t\t\t\t<div class=\"elementor-container elementor-column-gap-extended\">\n\t\t\t\t\t<div class=\"elementor-column elementor-col-50 elementor-top-column elementor-element elementor-element-5d19fd3\" data-id=\"5d19fd3\" data-element_type=\"column\" data-e-type=\"column\">\n\t\t\t<div class=\"elementor-widget-wrap elementor-element-populated\">\n\t\t\t\t\t\t<div class=\"elementor-element elementor-element-453fc63 elementor-widget elementor-widget-heading\" data-id=\"453fc63\" data-element_type=\"widget\" data-e-type=\"widget\" data-widget_type=\"heading.default\">\n\t\t\t\t<div class=\"elementor-widget-container\">\n\t\t\t\t\t<h2 class=\"elementor-heading-title elementor-size-default\">PRODUCT CATALOG<\/h2>\t\t\t\t<\/div>\n\t\t\t\t<\/div>\n\t\t\t\t\t<\/div>\n\t\t<\/div>\n\t\t\t\t<div class=\"elementor-column elementor-col-50 elementor-top-column elementor-element elementor-element-48c8553\" data-id=\"48c8553\" data-element_type=\"column\" data-e-type=\"column\">\n\t\t\t<div class=\"elementor-widget-wrap elementor-element-populated\">\n\t\t\t\t\t\t<div class=\"elementor-element elementor-element-cfc8e48 elementor-widget elementor-widget-heading\" data-id=\"cfc8e48\" data-element_type=\"widget\" data-e-type=\"widget\" data-widget_type=\"heading.default\">\n\t\t\t\t<div class=\"elementor-widget-container\">\n\t\t\t\t\t<h2 class=\"elementor-heading-title elementor-size-default\">\u00dcR\u00dcN KATALO\u011eU<\/h2>\t\t\t\t<\/div>\n\t\t\t\t<\/div>\n\t\t\t\t\t<\/div>\n\t\t<\/div>\n\t\t\t\t\t<\/div>\n\t\t<\/section>\n\t\t\t\t<\/div>","protected":false},"excerpt":{"rendered":"<p>PRODUCT CATALOG \u00dcR\u00dcN KATALO\u011eU<\/p>","protected":false},"author":4,"featured_media":0,"parent":0,"menu_order":0,"comment_status":"closed","ping_status":"closed","template":"","meta":{"_monsterinsights_skip_tracking":false,"_monsterinsights_sitenote_active":false,"_monsterinsights_sitenote_note":"","_monsterinsights_sitenote_category":0,"_uf_show_specific_survey":0,"_uf_disable_surveys":false,"footnotes":""},"class_list":["post-12568","page","type-page","status-publish","hentry","post-no-thumbnail"],"_links":{"self":[{"href":"https:\/\/tlab.com.tr\/en\/wp-json\/wp\/v2\/pages\/12568","targetHints":{"allow":["GET"]}}],"collection":[{"href":"https:\/\/tlab.com.tr\/en\/wp-json\/wp\/v2\/pages"}],"about":[{"href":"https:\/\/tlab.com.tr\/en\/wp-json\/wp\/v2\/types\/page"}],"author":[{"embeddable":true,"href":"https:\/\/tlab.com.tr\/en\/wp-json\/wp\/v2\/users\/4"}],"replies":[{"embeddable":true,"href":"https:\/\/tlab.com.tr\/en\/wp-json\/wp\/v2\/comments?post=12568"}],"version-history":[{"count":49,"href":"https:\/\/tlab.com.tr\/en\/wp-json\/wp\/v2\/pages\/12568\/revisions"}],"predecessor-version":[{"id":12629,"href":"https:\/\/tlab.com.tr\/en\/wp-json\/wp\/v2\/pages\/12568\/revisions\/12629"}],"wp:attachment":[{"href":"https:\/\/tlab.com.tr\/en\/wp-json\/wp\/v2\/media?parent=12568"}],"curies":[{"name":"wp","href":"https:\/\/api.w.org\/{rel}","templated":true}]}}