{"id":256,"date":"2020-04-17T02:17:28","date_gmt":"2020-04-17T02:17:28","guid":{"rendered":""},"modified":"2024-11-22T08:53:21","modified_gmt":"2024-11-22T05:53:21","slug":"about-us","status":"publish","type":"page","link":"https:\/\/tlab.com.tr\/en\/about-us\/","title":{"rendered":"ABOUT US"},"content":{"rendered":"<div data-elementor-type=\"wp-page\" data-elementor-id=\"256\" class=\"elementor elementor-256\">\n\t\t\t\t\t\t<section class=\"elementor-section elementor-top-section elementor-element elementor-element-0845a80 elementor-section-boxed elementor-section-gap-beside-yes elementor-section-height-default elementor-section-height-default elementor-section-column-vertical-align-stretch\" data-id=\"0845a80\" data-element_type=\"section\" data-e-type=\"section\">\n\t\t\t\t\t\t<div class=\"elementor-container elementor-column-gap-extended\">\n\t\t\t\t\t<div class=\"elementor-column elementor-col-100 elementor-top-column elementor-element elementor-element-3c8c102\" data-id=\"3c8c102\" data-element_type=\"column\" data-e-type=\"column\">\n\t\t\t<div class=\"elementor-widget-wrap elementor-element-populated\">\n\t\t\t\t\t\t<div class=\"elementor-element elementor-element-76ae395 animated-fast elementor-invisible elementor-widget elementor-widget-image\" data-id=\"76ae395\" data-element_type=\"widget\" data-e-type=\"widget\" data-settings=\"{&quot;_animation&quot;:&quot;fadeIn&quot;}\" data-widget_type=\"image.default\">\n\t\t\t\t<div class=\"elementor-widget-container\">\n\t\t\t\t\t\t\t\t\t\t\t\t\t\t\t<img fetchpriority=\"high\" decoding=\"async\" width=\"1420\" height=\"300\" src=\"https:\/\/tlab.com.tr\/wp-content\/uploads\/2023\/08\/whoweare.png\" class=\"attachment-full size-full wp-image-7583\" alt=\"\" srcset=\"https:\/\/tlab.com.tr\/wp-content\/uploads\/2023\/08\/whoweare.png 1420w, https:\/\/tlab.com.tr\/wp-content\/uploads\/2023\/08\/whoweare-300x63.png 300w, https:\/\/tlab.com.tr\/wp-content\/uploads\/2023\/08\/whoweare-1024x216.png 1024w, https:\/\/tlab.com.tr\/wp-content\/uploads\/2023\/08\/whoweare-768x162.png 768w, https:\/\/tlab.com.tr\/wp-content\/uploads\/2023\/08\/whoweare-18x4.png 18w\" sizes=\"(max-width: 1420px) 100vw, 1420px\" \/>\t\t\t\t\t\t\t\t\t\t\t\t\t\t\t<\/div>\n\t\t\t\t<\/div>\n\t\t\t\t\t<\/div>\n\t\t<\/div>\n\t\t\t\t\t<\/div>\n\t\t<\/section>\n\t\t\t\t<section class=\"elementor-section elementor-top-section elementor-element elementor-element-2ac3abc deneme elementor-section-boxed elementor-section-gap-beside-yes elementor-section-height-default elementor-section-height-default elementor-section-column-vertical-align-stretch elementor-invisible\" data-id=\"2ac3abc\" data-element_type=\"section\" data-e-type=\"section\" data-settings=\"{&quot;animation&quot;:&quot;fadeIn&quot;}\">\n\t\t\t\t\t\t<div class=\"elementor-container elementor-column-gap-extended\">\n\t\t\t\t\t<div class=\"elementor-column elementor-col-100 elementor-top-column elementor-element elementor-element-aaa7aca\" data-id=\"aaa7aca\" data-element_type=\"column\" data-e-type=\"column\">\n\t\t\t<div class=\"elementor-widget-wrap elementor-element-populated\">\n\t\t\t\t\t\t<section class=\"elementor-section elementor-inner-section elementor-element elementor-element-16a23fc elementor-section-boxed elementor-section-gap-beside-yes elementor-section-height-default elementor-section-height-default elementor-section-column-vertical-align-stretch\" data-id=\"16a23fc\" data-element_type=\"section\" data-e-type=\"section\">\n\t\t\t\t\t\t<div class=\"elementor-container elementor-column-gap-extended\">\n\t\t\t\t\t<div class=\"elementor-column elementor-col-33 elementor-inner-column elementor-element elementor-element-a47df32 elementor-invisible\" data-id=\"a47df32\" data-element_type=\"column\" data-e-type=\"column\" data-settings=\"{&quot;motion_fx_motion_fx_mouse&quot;:&quot;yes&quot;,&quot;motion_fx_tilt_effect&quot;:&quot;yes&quot;,&quot;motion_fx_tilt_speed&quot;:{&quot;unit&quot;:&quot;px&quot;,&quot;size&quot;:2,&quot;sizes&quot;:[]},&quot;animation&quot;:&quot;tmFadeInUp&quot;}\">\n\t\t\t<div class=\"elementor-widget-wrap elementor-element-populated\">\n\t\t\t\t\t\t<div class=\"elementor-element elementor-element-aa46cb3 elementor-widget elementor-widget-image\" data-id=\"aa46cb3\" data-element_type=\"widget\" data-e-type=\"widget\" data-widget_type=\"image.default\">\n\t\t\t\t<div class=\"elementor-widget-container\">\n\t\t\t\t\t\t\t\t\t\t\t\t\t\t\t<img decoding=\"async\" width=\"385\" height=\"122\" src=\"https:\/\/tlab.com.tr\/wp-content\/uploads\/2023\/07\/tlab-logo.png\" class=\"attachment-full size-full wp-image-7061\" alt=\"\" srcset=\"https:\/\/tlab.com.tr\/wp-content\/uploads\/2023\/07\/tlab-logo.png 385w, https:\/\/tlab.com.tr\/wp-content\/uploads\/2023\/07\/tlab-logo-300x95.png 300w\" sizes=\"(max-width: 385px) 100vw, 385px\" \/>\t\t\t\t\t\t\t\t\t\t\t\t\t\t\t<\/div>\n\t\t\t\t<\/div>\n\t\t\t\t\t<\/div>\n\t\t<\/div>\n\t\t\t\t<div class=\"elementor-column elementor-col-66 elementor-inner-column elementor-element elementor-element-9076f67\" data-id=\"9076f67\" data-element_type=\"column\" data-e-type=\"column\">\n\t\t\t<div class=\"elementor-widget-wrap elementor-element-populated\">\n\t\t\t\t\t\t<div class=\"elementor-element elementor-element-3c5d44e deneme elementor-widget elementor-widget-text-editor\" data-id=\"3c5d44e\" data-element_type=\"widget\" data-e-type=\"widget\" data-widget_type=\"text-editor.default\">\n\t\t\t\t<div class=\"elementor-widget-container\">\n\t\t\t\t\t\t\t\t\t<p style=\"margin-right: 0px; margin-bottom: 0px; margin-left: 0px; padding: 0px 0px 1em; border: 0px; outline: 0px; font-size: 14px; text-size-adjust: 100%; vertical-align: baseline; background-image: initial; background-position: 0px 0px; background-size: initial; background-repeat: initial; background-attachment: initial; background-origin: initial; background-clip: initial; color: #666666; font-family: 'Open Sans', Arial, sans-serif; text-align: justify;\">Since its establishment in 2012, T-LAB has succeeded in distinguishing itself from its competitors by making many breakthroughs in order to realize the firsts in its sector and has become a key player in the sector thanks to its working principles based on quality, trust and honesty. T-LAB, which started its journey in 2012 to develop medical devices and cosmetic products in the field of regenerative medicine in T\u00fcrkiye, today carries out the production, marketing and sales of more than 20 different brands.<\/p>\n<p style=\"margin-right: 0px; margin-bottom: 0px; margin-left: 0px; padding: 0px 0px 1em; border: 0px; outline: 0px; font-size: 14px; text-size-adjust: 100%; vertical-align: baseline; background-image: initial; background-position: 0px 0px; background-size: initial; background-repeat: initial; background-attachment: initial; background-origin: initial; background-clip: initial; color: #666666; font-family: 'Open Sans', Arial, sans-serif; text-align: justify;\">T-LAB has gained an international identity trusted by its business partners in the medical sector, thanks to the value-added solutions and principles it has created by following the industry closely. While all business processes are based on science and the latest technology, it aims to achieve the best possible result in treatments and focuses on this purpose. Thanks to this understanding, it has become the first choice of professionals with the innovations it has brought to the sector.<\/p>\n<p style=\"margin-right: 0px; margin-bottom: 0px; margin-left: 0px; padding: 0px 0px 1em; border: 0px; outline: 0px; font-size: 14px; text-size-adjust: 100%; vertical-align: baseline; background-image: initial; background-position: 0px 0px; background-size: initial; background-repeat: initial; background-attachment: initial; background-origin: initial; background-clip: initial; color: #666666; font-family: 'Open Sans', Arial, sans-serif; text-align: justify;\" class=\"translation-block\">T-LAB takes firm steps towards success, became the first Turkish PRP kit manufacturer in 2014 with the T-LAB brand. In 2020, with the CE certificate under the European Union directive under the Microlyzer brand, it produced and launched the world's first mechanically mesenchymal stem cell rich stromal vascular fraction cell isolation device from adipose tissue. In addition, today T-LAB has a crucial local network as an active and leading Turkish participant in local and international congresses on regenerative and adipose tissue therapeutics.<\/p>\n<p style=\"margin-right: 0px; margin-bottom: 0px; margin-left: 0px; padding: 0px 0px 1em; border: 0px; outline: 0px; font-size: 14px; text-size-adjust: 100%; vertical-align: baseline; background-image: initial; background-position: 0px 0px; background-size: initial; background-repeat: initial; background-attachment: initial; background-origin: initial; background-clip: initial; color: #666666; font-family: 'Open Sans', Arial, sans-serif; text-align: justify;\">T-LAB takes firm steps towards being the pioneer of change with regenerative medicine all over the world, also provides support to scientific publication processes in this field in which it is a professional. For this purpose, a global education platform focused on regenerative medicine was established in December 2021 under the name of T-LAB Academy, where physicians can share their scientific views and clinical practices. At the Academy, physicians are given webinars and hands-on courses on how to use the latest T-LAB\u2019s state-of-the-art technology products effectively.<\/p>\n<p style=\"margin-right: 0px; margin-left: 0px; padding: 0px; border: 0px; outline: 0px; font-size: 14px; text-size-adjust: 100%; vertical-align: baseline; background-image: initial; background-position: 0px 0px; background-size: initial; background-repeat: initial; background-attachment: initial; background-origin: initial; background-clip: initial; color: #666666; font-family: 'Open Sans', Arial, sans-serif; text-align: justify;\">T-LAB has a strong global structure, is registered in more than 80 countries and strengthens its logistic network with its distributors in these countries and its subsidiary of T-LAB Regenerative Medicine GmbH in Germany, spreading its vision to the entire world with its corporate management, sustainability, and quality understanding the international standards.  T-LAB will pursue adding value not only  in its current industry and in all areas where it exists but also in the future.&nbsp;<\/p>\t\t\t\t\t\t\t\t<\/div>\n\t\t\t\t<\/div>\n\t\t\t\t\t<\/div>\n\t\t<\/div>\n\t\t\t\t\t<\/div>\n\t\t<\/section>\n\t\t\t\t\t<\/div>\n\t\t<\/div>\n\t\t\t\t\t<\/div>\n\t\t<\/section>\n\t\t\t\t<\/div>","protected":false},"excerpt":{"rendered":"<p>T-LAB, 2012 y\u0131l\u0131nda kuruldu\u011fundan bu yana sekt\u00f6r\u00fcnde ilkleri ger\u00e7ekle\u015ftirmek ad\u0131na bir\u00e7ok at\u0131l\u0131mda bulunarak rakiplerinden ayr\u0131\u015fmay\u0131 ba\u015fard\u0131 ve kalite, g\u00fcven ile d\u00fcr\u00fcstl\u00fck temelli \u00e7al\u0131\u015fma ilkeleri sayesinde sekt\u00f6r\u00fcnde \u00f6nemli bir oyuncu haline geldi. 2012 y\u0131l\u0131nda T\u00fcrkiye\u2019de rejeneratif t\u0131p alan\u0131nda t\u0131bbi cihaz ve kozmetik \u00fcr\u00fcnler geli\u015ftirmek \u00fczere yolculu\u011funa ba\u015flayan T-LAB, bug\u00fcn 20\u2019den fazla farkl\u0131 markan\u0131n \u00fcretim, pazarlama ve sat\u0131\u015f\u0131n\u0131 ger\u00e7ekle\u015ftirmektedir. T-LAB, sekt\u00f6r\u00fc yak\u0131ndan takip ederek olu\u015fturdu\u011fu katma de\u011ferli \u00e7\u00f6z\u00fcmleri ve ilkeleri sayesinde t\u0131p sekt\u00f6r\u00fcnde i\u015f ortaklar\u0131n\u0131n g\u00fcvendi\u011fi uluslararas\u0131 bir kimli\u011fe sahip olmu\u015ftur. B\u00fct\u00fcn i\u015f s\u00fcre\u00e7lerinde bilimi ve son teknolojiyi temel al\u0131rken, tedavilerde m\u00fcmk\u00fcn olan en iyi sonucu elde etmeyi hedefler ve bu amaca odaklan\u0131r. Bu anlay\u0131\u015f\u0131 sayesinde sekt\u00f6r\u00fcnde getirdi\u011fi yenilikler ile profesyonellerin ilk tercihi haline gelmi\u015ftir. Ba\u015far\u0131 yolculu\u011funda emin ad\u0131mlarla y\u00fcr\u00fcyen T-LAB, 2014 y\u0131l\u0131nda T-LAB markas\u0131yla T\u00fcrkiye\u2019nin \u0130lk PRP kit \u00fcreticisi olmu\u015ftur.&nbsp;2020 y\u0131l\u0131nda ise, Microlyzer&nbsp;markas\u0131 ile Avrupa Birli\u011fi direktifi alt\u0131nda CE belgesi almas\u0131yla d\u00fcnyan\u0131n ilk ya\u011f dokusundan mekanik olarak k\u00f6k h\u00fccreden zengin stromal vascular fraction h\u00fccre ayr\u0131\u015ft\u0131rma cihaz\u0131n\u0131 \u00fcretip piyasaya s\u00fcrm\u00fc\u015ft\u00fcr. Ayr\u0131ca bug\u00fcn T-LAB, yerel ve uluslararas\u0131 rejeneratif ve adipoz doku terap\u00f6tikleri ile ilgili kongrelerin aktif ve \u00f6nc\u00fc T\u00fcrk kat\u0131l\u0131mc\u0131s\u0131 olarak \u00f6nemli bir a\u011fa sahiptir. B\u00fct\u00fcn d\u00fcnyada rejeneratif t\u0131p ile de\u011fi\u015fimin \u00f6nc\u00fcs\u00fc olma yolunda emin ad\u0131mlarla y\u00fcr\u00fcyen T-LAB, profesyonel oldu\u011fu bu alanda bilimsel yay\u0131n s\u00fcre\u00e7lerine de destek sa\u011flamaktad\u0131r. Bu ama\u00e7la, Aral\u0131k 2022 tarihinde T-LAB Academy ad\u0131yla hekimlerin bilimsel g\u00f6r\u00fc\u015flerini ve klinik pratiklerini payla\u015fabildi\u011fi, \u00f6zellikle rejeneratif t\u0131bba odaklanm\u0131\u015f global bir e\u011fitim platformu kurulmu\u015ftur. Academy\u2019de hekimlere son teknoloji \u00fcr\u00fcnlerini nas\u0131l etkin bir \u015fekilde kullanacaklar\u0131 konusunda webinarlar ve hands-on\/uygulamal\u0131 kurslar verilmektedir. K\u00fcresel anlamda da g\u00fc\u00e7l\u00fc bir yap\u0131ya sahip olan T-LAB, bug\u00fcn 80\u2019den fazla \u00fclkede tescillenerek bu \u00fclkelerdeki distrib\u00fct\u00f6rleri ve Almanya D\u00fcsseldorf T-LAB Regenerative Medicine GmbH ba\u011fl\u0131 ortakl\u0131\u011f\u0131yla lojistik a\u011f\u0131n\u0131 g\u00fc\u00e7lendirerek uluslararas\u0131 standartlarda kurumsal y\u00f6netim, s\u00fcrd\u00fcr\u00fclebilirlik ve kalite anlay\u0131\u015f\u0131 ile vizyonunu t\u00fcm d\u00fcnyaya yaymaktad\u0131r. T-LAB bug\u00fcn oldu\u011fu gibi gelecekte de sekt\u00f6r\u00fcnde ve var oldu\u011fu t\u00fcm alanlarda de\u011fer yaratmaya devam edecektir.&nbsp;<\/p>","protected":false},"author":1,"featured_media":0,"parent":0,"menu_order":0,"comment_status":"closed","ping_status":"closed","template":"","meta":{"_monsterinsights_skip_tracking":false,"_monsterinsights_sitenote_active":false,"_monsterinsights_sitenote_note":"","_monsterinsights_sitenote_category":0,"_uf_show_specific_survey":0,"_uf_disable_surveys":false,"footnotes":""},"class_list":["post-256","page","type-page","status-publish","hentry","post-no-thumbnail"],"_links":{"self":[{"href":"https:\/\/tlab.com.tr\/en\/wp-json\/wp\/v2\/pages\/256","targetHints":{"allow":["GET"]}}],"collection":[{"href":"https:\/\/tlab.com.tr\/en\/wp-json\/wp\/v2\/pages"}],"about":[{"href":"https:\/\/tlab.com.tr\/en\/wp-json\/wp\/v2\/types\/page"}],"author":[{"embeddable":true,"href":"https:\/\/tlab.com.tr\/en\/wp-json\/wp\/v2\/users\/1"}],"replies":[{"embeddable":true,"href":"https:\/\/tlab.com.tr\/en\/wp-json\/wp\/v2\/comments?post=256"}],"version-history":[{"count":56,"href":"https:\/\/tlab.com.tr\/en\/wp-json\/wp\/v2\/pages\/256\/revisions"}],"predecessor-version":[{"id":12234,"href":"https:\/\/tlab.com.tr\/en\/wp-json\/wp\/v2\/pages\/256\/revisions\/12234"}],"wp:attachment":[{"href":"https:\/\/tlab.com.tr\/en\/wp-json\/wp\/v2\/media?parent=256"}],"curies":[{"name":"wp","href":"https:\/\/api.w.org\/{rel}","templated":true}]}}