{"id":7157,"date":"2023-07-10T14:21:31","date_gmt":"2023-07-10T11:21:31","guid":{"rendered":"https:\/\/tlab.com.tr\/?page_id=7157"},"modified":"2024-02-08T15:49:08","modified_gmt":"2024-02-08T12:49:08","slug":"yonetimin-mesaji","status":"publish","type":"page","link":"https:\/\/tlab.com.tr\/en\/message-from-our-leaders\/","title":{"rendered":"Message From Our Leaders"},"content":{"rendered":"<div data-elementor-type=\"wp-page\" data-elementor-id=\"7157\" class=\"elementor elementor-7157\">\n\t\t\t\t\t\t<section class=\"elementor-section elementor-top-section elementor-element elementor-element-fd3ffd0 elementor-section-boxed elementor-section-gap-beside-yes elementor-section-height-default elementor-section-height-default elementor-section-column-vertical-align-stretch\" data-id=\"fd3ffd0\" data-element_type=\"section\" data-e-type=\"section\">\n\t\t\t\t\t\t<div class=\"elementor-container elementor-column-gap-extended\">\n\t\t\t\t\t<div class=\"elementor-column elementor-col-100 elementor-top-column elementor-element elementor-element-234a936\" data-id=\"234a936\" data-element_type=\"column\" data-e-type=\"column\">\n\t\t\t<div class=\"elementor-widget-wrap elementor-element-populated\">\n\t\t\t\t\t\t<div class=\"elementor-element elementor-element-668275c elementor-widget elementor-widget-image\" data-id=\"668275c\" data-element_type=\"widget\" data-e-type=\"widget\" data-widget_type=\"image.default\">\n\t\t\t\t<div class=\"elementor-widget-container\">\n\t\t\t\t\t\t\t\t\t\t\t\t\t\t\t<img fetchpriority=\"high\" decoding=\"async\" width=\"1420\" height=\"300\" src=\"https:\/\/tlab.com.tr\/wp-content\/uploads\/2023\/08\/chairmans_message.png\" class=\"attachment-full size-full wp-image-7573\" alt=\"\" srcset=\"https:\/\/tlab.com.tr\/wp-content\/uploads\/2023\/08\/chairmans_message.png 1420w, https:\/\/tlab.com.tr\/wp-content\/uploads\/2023\/08\/chairmans_message-300x63.png 300w, https:\/\/tlab.com.tr\/wp-content\/uploads\/2023\/08\/chairmans_message-1024x216.png 1024w, https:\/\/tlab.com.tr\/wp-content\/uploads\/2023\/08\/chairmans_message-768x162.png 768w, https:\/\/tlab.com.tr\/wp-content\/uploads\/2023\/08\/chairmans_message-18x4.png 18w\" sizes=\"(max-width: 1420px) 100vw, 1420px\" \/>\t\t\t\t\t\t\t\t\t\t\t\t\t\t\t<\/div>\n\t\t\t\t<\/div>\n\t\t\t\t\t<\/div>\n\t\t<\/div>\n\t\t\t\t\t<\/div>\n\t\t<\/section>\n\t\t\t\t<section class=\"elementor-section elementor-top-section elementor-element elementor-element-cf039f6 elementor-section-boxed elementor-section-gap-beside-yes elementor-section-height-default elementor-section-height-default elementor-section-column-vertical-align-stretch\" data-id=\"cf039f6\" data-element_type=\"section\" data-e-type=\"section\">\n\t\t\t\t\t\t<div class=\"elementor-container elementor-column-gap-extended\">\n\t\t\t\t\t<div class=\"elementor-column elementor-col-50 elementor-top-column elementor-element elementor-element-ddb675e\" data-id=\"ddb675e\" data-element_type=\"column\" data-e-type=\"column\">\n\t\t\t<div class=\"elementor-widget-wrap elementor-element-populated\">\n\t\t\t\t\t\t<div class=\"elementor-element elementor-element-112faae elementor-widget elementor-widget-tm-testimonial-advanced\" data-id=\"112faae\" data-element_type=\"widget\" data-e-type=\"widget\" data-widget_type=\"tm-testimonial-advanced.default\">\n\t\t\t\t<div class=\"elementor-widget-container\">\n\t\t\t\t\t\t\t<div class=\"tm-testimonial-advanced\">\n\t\t\t<div class=\"testimonial-content\">\n\n\t\t\t\t\t\t<div class=\"testimonial-avatar\">\n\t\t\t<img loading=\"lazy\" decoding=\"async\"  alt=\"timur_veysel_dogruok\" width=\"391\" height=\"391\" src=\"https:\/\/tlab.com.tr\/wp-content\/uploads\/2023\/07\/timur_veysel_dogruok.png\" \/>\t\t<\/div>\n\t\t\n\t\t\t\t\t\t<div class=\"title-wrap\">\n\t\t\t<a class=\"title\" >Dear business partners, stakeholders, and employees,<\/a>\n\t\t<\/div>\n\t\t\n\t\t\t\t\t\t<div class=\"description-wrap\">\n\t\t\t<div class=\"description\">\n\t\t\t\t<p>In 2012, we set forward to become a leader in our business and to create a brand that provides solutions for the needs that are sought in health services, whose production is limited and difficult to meet, and that increases the quality of life of patients by supporting conventional medicine. Today, we are both the market leader in T\u00fcrkiye and a reliable business partner all around the world.<\/p><p>Our success today, with our integrated production capability, international vision, business processes shaped within the framework of sustainability, clinical and scientific studies, quality policy, fast and uncompromising adaptation to new generation technology, and different product groups, is not a coincidence. I would like to state that it is the outcome of a planned, organized, systematic, and disciplined effort. Our ever-growing volume, goals, and desire to produce, match exactly with our commitment to the goals we envisioned at the beginning of our journey.<\/p><p>T-LAB has beyond the times and international vision. As a result, the balance sheet and economic investment-based success criterias of 20 years ago are quite limited and useless for it.<\/p><p>Today, we want to underline the word success based on nature, people, technology, science, art, society, business partner, team, in short, all living factors. T-LAB, as a reflection of its industry, is a brand that is alive, living, existing, perfecting its existence with development, considering the values of the new world systematic, people and personal development-oriented, and loyal to its principles. Thanks to digital transformation, science-based business processes and business plans in line with the current conjuncture, our ability to predict the future is improving day by day, and we are moving our goals to the future.<\/p><p>In our world, which has been going through difficult processes such as pandemics, wars, and economic crises in recent years, we promise that we will continue to lead the way with exemplary projects with our sensitivity towards the society by maintaining our people focus, which is the basis of our rapid and powerful growth with firm steps in a short time. We will grow together, learn together, advance together, and produce together...<\/p>\t\t\t<\/div>\n\t\t<\/div>\n\t\t\t\t\t\t<div class=\"cite-space\"><\/div>\n\n\t\t\t\t\t\t<div class=\"cite-wrap\">\n\t\t\t<div class=\"cite-name\">Timur Veysel DO\u011eRUOK<\/div>\n\t\t\t<div class=\"cite-position\">CEO<\/div>\n\t\t<\/div>\n\t\t\t\t\t<\/div>\n\t\t<\/div>\n\t\t\t\t\t\t<\/div>\n\t\t\t\t<\/div>\n\t\t\t\t\t<\/div>\n\t\t<\/div>\n\t\t\t\t<div class=\"elementor-column elementor-col-50 elementor-top-column elementor-element elementor-element-0b8b141\" data-id=\"0b8b141\" data-element_type=\"column\" data-e-type=\"column\">\n\t\t\t<div class=\"elementor-widget-wrap elementor-element-populated\">\n\t\t\t\t\t\t<div class=\"elementor-element elementor-element-133f820 elementor-widget elementor-widget-tm-testimonial-advanced\" data-id=\"133f820\" data-element_type=\"widget\" data-e-type=\"widget\" data-widget_type=\"tm-testimonial-advanced.default\">\n\t\t\t\t<div class=\"elementor-widget-container\">\n\t\t\t\t\t\t\t<div class=\"tm-testimonial-advanced\">\n\t\t\t<div class=\"testimonial-content\">\n\n\t\t\t\t\t\t<div class=\"testimonial-avatar\">\n\t\t\t<img loading=\"lazy\" decoding=\"async\"  alt=\"salih_ozovali\" width=\"391\" height=\"391\" src=\"https:\/\/tlab.com.tr\/wp-content\/uploads\/2023\/07\/salih_ozovali.png\" \/>\t\t<\/div>\n\t\t\n\t\t\t\t\t\t<div class=\"title-wrap\">\n\t\t\t<a class=\"title\" >Dear Stakeholders, Family members of T-LAB and Our Esteemed Patients,<\/a>\n\t\t<\/div>\n\t\t\n\t\t\t\t\t\t<div class=\"description-wrap\">\n\t\t\t<div class=\"description\">\n\t\t\t\t<p>Dear Stakeholders, Family members of T-LAB and Our Esteemed Patients,<\/p><p>Health is the most significant and urgent need in the history of humanity, wherever it is in the world. The ability to meet the longest-term needs of the world and societies with the most appropriate solutions. T-LAB has achieved its current success with its corporate identity integrated with the most advanced technologies of the time, international level understanding of quality, maximum value to the science, and its people.<\/p><p>We are an international Turkish brand that is among the best-in-class in the world in the field of regenerative medicine. Thanks to our methods that shed light to the future and our structure aiming at ongoing development, we carry our target flag higher every year.<\/p><p>It is our main duty to serve the healthcare industry with our methods and products that comply with quality standards, focus on getting effective and fast results, and provide maximum benefit in treatment processes. With our respect for the environment &amp; nature, our management, production policies, and the value we give to our people, T-LAB has become a brand ready for risks, innovations, and advancements.<\/p><p>At every stage of our business process, we objectively evaluate our managerial needs and aim for the best with the perfection model. We are on the way to sustainable success with the principles of trust, stability and people-oriented working principle, which is empowered, dynamic, and based on collaboration.<\/p><p>T-LAB aims to accurately identify the needs of the healthcare industry, to meet the expectations with the right methodologies, to provide services using up-to-date technology and prioritizes its sensitivity to human health in all business processes.<\/p><p>We will continue to produce for the whole world without compromising our principles as we move towards becoming a global company that drives change. I would like to thank all our stakeholders and employees who shared their efforts and reliance with us during this process.<\/p>\t\t\t<\/div>\n\t\t<\/div>\n\t\t\t\t\t\t<div class=\"cite-space\"><\/div>\n\n\t\t\t\t\t\t<div class=\"cite-wrap\">\n\t\t\t<div class=\"cite-name\">Salih \u00d6ZOVALI<\/div>\n\t\t\t<div class=\"cite-position\">COO<\/div>\n\t\t<\/div>\n\t\t\t\t\t<\/div>\n\t\t<\/div>\n\t\t\t\t\t\t<\/div>\n\t\t\t\t<\/div>\n\t\t\t\t\t<\/div>\n\t\t<\/div>\n\t\t\t\t\t<\/div>\n\t\t<\/section>\n\t\t\t\t<\/div>","protected":false},"excerpt":{"rendered":"<p>De\u011ferli i\u015f ortaklar\u0131m\u0131z, De\u011ferli payda\u015flar\u0131m\u0131z, De\u011ferli \u00e7al\u0131\u015fanlar\u0131m\u0131z, 2012\u2019de sekt\u00f6r\u00fcm\u00fczde lider olmak ve sa\u011fl\u0131k hizmetlerinde aranan, \u00fcretimi k\u0131s\u0131tl\u0131, giderilmesi zor olan ihtiya\u00e7lara y\u00f6nelik \u00e7\u00f6z\u00fcm \u00fcreten; konvensiyonel t\u0131bba destek olarak hastalar\u0131n hayat kalitesini art\u0131ran bir marka yaratma amac\u0131yla yola \u00e7\u0131kt\u0131k. Bug\u00fcn hem T\u00fcrkiye\u2019de pazar lideri; hem de t\u00fcm d\u00fcnyada g\u00fcvenilir bir i\u015f orta\u011f\u0131y\u0131z. Entegre \u00fcretim yetene\u011fimiz, uluslararas\u0131 vizyonumuz, s\u00fcrd\u00fcr\u00fclebilirlik \u00e7er\u00e7evesinde \u015fekillenen i\u015f s\u00fcre\u00e7lerimiz, klinik ve bilimsel \u00e7al\u0131\u015fmalar\u0131m\u0131z, kalite politikam\u0131z, yeni nesil teknolojiye h\u0131zl\u0131 ve tavizsiz adaptasyonumuz, farkl\u0131 \u00fcr\u00fcn gruplar\u0131m\u0131z ile bug\u00fcnk\u00fc ba\u015far\u0131m\u0131z\u0131n tesad\u00fcfi de\u011fil; planlanm\u0131\u015f, organize edilmi\u015f, sistematik ve disiplinli bir \u00e7aban\u0131n sonucu oldu\u011funu belirtmek isterim. Git gide b\u00fcy\u00fcyen hacmimiz, hedeflerimiz ve \u00fcretme arzumuz; yolculu\u011fumuza ba\u015flarken tasavvur etti\u011fimiz ama\u00e7lara ba\u011fl\u0131l\u0131\u011f\u0131m\u0131zla birebir \u00f6rt\u00fc\u015fmekte, hedeflerimiz ile hayallerimiz el ele y\u00fcr\u00fcmektedir. 20 y\u0131l \u00f6ncesinin bilan\u00e7o ve ekonomik yat\u0131r\u0131m temelli ba\u015far\u0131 kriterleri, y\u00fcz\u00fcn\u00fc gelece\u011fe d\u00f6nm\u00fc\u015f, \u00e7a\u011f\u0131n \u00f6tesinde ve uluslararas\u0131 bir vizyona sahip T-LAB i\u00e7in olduk\u00e7a k\u0131s\u0131tl\u0131 ve kullan\u0131\u015fs\u0131zd\u0131r. Biz bug\u00fcn; do\u011fa, insan, teknoloji, bilim, sanat, toplum, i\u015f orta\u011f\u0131, ekip, k\u0131sacas\u0131 t\u00fcm canl\u0131 etkenleri temel alarak ba\u015far\u0131 kelimesinin alt\u0131n\u0131 doldurmak istiyoruz. T-LAB, sekt\u00f6r\u00fcn\u00fcn yans\u0131mas\u0131 olarak canl\u0131, ya\u015fayan, var olan, varl\u0131\u011f\u0131n\u0131 geli\u015fmeyle tamamlayan, yeni d\u00fcnya sistemati\u011finin de\u011ferler b\u00fct\u00fcn\u00fcyle d\u00fc\u015f\u00fcnen, insan ve geli\u015fim odakl\u0131, ilkelerine sad\u0131k bir markad\u0131r. Dijital d\u00f6n\u00fc\u015f\u00fcm, bilim temelli i\u015f s\u00fcre\u00e7leri ve g\u00fcncel konjonkt\u00fcre uygun i\u015f planlar\u0131m\u0131z sayesinde gelece\u011fi \u00f6ng\u00f6rme yetene\u011fimiz her ge\u00e7en g\u00fcn daha da geli\u015fmekte, hedeflerimizi gelece\u011fe ta\u015f\u0131maktad\u0131r. Son y\u0131llarda pandemi, sava\u015f, ekonomik kriz gibi zorlu s\u00fcre\u00e7lerden ge\u00e7en d\u00fcnyam\u0131zda, k\u0131sa bir s\u00fcre i\u00e7inde sa\u011flam ad\u0131mlarla h\u0131zla ve g\u00fc\u00e7le b\u00fcy\u00fcmemizin temeli olan insan odakl\u0131l\u0131\u011f\u0131m\u0131z\u0131 devam ettirerek \u00fcretece\u011fimizin, topluma kar\u015f\u0131 duyarl\u0131l\u0131\u011f\u0131m\u0131zla \u00f6rnek projelerle yol g\u00f6sterici olma yolunda ilerleyece\u011fimizin s\u00f6z\u00fcn\u00fc veriyoruz. Birlikte b\u00fcy\u00fcyecek, birlikte \u00f6\u011frenecek, birlikte geli\u015fecek, birlikte \u00fcretece\u011fiz\u2026 Timur Veysel DO\u011eRUOK CEO De\u011ferli payda\u015flar\u0131m\u0131z, T-LAB\u2019\u0131n de\u011ferli aile bireyleri, De\u011ferli hastalar\u0131m\u0131z, De\u011ferli payda\u015flar\u0131m\u0131z, T-LAB\u2019\u0131n de\u011ferli aile bireyleri, De\u011ferli hastalar\u0131m\u0131z, \u0130nsanl\u0131k tarihinin, d\u00fcnyan\u0131n neresinde olursa olsun, en \u00f6nemli, en ivedi ihtiyac\u0131 sa\u011fl\u0131kt\u0131r. D\u00fcnyan\u0131n ve toplumlar\u0131n en uzun s\u00fcreli gereksinimlerini, en uygun \u00e7\u00f6z\u00fcmlerle gidermek ise yetenektir. T-LAB, \u00e7a\u011f\u0131n en ileri teknolojileriyle, uluslararas\u0131 d\u00fczeyde kalite anlay\u0131\u015f\u0131yla bilime ve insana maksimum de\u011fer ile b\u00fct\u00fcnle\u015fmi\u015f kurum kimli\u011fiyle bug\u00fcnk\u00fc ba\u015far\u0131s\u0131na ula\u015fm\u0131\u015ft\u0131r. Rejeneratif t\u0131p alan\u0131nda d\u00fcnyan\u0131n en iyileri aras\u0131nda yer alan uluslararas\u0131 bir T\u00fcrk markas\u0131y\u0131z. Gelece\u011fe \u0131\u015f\u0131k tutan y\u00f6ntemlerimiz ile s\u00fcregelen geli\u015fimi hedefleyen yap\u0131m\u0131z sayesinde hedef bayra\u011f\u0131m\u0131z\u0131 her ge\u00e7en y\u0131l daha da yukar\u0131ya ta\u015f\u0131yoruz. Kalite standartlar\u0131na uygun, etkin ve h\u0131zl\u0131 sonu\u00e7 almaya odakl\u0131, tedavi s\u00fcre\u00e7lerinde maksimum fayday\u0131 sa\u011flayacak y\u00f6ntem ve \u00fcr\u00fcnlerimizle sa\u011fl\u0131k sekt\u00f6r\u00fcne hizmet etmek bizim temel g\u00f6revimizdir. \u00c7evreye ve do\u011faya olan sayg\u0131m\u0131z, y\u00f6netim ve \u00fcretim politikalar\u0131m\u0131z, insana verdi\u011fimiz de\u011fer ile T-LAB; risklere, yeniliklere ve geli\u015fimlere haz\u0131r bir marka haline gelmi\u015ftir. \u0130\u015f s\u00fcrecimizin her a\u015famas\u0131nda, y\u00f6netimsel ihtiya\u00e7lar\u0131m\u0131z\u0131 objektif olarak de\u011ferlendirip m\u00fckemmelle\u015fme modeliyle en iyiyi hedefliyoruz. Kat\u0131l\u0131mc\u0131, dinamik ve i\u015f birli\u011fine dayanan \u00e7al\u0131\u015fma prensibimizi g\u00fcven, istikrar ve insan odakl\u0131l\u0131k ilkeleriyle s\u00fcrd\u00fcr\u00fclebilir ba\u015far\u0131 yolunda ilerliyoruz. T-LAB, sa\u011fl\u0131k sekt\u00f6r\u00fcn\u00fcn ihtiya\u00e7lar\u0131n\u0131 do\u011fru tespit etmek, beklentiyi do\u011fru metodolojilerle kar\u015f\u0131lamak, g\u00fcncel teknoloji imk\u00e2nlar\u0131n\u0131 kullanarak hizmet vermeyi ama\u00e7lar ve insan sa\u011fl\u0131\u011f\u0131 konusundaki hassasiyetini t\u00fcm i\u015f s\u00fcre\u00e7lerinde \u00f6n planda tutar. De\u011fi\u015fimi y\u00f6nlendiren, global bir \u015firket olma yolunda ilerlerken ilkelerimizden taviz vermeden t\u00fcm d\u00fcnya i\u00e7in \u00fcretmeye devam edece\u011fiz. Bu s\u00fcre\u00e7te emeklerini ve inanc\u0131n\u0131 bizlerle payla\u015fan t\u00fcm payda\u015f ve \u00e7al\u0131\u015fanlar\u0131m\u0131za te\u015fekk\u00fcrlerimi sunar\u0131m. Salih \u00d6ZOVALI COO<\/p>","protected":false},"author":1,"featured_media":0,"parent":0,"menu_order":0,"comment_status":"closed","ping_status":"closed","template":"","meta":{"_monsterinsights_skip_tracking":false,"_monsterinsights_sitenote_active":false,"_monsterinsights_sitenote_note":"","_monsterinsights_sitenote_category":0,"_uf_show_specific_survey":0,"_uf_disable_surveys":false,"footnotes":""},"class_list":["post-7157","page","type-page","status-publish","hentry","post-no-thumbnail"],"_links":{"self":[{"href":"https:\/\/tlab.com.tr\/en\/wp-json\/wp\/v2\/pages\/7157","targetHints":{"allow":["GET"]}}],"collection":[{"href":"https:\/\/tlab.com.tr\/en\/wp-json\/wp\/v2\/pages"}],"about":[{"href":"https:\/\/tlab.com.tr\/en\/wp-json\/wp\/v2\/types\/page"}],"author":[{"embeddable":true,"href":"https:\/\/tlab.com.tr\/en\/wp-json\/wp\/v2\/users\/1"}],"replies":[{"embeddable":true,"href":"https:\/\/tlab.com.tr\/en\/wp-json\/wp\/v2\/comments?post=7157"}],"version-history":[{"count":81,"href":"https:\/\/tlab.com.tr\/en\/wp-json\/wp\/v2\/pages\/7157\/revisions"}],"predecessor-version":[{"id":11359,"href":"https:\/\/tlab.com.tr\/en\/wp-json\/wp\/v2\/pages\/7157\/revisions\/11359"}],"wp:attachment":[{"href":"https:\/\/tlab.com.tr\/en\/wp-json\/wp\/v2\/media?parent=7157"}],"curies":[{"name":"wp","href":"https:\/\/api.w.org\/{rel}","templated":true}]}}