{"id":7255,"date":"2023-07-10T16:11:01","date_gmt":"2023-07-10T13:11:01","guid":{"rendered":"https:\/\/tlab.com.tr\/?page_id=7255"},"modified":"2024-11-22T09:04:12","modified_gmt":"2024-11-22T06:04:12","slug":"kurumsal-degerlerimiz","status":"publish","type":"page","link":"https:\/\/tlab.com.tr\/en\/our-corporate-values\/","title":{"rendered":"Our Corporate Values"},"content":{"rendered":"<div data-elementor-type=\"wp-page\" data-elementor-id=\"7255\" class=\"elementor elementor-7255\">\n\t\t\t\t\t\t<section class=\"elementor-section elementor-top-section elementor-element elementor-element-e7fcf0f elementor-section-boxed elementor-section-gap-beside-yes elementor-section-height-default elementor-section-height-default elementor-section-column-vertical-align-stretch\" data-id=\"e7fcf0f\" data-element_type=\"section\" data-e-type=\"section\">\n\t\t\t\t\t\t<div class=\"elementor-container elementor-column-gap-extended\">\n\t\t\t\t\t<div class=\"elementor-column elementor-col-100 elementor-top-column elementor-element elementor-element-c2def9a\" data-id=\"c2def9a\" data-element_type=\"column\" data-e-type=\"column\">\n\t\t\t<div class=\"elementor-widget-wrap elementor-element-populated\">\n\t\t\t\t\t\t<div class=\"elementor-element elementor-element-0d9a8d3 elementor-widget elementor-widget-image\" data-id=\"0d9a8d3\" data-element_type=\"widget\" data-e-type=\"widget\" data-widget_type=\"image.default\">\n\t\t\t\t<div class=\"elementor-widget-container\">\n\t\t\t\t\t\t\t\t\t\t\t\t\t\t\t<img fetchpriority=\"high\" decoding=\"async\" width=\"1420\" height=\"300\" src=\"https:\/\/tlab.com.tr\/wp-content\/uploads\/2023\/08\/values.png\" class=\"attachment-full size-full wp-image-7582\" alt=\"\" srcset=\"https:\/\/tlab.com.tr\/wp-content\/uploads\/2023\/08\/values.png 1420w, https:\/\/tlab.com.tr\/wp-content\/uploads\/2023\/08\/values-300x63.png 300w, https:\/\/tlab.com.tr\/wp-content\/uploads\/2023\/08\/values-1024x216.png 1024w, https:\/\/tlab.com.tr\/wp-content\/uploads\/2023\/08\/values-768x162.png 768w, https:\/\/tlab.com.tr\/wp-content\/uploads\/2023\/08\/values-18x4.png 18w\" sizes=\"(max-width: 1420px) 100vw, 1420px\" \/>\t\t\t\t\t\t\t\t\t\t\t\t\t\t\t<\/div>\n\t\t\t\t<\/div>\n\t\t\t\t\t<\/div>\n\t\t<\/div>\n\t\t\t\t\t<\/div>\n\t\t<\/section>\n\t\t\t\t<section class=\"elementor-section elementor-top-section elementor-element elementor-element-d09594b elementor-section-boxed elementor-section-gap-beside-yes elementor-section-height-default elementor-section-height-default elementor-section-column-vertical-align-stretch\" data-id=\"d09594b\" data-element_type=\"section\" data-e-type=\"section\">\n\t\t\t\t\t\t<div class=\"elementor-container elementor-column-gap-extended\">\n\t\t\t\t\t<div class=\"elementor-column elementor-col-50 elementor-top-column elementor-element elementor-element-bfe6b66\" data-id=\"bfe6b66\" data-element_type=\"column\" data-e-type=\"column\">\n\t\t\t<div class=\"elementor-widget-wrap elementor-element-populated\">\n\t\t\t\t\t\t<div class=\"elementor-element elementor-element-11f4c9f elementor-widget elementor-widget-tm-icon-box\" data-id=\"11f4c9f\" data-element_type=\"widget\" data-e-type=\"widget\" data-widget_type=\"tm-icon-box.default\">\n\t\t\t\t<div class=\"elementor-widget-container\">\n\t\t\t\t\t\t\t<div class=\"tm-icon-box medizin-box\">\n\t\t<div class=\"icon-box-wrapper\">\n\t\t\t\t\t<div class=\"medizin-icon-wrap\">\n\t\t\t<div class=\"medizin-icon-view\">\n\t\t\t\t<div class=\"medizin-icon icon medizin-solid-icon\">\n\t\t\t\t\t\t\t\t\t<\/div>\n\t\t\t<\/div>\n\t\t<\/div>\n\t\t\n\t\t\t<div class=\"icon-box-content\">\n\t\t\t\t\t\t<div class=\"heading-wrap\">\n\t\t\t<h3 class=\"heading\">Our Vision<\/h3>\n\t\t\t\t\t<\/div>\n\t\t\n\t\t\t\t\t\t<div class=\"description-wrap\">\n\t\t\t<div class=\"description\">\n\t\t\t\t\nProduce high quality, safe and innovative solutions that are fully compatible with today's scientific and technological advancements, and to support scientific publication processes in line with its professionalism as the pioneer of regenerative medicine and change all over the world.\t\t\t<\/div>\n\t\t<\/div>\n\t\t\n\t\t\t\t\t\t\t<\/div>\n\t\t<\/div>\n\n\t\t<\/div>\t\t\t\t\t\t<\/div>\n\t\t\t\t<\/div>\n\t\t\t\t<div class=\"elementor-element elementor-element-e0f9632 elementor-widget elementor-widget-spacer\" data-id=\"e0f9632\" data-element_type=\"widget\" data-e-type=\"widget\" data-widget_type=\"spacer.default\">\n\t\t\t\t<div class=\"elementor-widget-container\">\n\t\t\t\t\t\t\t<div class=\"elementor-spacer\">\n\t\t\t<div class=\"elementor-spacer-inner\"><\/div>\n\t\t<\/div>\n\t\t\t\t\t\t<\/div>\n\t\t\t\t<\/div>\n\t\t\t\t<div class=\"elementor-element elementor-element-2cdcae5 elementor-widget elementor-widget-tm-icon-box\" data-id=\"2cdcae5\" data-element_type=\"widget\" data-e-type=\"widget\" data-widget_type=\"tm-icon-box.default\">\n\t\t\t\t<div class=\"elementor-widget-container\">\n\t\t\t\t\t\t\t<div class=\"tm-icon-box medizin-box\">\n\t\t<div class=\"icon-box-wrapper\">\n\t\t\t\t\t<div class=\"medizin-icon-wrap\">\n\t\t\t<div class=\"medizin-icon-view\">\n\t\t\t\t<div class=\"medizin-icon icon medizin-solid-icon\">\n\t\t\t\t\t\t\t\t\t<\/div>\n\t\t\t<\/div>\n\t\t<\/div>\n\t\t\n\t\t\t<div class=\"icon-box-content\">\n\t\t\t\t\t\t<div class=\"heading-wrap\">\n\t\t\t<h3 class=\"heading\">Our Goal<\/h3>\n\t\t\t\t\t<\/div>\n\t\t\n\t\t\t\t\t\t<div class=\"description-wrap\">\n\t\t\t<div class=\"description\">\n\t\t\t\tAs T-LAB, our primary goal is to provide our physicians with minimally invasive treatment options in all areas of regenerative medicine and all over the world, without ever sacrificing quality.\n\t\t\t<\/div>\n\t\t<\/div>\n\t\t\n\t\t\t\t\t\t\t<\/div>\n\t\t<\/div>\n\n\t\t<\/div>\t\t\t\t\t\t<\/div>\n\t\t\t\t<\/div>\n\t\t\t\t\t<\/div>\n\t\t<\/div>\n\t\t\t\t<div class=\"elementor-column elementor-col-50 elementor-top-column elementor-element elementor-element-d704f68\" data-id=\"d704f68\" data-element_type=\"column\" data-e-type=\"column\">\n\t\t\t<div class=\"elementor-widget-wrap elementor-element-populated\">\n\t\t\t\t\t\t<div class=\"elementor-element elementor-element-521e1a4 elementor-widget elementor-widget-tm-icon-box\" data-id=\"521e1a4\" data-element_type=\"widget\" data-e-type=\"widget\" data-widget_type=\"tm-icon-box.default\">\n\t\t\t\t<div class=\"elementor-widget-container\">\n\t\t\t\t\t\t\t<div class=\"tm-icon-box medizin-box\">\n\t\t<div class=\"icon-box-wrapper\">\n\t\t\t\t\t<div class=\"medizin-icon-wrap\">\n\t\t\t<div class=\"medizin-icon-view\">\n\t\t\t\t<div class=\"medizin-icon icon medizin-solid-icon\">\n\t\t\t\t\t\t\t\t\t<\/div>\n\t\t\t<\/div>\n\t\t<\/div>\n\t\t\n\t\t\t<div class=\"icon-box-content\">\n\t\t\t\t\t\t<div class=\"heading-wrap\">\n\t\t\t<h3 class=\"heading\">Our Mission<\/h3>\n\t\t\t\t\t<\/div>\n\t\t\n\t\t\t\t\t\t<div class=\"description-wrap\">\n\t\t\t<div class=\"description\">\n\t\t\t\tTo generate the needs for regenerative health services, to be the leader in the sector by providing solutions in this field, and to create maximum benefit in the treatment of patients by supporting conventional medicine.\n\t\t\t<\/div>\n\t\t<\/div>\n\t\t\n\t\t\t\t\t\t\t<\/div>\n\t\t<\/div>\n\n\t\t<\/div>\t\t\t\t\t\t<\/div>\n\t\t\t\t<\/div>\n\t\t\t\t<div class=\"elementor-element elementor-element-e44f935 elementor-widget elementor-widget-spacer\" data-id=\"e44f935\" data-element_type=\"widget\" data-e-type=\"widget\" data-widget_type=\"spacer.default\">\n\t\t\t\t<div class=\"elementor-widget-container\">\n\t\t\t\t\t\t\t<div class=\"elementor-spacer\">\n\t\t\t<div class=\"elementor-spacer-inner\"><\/div>\n\t\t<\/div>\n\t\t\t\t\t\t<\/div>\n\t\t\t\t<\/div>\n\t\t\t\t<div class=\"elementor-element elementor-element-1219f18 elementor-widget elementor-widget-tm-icon-box\" data-id=\"1219f18\" data-element_type=\"widget\" data-e-type=\"widget\" data-widget_type=\"tm-icon-box.default\">\n\t\t\t\t<div class=\"elementor-widget-container\">\n\t\t\t\t\t\t\t<div class=\"tm-icon-box medizin-box\">\n\t\t<div class=\"icon-box-wrapper\">\n\t\t\t\t\t<div class=\"medizin-icon-wrap\">\n\t\t\t<div class=\"medizin-icon-view\">\n\t\t\t\t<div class=\"medizin-icon icon medizin-solid-icon\">\n\t\t\t\t\t\t\t\t\t<\/div>\n\t\t\t<\/div>\n\t\t<\/div>\n\t\t\n\t\t\t<div class=\"icon-box-content\">\n\t\t\t\t\t\t<div class=\"heading-wrap\">\n\t\t\t<h3 class=\"heading\">Our Corporate Values<\/h3>\n\t\t\t\t\t<\/div>\n\t\t\n\t\t\t\t\t\t<div class=\"description-wrap\">\n\t\t\t<div class=\"description\">\n\t\t\t\tPeople Oriented, Trust,Efficient Education, Scientific Oriented, Innovation\t\t\t<\/div>\n\t\t<\/div>\n\t\t\n\t\t\t\t\t\t\t<\/div>\n\t\t<\/div>\n\n\t\t<\/div>\t\t\t\t\t\t<\/div>\n\t\t\t\t<\/div>\n\t\t\t\t\t<\/div>\n\t\t<\/div>\n\t\t\t\t\t<\/div>\n\t\t<\/section>\n\t\t\t\t<section class=\"elementor-section elementor-top-section elementor-element elementor-element-972d544 elementor-section-boxed elementor-section-gap-beside-yes elementor-section-height-default elementor-section-height-default elementor-section-column-vertical-align-stretch\" data-id=\"972d544\" data-element_type=\"section\" data-e-type=\"section\">\n\t\t\t\t\t\t<div class=\"elementor-container elementor-column-gap-extended\">\n\t\t\t\t\t<div class=\"elementor-column elementor-col-100 elementor-top-column elementor-element elementor-element-79c92b7\" data-id=\"79c92b7\" data-element_type=\"column\" data-e-type=\"column\">\n\t\t\t<div class=\"elementor-widget-wrap elementor-element-populated\">\n\t\t\t\t\t\t<div class=\"elementor-element elementor-element-db56903 elementor-widget elementor-widget-spacer\" data-id=\"db56903\" data-element_type=\"widget\" data-e-type=\"widget\" data-widget_type=\"spacer.default\">\n\t\t\t\t<div class=\"elementor-widget-container\">\n\t\t\t\t\t\t\t<div class=\"elementor-spacer\">\n\t\t\t<div class=\"elementor-spacer-inner\"><\/div>\n\t\t<\/div>\n\t\t\t\t\t\t<\/div>\n\t\t\t\t<\/div>\n\t\t\t\t\t<\/div>\n\t\t<\/div>\n\t\t\t\t\t<\/div>\n\t\t<\/section>\n\t\t\t\t<\/div>","protected":false},"excerpt":{"rendered":"<p>Vizyonumuz G\u00fcn\u00fcm\u00fcz bilimsel ve teknolojik geli\u015fmelerine t\u00fcm\u00fcyle uygun, y\u00fcksek kalitede g\u00fcvenli, yenilik\u00e7i \u00e7\u00f6z\u00fcmler \u00fcretmek, t\u00fcm d\u00fcnyada rejeneratif t\u0131p ile de\u011fi\u015fimin \u00f6nc\u00fcs\u00fc olarak profesyonelli\u011fi do\u011frultusunda bilimsel yay\u0131n s\u00fcre\u00e7lerine destek sa\u011flamak. Amac\u0131m\u0131z T-LAB olarak birincil amac\u0131m\u0131z; hekimlerimize kaliteden \u00f6d\u00fcn vermeden, rejeneratif t\u0131bb\u0131n uyguland\u0131\u011f\u0131 t\u00fcm alanlarda ve b\u00fct\u00fcn d\u00fcnyada minimal invaziv tedavi se\u00e7enekleri sunulmas\u0131na yard\u0131mc\u0131 olmak. Misyonumuz Rejeneratif sa\u011fl\u0131k hizmetlerine duyulan ihtiya\u00e7lar\u0131 \u00fcretmek, bu alanda \u00e7\u00f6z\u00fcmler sunarak sekt\u00f6r\u00fcnde lider olmak ve konvensiyonel t\u0131bba destek sa\u011flayarak hastalar\u0131n tedavisinde maksimum fayda yaratmak. Kurumsal De\u011ferlerimiz \u0130nsan Odakl\u0131l\u0131k, G\u00fcven, Verimli E\u011fitim, Bilimsellik, Yenilik\u00e7ilik.<\/p>","protected":false},"author":1,"featured_media":0,"parent":0,"menu_order":0,"comment_status":"closed","ping_status":"closed","template":"","meta":{"_monsterinsights_skip_tracking":false,"_monsterinsights_sitenote_active":false,"_monsterinsights_sitenote_note":"","_monsterinsights_sitenote_category":0,"_uf_show_specific_survey":0,"_uf_disable_surveys":false,"footnotes":""},"class_list":["post-7255","page","type-page","status-publish","hentry","post-no-thumbnail"],"_links":{"self":[{"href":"https:\/\/tlab.com.tr\/en\/wp-json\/wp\/v2\/pages\/7255","targetHints":{"allow":["GET"]}}],"collection":[{"href":"https:\/\/tlab.com.tr\/en\/wp-json\/wp\/v2\/pages"}],"about":[{"href":"https:\/\/tlab.com.tr\/en\/wp-json\/wp\/v2\/types\/page"}],"author":[{"embeddable":true,"href":"https:\/\/tlab.com.tr\/en\/wp-json\/wp\/v2\/users\/1"}],"replies":[{"embeddable":true,"href":"https:\/\/tlab.com.tr\/en\/wp-json\/wp\/v2\/comments?post=7255"}],"version-history":[{"count":27,"href":"https:\/\/tlab.com.tr\/en\/wp-json\/wp\/v2\/pages\/7255\/revisions"}],"predecessor-version":[{"id":12668,"href":"https:\/\/tlab.com.tr\/en\/wp-json\/wp\/v2\/pages\/7255\/revisions\/12668"}],"wp:attachment":[{"href":"https:\/\/tlab.com.tr\/en\/wp-json\/wp\/v2\/media?parent=7255"}],"curies":[{"name":"wp","href":"https:\/\/api.w.org\/{rel}","templated":true}]}}