{"id":7269,"date":"2023-07-10T16:28:51","date_gmt":"2023-07-10T13:28:51","guid":{"rendered":"https:\/\/tlab.com.tr\/?page_id=7269"},"modified":"2024-02-08T15:56:13","modified_gmt":"2024-02-08T12:56:13","slug":"surecler","status":"publish","type":"page","link":"https:\/\/tlab.com.tr\/en\/processes-2\/","title":{"rendered":"Processes"},"content":{"rendered":"<div data-elementor-type=\"wp-page\" data-elementor-id=\"7269\" class=\"elementor elementor-7269\">\n\t\t\t\t\t\t<section class=\"elementor-section elementor-top-section elementor-element elementor-element-5e9904e elementor-section-boxed elementor-section-gap-beside-yes elementor-section-height-default elementor-section-height-default elementor-section-column-vertical-align-stretch\" data-id=\"5e9904e\" data-element_type=\"section\" data-e-type=\"section\">\n\t\t\t\t\t\t<div class=\"elementor-container elementor-column-gap-extended\">\n\t\t\t\t\t<div class=\"elementor-column elementor-col-100 elementor-top-column elementor-element elementor-element-a60fa93\" data-id=\"a60fa93\" data-element_type=\"column\" data-e-type=\"column\">\n\t\t\t<div class=\"elementor-widget-wrap elementor-element-populated\">\n\t\t\t\t\t\t<div class=\"elementor-element elementor-element-1183af7 elementor-widget elementor-widget-image\" data-id=\"1183af7\" data-element_type=\"widget\" data-e-type=\"widget\" data-widget_type=\"image.default\">\n\t\t\t\t<div class=\"elementor-widget-container\">\n\t\t\t\t\t\t\t\t\t\t\t\t\t\t\t<img fetchpriority=\"high\" decoding=\"async\" width=\"1420\" height=\"300\" src=\"https:\/\/tlab.com.tr\/wp-content\/uploads\/2023\/08\/processes.png\" class=\"attachment-full size-full wp-image-7577\" alt=\"\" srcset=\"https:\/\/tlab.com.tr\/wp-content\/uploads\/2023\/08\/processes.png 1420w, https:\/\/tlab.com.tr\/wp-content\/uploads\/2023\/08\/processes-300x63.png 300w, https:\/\/tlab.com.tr\/wp-content\/uploads\/2023\/08\/processes-1024x216.png 1024w, https:\/\/tlab.com.tr\/wp-content\/uploads\/2023\/08\/processes-768x162.png 768w, https:\/\/tlab.com.tr\/wp-content\/uploads\/2023\/08\/processes-18x4.png 18w\" sizes=\"(max-width: 1420px) 100vw, 1420px\" \/>\t\t\t\t\t\t\t\t\t\t\t\t\t\t\t<\/div>\n\t\t\t\t<\/div>\n\t\t\t\t\t<\/div>\n\t\t<\/div>\n\t\t\t\t\t<\/div>\n\t\t<\/section>\n\t\t\t\t<section class=\"elementor-section elementor-top-section elementor-element elementor-element-a05e5c6 elementor-section-boxed elementor-section-gap-beside-yes elementor-section-height-default elementor-section-height-default elementor-section-column-vertical-align-stretch\" data-id=\"a05e5c6\" data-element_type=\"section\" data-e-type=\"section\">\n\t\t\t\t\t\t<div class=\"elementor-container elementor-column-gap-extended\">\n\t\t\t\t\t<div class=\"elementor-column elementor-col-50 elementor-top-column elementor-element elementor-element-7f6a3d7\" data-id=\"7f6a3d7\" data-element_type=\"column\" data-e-type=\"column\">\n\t\t\t<div class=\"elementor-widget-wrap elementor-element-populated\">\n\t\t\t\t\t\t<div class=\"elementor-element elementor-element-e329f77 elementor-view-framed elementor-position-inline-start elementor-shape-circle elementor-mobile-position-block-start elementor-widget elementor-widget-icon-box\" data-id=\"e329f77\" data-element_type=\"widget\" data-e-type=\"widget\" data-widget_type=\"icon-box.default\">\n\t\t\t\t<div class=\"elementor-widget-container\">\n\t\t\t\t\t\t\t<div class=\"elementor-icon-box-wrapper\">\n\n\t\t\t\t\t\t<div class=\"elementor-icon-box-icon\">\n\t\t\t\t<span  class=\"elementor-icon\">\n\t\t\t\t<i aria-hidden=\"true\" class=\"far fa-vial\"><\/i>\t\t\t\t<\/span>\n\t\t\t<\/div>\n\t\t\t\n\t\t\t\t\t\t<div class=\"elementor-icon-box-content\">\n\n\t\t\t\t\t\t\t\t\t<h5 class=\"elementor-icon-box-title\">\n\t\t\t\t\t\t<span  >\n\t\t\t\t\t\t\tScientific Research\t\t\t\t\t\t<\/span>\n\t\t\t\t\t<\/h5>\n\t\t\t\t\n\t\t\t\t\t\t\t\t\t<p class=\"elementor-icon-box-description\">\n\t\t\t\t\t\tT-LAB has been working with the leading physicians and companies of T\u00fcrkiye and the world on the use of blood and fat tissues for tissue healing since 2012. \nT-LAB contributes to the advancements of scientific protocols by working both with its own laboratory, the world's leading labs, and in the light of the scientific knowledge gained, develops new medical devices. \nFurthermore, as a Regenerative Medicine Company, provides sponsorship to contribute to scientific studies in its field and allocates 7% of its annual budget for this cause every year.\t\t\t\t\t<\/p>\n\t\t\t\t\n\t\t\t<\/div>\n\t\t\t\n\t\t<\/div>\n\t\t\t\t\t\t<\/div>\n\t\t\t\t<\/div>\n\t\t\t\t<div class=\"elementor-element elementor-element-334a1cf elementor-view-framed elementor-position-inline-start elementor-shape-circle elementor-mobile-position-block-start elementor-widget elementor-widget-icon-box\" data-id=\"334a1cf\" data-element_type=\"widget\" data-e-type=\"widget\" data-widget_type=\"icon-box.default\">\n\t\t\t\t<div class=\"elementor-widget-container\">\n\t\t\t\t\t\t\t<div class=\"elementor-icon-box-wrapper\">\n\n\t\t\t\t\t\t<div class=\"elementor-icon-box-icon\">\n\t\t\t\t<span  class=\"elementor-icon\">\n\t\t\t\t<i aria-hidden=\"true\" class=\"far fa-graduation-cap\"><\/i>\t\t\t\t<\/span>\n\t\t\t<\/div>\n\t\t\t\n\t\t\t\t\t\t<div class=\"elementor-icon-box-content\">\n\n\t\t\t\t\t\t\t\t\t<h5 class=\"elementor-icon-box-title\">\n\t\t\t\t\t\t<span  >\n\t\t\t\t\t\t\tEducation\t\t\t\t\t\t<\/span>\n\t\t\t\t\t<\/h5>\n\t\t\t\t\n\t\t\t\t\t\t\t\t\t<p class=\"elementor-icon-box-description\">\n\t\t\t\t\t\tT-LAB provides local dealer and international distributor trainings to its valuable partners on how to use its products and to develop marketing plans in T\u00fcrkiye and around the world.\nAdditionally, T-LAB  informs the physicians who are experts in their fields on how to use its products by organizing hands-on workshops.\nIn December 2021, a global regenerative medicine education platform was established as T-LAB Academy, where physicians can share their scientific views and clinical applications. T-LAB Academy also organizes world-wide live webinars and hands-on workshops\/courses locally and internationally for all the physicians, distributors, patients, and key opinion leaders on how to use T-LAB\u2019s latest technology products effectively.<br><br><br>\t\t\t\t\t<\/p>\n\t\t\t\t\n\t\t\t<\/div>\n\t\t\t\n\t\t<\/div>\n\t\t\t\t\t\t<\/div>\n\t\t\t\t<\/div>\n\t\t\t\t<div class=\"elementor-element elementor-element-9446cd2 elementor-view-framed elementor-position-inline-start elementor-shape-circle elementor-mobile-position-block-start elementor-widget elementor-widget-icon-box\" data-id=\"9446cd2\" data-element_type=\"widget\" data-e-type=\"widget\" data-widget_type=\"icon-box.default\">\n\t\t\t\t<div class=\"elementor-widget-container\">\n\t\t\t\t\t\t\t<div class=\"elementor-icon-box-wrapper\">\n\n\t\t\t\t\t\t<div class=\"elementor-icon-box-icon\">\n\t\t\t\t<span  class=\"elementor-icon\">\n\t\t\t\t<i aria-hidden=\"true\" class=\"fab fa-hornbill\"><\/i>\t\t\t\t<\/span>\n\t\t\t<\/div>\n\t\t\t\n\t\t\t\t\t\t<div class=\"elementor-icon-box-content\">\n\n\t\t\t\t\t\t\t\t\t<h5 class=\"elementor-icon-box-title\">\n\t\t\t\t\t\t<span  >\n\t\t\t\t\t\t\tMarketing\t\t\t\t\t\t<\/span>\n\t\t\t\t\t<\/h5>\n\t\t\t\t\n\t\t\t\t\t\t\t\t\t<p class=\"elementor-icon-box-description\">\n\t\t\t\t\t\tT-LAB manufactures and promotes its own high-quality products in T\u00fcrkiye.\n<br>T-LAB regularly promotes its products in many organizations as well as key congresses\/fairs\/events such as MEDICA-Germany, AMWC-Monaco, IMCAS-France, EFORT-Spain, KIMES-Korea, and Dubai Derma-United Arab Emirates. <br><br>We attend more than ten congresses in the fields of Orthopedics, Plastic Surgery, Dermatology, Physiotherapy and Medical Aesthetics annually in T\u00fcrkiye.\t\t\t\t\t<\/p>\n\t\t\t\t\n\t\t\t<\/div>\n\t\t\t\n\t\t<\/div>\n\t\t\t\t\t\t<\/div>\n\t\t\t\t<\/div>\n\t\t\t\t\t<\/div>\n\t\t<\/div>\n\t\t\t\t<div class=\"elementor-column elementor-col-50 elementor-top-column elementor-element elementor-element-7ae6eb7\" data-id=\"7ae6eb7\" data-element_type=\"column\" data-e-type=\"column\">\n\t\t\t<div class=\"elementor-widget-wrap elementor-element-populated\">\n\t\t\t\t\t\t<div class=\"elementor-element elementor-element-62d2d88 elementor-view-framed elementor-position-inline-start elementor-shape-circle elementor-mobile-position-block-start elementor-widget elementor-widget-icon-box\" data-id=\"62d2d88\" data-element_type=\"widget\" data-e-type=\"widget\" data-widget_type=\"icon-box.default\">\n\t\t\t\t<div class=\"elementor-widget-container\">\n\t\t\t\t\t\t\t<div class=\"elementor-icon-box-wrapper\">\n\n\t\t\t\t\t\t<div class=\"elementor-icon-box-icon\">\n\t\t\t\t<span  class=\"elementor-icon\">\n\t\t\t\t<i aria-hidden=\"true\" class=\"far fa-badge-check\"><\/i>\t\t\t\t<\/span>\n\t\t\t<\/div>\n\t\t\t\n\t\t\t\t\t\t<div class=\"elementor-icon-box-content\">\n\n\t\t\t\t\t\t\t\t\t<h5 class=\"elementor-icon-box-title\">\n\t\t\t\t\t\t<span  >\n\t\t\t\t\t\t\tCE and Certification\t\t\t\t\t\t<\/span>\n\t\t\t\t\t<\/h5>\n\t\t\t\t\n\t\t\t\t\t\t\t\t\t<p class=\"elementor-icon-box-description\">\n\t\t\t\t\t\tT-LAB carries out all processes from design file to risk analysis, clinical evaluation reporting, and performance tests with its accomplished quality specialists. \n\n\nIt certifies its products for sale in different countries by following both CE certification and certification processes of other countries and regions such as FDA, MDSAP, EAC, KFDA, CFDA, and SFDA. \nWithin the scope of continuous improvement, T-LAB provides consistent training to its personnel and prepares them for new regulations and for the future.\t\t\t\t\t<\/p>\n\t\t\t\t\n\t\t\t<\/div>\n\t\t\t\n\t\t<\/div>\n\t\t\t\t\t\t<\/div>\n\t\t\t\t<\/div>\n\t\t\t\t<div class=\"elementor-element elementor-element-cf6d4bd elementor-view-framed elementor-position-inline-start elementor-shape-circle elementor-mobile-position-block-start elementor-widget elementor-widget-icon-box\" data-id=\"cf6d4bd\" data-element_type=\"widget\" data-e-type=\"widget\" data-widget_type=\"icon-box.default\">\n\t\t\t\t<div class=\"elementor-widget-container\">\n\t\t\t\t\t\t\t<div class=\"elementor-icon-box-wrapper\">\n\n\t\t\t\t\t\t<div class=\"elementor-icon-box-icon\">\n\t\t\t\t<span  class=\"elementor-icon\">\n\t\t\t\t<i aria-hidden=\"true\" class=\"far fa-sunset\"><\/i>\t\t\t\t<\/span>\n\t\t\t<\/div>\n\t\t\t\n\t\t\t\t\t\t<div class=\"elementor-icon-box-content\">\n\n\t\t\t\t\t\t\t\t\t<h5 class=\"elementor-icon-box-title\">\n\t\t\t\t\t\t<span  >\n\t\t\t\t\t\t\tProduction\t\t\t\t\t\t<\/span>\n\t\t\t\t\t<\/h5>\n\t\t\t\t\n\t\t\t\t\t\t\t\t\t<p class=\"elementor-icon-box-description\">\n\t\t\t\t\t\tT-LAB has 1 ISO 8, 4 ISO 7, and 1 ISO 6 clean rooms in a production area of 550 square meter. In these clean rooms, production of PET, PC and PP products by plastic injection, vacuum tube filling and assembly, ultrasonic welding, blister forming, siliconization, pad printing, washing, drying, polymer gel production, dosing, bagging, blister closure, packaging &amp; labeling operations are made. \n\nIn addition, it performs all of its ethylene oxide and steam sterilization processes in its own plant. T-LAB collaborates with its partners not only in T\u00fcrkiye but also in many countries in the world for the production of silicone, rubber, and metal parts. It also works on OEM (Original Equipment Manufacturer) products shoulder to shoulder with its partners abroad and commences the marketing of many products with its own brand in T\u00fcrkiye and the globe. \n.<br><br>\t\t\t\t\t<\/p>\n\t\t\t\t\n\t\t\t<\/div>\n\t\t\t\n\t\t<\/div>\n\t\t\t\t\t\t<\/div>\n\t\t\t\t<\/div>\n\t\t\t\t<div class=\"elementor-element elementor-element-6558a65 elementor-view-framed elementor-position-inline-start elementor-shape-circle elementor-mobile-position-block-start elementor-widget elementor-widget-icon-box\" data-id=\"6558a65\" data-element_type=\"widget\" data-e-type=\"widget\" data-widget_type=\"icon-box.default\">\n\t\t\t\t<div class=\"elementor-widget-container\">\n\t\t\t\t\t\t\t<div class=\"elementor-icon-box-wrapper\">\n\n\t\t\t\t\t\t<div class=\"elementor-icon-box-icon\">\n\t\t\t\t<span  class=\"elementor-icon\">\n\t\t\t\t<i aria-hidden=\"true\" class=\"far fa-search-plus\"><\/i>\t\t\t\t<\/span>\n\t\t\t<\/div>\n\t\t\t\n\t\t\t\t\t\t<div class=\"elementor-icon-box-content\">\n\n\t\t\t\t\t\t\t\t\t<h5 class=\"elementor-icon-box-title\">\n\t\t\t\t\t\t<span  >\n\t\t\t\t\t\t\tR&amp;D\t\t\t\t\t\t<\/span>\n\t\t\t\t\t<\/h5>\n\t\t\t\t\n\t\t\t\t\t\t\t\t\t<p class=\"elementor-icon-box-description\">\n\t\t\t\t\t\tT-LAB combines its scientific experience with engineering and develops medical devices that enable the easy use of scientific protocols in clinical settings. It performs all processes from the design state of the devices to the solid model, prototyping, and performance testing within the scope of ISO 13485 Medical Devices Quality Management System.<br><br><br>\t\t\t\t\t<\/p>\n\t\t\t\t\n\t\t\t<\/div>\n\t\t\t\n\t\t<\/div>\n\t\t\t\t\t\t<\/div>\n\t\t\t\t<\/div>\n\t\t\t\t\t<\/div>\n\t\t<\/div>\n\t\t\t\t\t<\/div>\n\t\t<\/section>\n\t\t\t\t<section class=\"elementor-section elementor-top-section elementor-element elementor-element-00b8c3f elementor-section-boxed elementor-section-gap-beside-yes elementor-section-height-default elementor-section-height-default elementor-section-column-vertical-align-stretch\" data-id=\"00b8c3f\" data-element_type=\"section\" data-e-type=\"section\">\n\t\t\t\t\t\t<div class=\"elementor-container elementor-column-gap-extended\">\n\t\t\t\t\t<div class=\"elementor-column elementor-col-100 elementor-top-column elementor-element elementor-element-8e6a0c0\" data-id=\"8e6a0c0\" data-element_type=\"column\" data-e-type=\"column\">\n\t\t\t<div class=\"elementor-widget-wrap elementor-element-populated\">\n\t\t\t\t\t\t<div class=\"elementor-element elementor-element-60921d8 elementor-widget-divider--view-line elementor-widget elementor-widget-divider\" data-id=\"60921d8\" data-element_type=\"widget\" data-e-type=\"widget\" data-widget_type=\"divider.default\">\n\t\t\t\t<div class=\"elementor-widget-container\">\n\t\t\t\t\t\t\t<div class=\"elementor-divider\">\n\t\t\t<span class=\"elementor-divider-separator\">\n\t\t\t\t\t\t<\/span>\n\t\t<\/div>\n\t\t\t\t\t\t<\/div>\n\t\t\t\t<\/div>\n\t\t\t\t<div class=\"elementor-element elementor-element-4fe7233 elementor-widget-divider--view-line elementor-widget elementor-widget-divider\" data-id=\"4fe7233\" data-element_type=\"widget\" data-e-type=\"widget\" data-widget_type=\"divider.default\">\n\t\t\t\t<div class=\"elementor-widget-container\">\n\t\t\t\t\t\t\t<div class=\"elementor-divider\">\n\t\t\t<span class=\"elementor-divider-separator\">\n\t\t\t\t\t\t<\/span>\n\t\t<\/div>\n\t\t\t\t\t\t<\/div>\n\t\t\t\t<\/div>\n\t\t\t\t<div class=\"elementor-element elementor-element-96c9a1c elementor-widget-divider--view-line elementor-widget elementor-widget-divider\" data-id=\"96c9a1c\" data-element_type=\"widget\" data-e-type=\"widget\" data-widget_type=\"divider.default\">\n\t\t\t\t<div class=\"elementor-widget-container\">\n\t\t\t\t\t\t\t<div class=\"elementor-divider\">\n\t\t\t<span class=\"elementor-divider-separator\">\n\t\t\t\t\t\t<\/span>\n\t\t<\/div>\n\t\t\t\t\t\t<\/div>\n\t\t\t\t<\/div>\n\t\t\t\t<div class=\"elementor-element elementor-element-426ab03 elementor-widget-divider--view-line elementor-widget elementor-widget-divider\" data-id=\"426ab03\" data-element_type=\"widget\" data-e-type=\"widget\" data-widget_type=\"divider.default\">\n\t\t\t\t<div class=\"elementor-widget-container\">\n\t\t\t\t\t\t\t<div class=\"elementor-divider\">\n\t\t\t<span class=\"elementor-divider-separator\">\n\t\t\t\t\t\t<\/span>\n\t\t<\/div>\n\t\t\t\t\t\t<\/div>\n\t\t\t\t<\/div>\n\t\t\t\t<div class=\"elementor-element elementor-element-d03ec60 elementor-widget-divider--view-line elementor-widget elementor-widget-divider\" data-id=\"d03ec60\" data-element_type=\"widget\" data-e-type=\"widget\" data-widget_type=\"divider.default\">\n\t\t\t\t<div class=\"elementor-widget-container\">\n\t\t\t\t\t\t\t<div class=\"elementor-divider\">\n\t\t\t<span class=\"elementor-divider-separator\">\n\t\t\t\t\t\t<\/span>\n\t\t<\/div>\n\t\t\t\t\t\t<\/div>\n\t\t\t\t<\/div>\n\t\t\t\t\t<\/div>\n\t\t<\/div>\n\t\t\t\t\t<\/div>\n\t\t<\/section>\n\t\t\t\t<section class=\"elementor-section elementor-top-section elementor-element elementor-element-5533e2f elementor-section-boxed elementor-section-gap-beside-yes elementor-section-height-default elementor-section-height-default elementor-section-column-vertical-align-stretch\" data-id=\"5533e2f\" data-element_type=\"section\" data-e-type=\"section\">\n\t\t\t\t\t\t<div class=\"elementor-container elementor-column-gap-extended\">\n\t\t\t\t\t<div class=\"elementor-column elementor-col-100 elementor-top-column elementor-element elementor-element-abc5f91\" data-id=\"abc5f91\" data-element_type=\"column\" data-e-type=\"column\">\n\t\t\t<div class=\"elementor-widget-wrap elementor-element-populated\">\n\t\t\t\t\t\t<div class=\"elementor-element elementor-element-4ae7d17 elementor-widget elementor-widget-spacer\" data-id=\"4ae7d17\" data-element_type=\"widget\" data-e-type=\"widget\" data-widget_type=\"spacer.default\">\n\t\t\t\t<div class=\"elementor-widget-container\">\n\t\t\t\t\t\t\t<div class=\"elementor-spacer\">\n\t\t\t<div class=\"elementor-spacer-inner\"><\/div>\n\t\t<\/div>\n\t\t\t\t\t\t<\/div>\n\t\t\t\t<\/div>\n\t\t\t\t\t<\/div>\n\t\t<\/div>\n\t\t\t\t\t<\/div>\n\t\t<\/section>\n\t\t\t\t<\/div>","protected":false},"excerpt":{"rendered":"<p>Bilimsel Ara\u015ft\u0131rmalar T-LAB, 2012 y\u0131l\u0131ndan bu yana kan ve ya\u011f dokular\u0131n\u0131n, doku iyile\u015fmesinde kullan\u0131lmas\u0131 \u00fczerine T\u00fcrkiye\u2019nin ve d\u00fcnyan\u0131n \u00f6nde gelen doktor ve firmalar\u0131yla birlikte \u00e7al\u0131\u015fmaktad\u0131r. Hem kendi b\u00fcnyesinde kurdu\u011fu laboratuvar\u0131, hem de d\u00fcnyan\u0131n \u00f6nde gelen laboratuvarlar\u0131 ile \u00e7al\u0131\u015farak, bilimsel protokoller geli\u015ftirilmesine katk\u0131 vermekte ve buradan edindi\u011fi bilimsel bilgiler \u0131\u015f\u0131\u011f\u0131nda yeni t\u0131bbi cihazlar geli\u015ftirmektedir. Ayr\u0131ca her y\u0131l kendi alan\u0131nda yap\u0131lan bilimsel \u00e7al\u0131\u015fmalara katk\u0131 sa\u011flamak i\u00e7in sponsorluklarda bulunmakta, y\u0131ll\u0131k b\u00fct\u00e7esinin %7\u2019sini bu amaca ay\u0131rmaktad\u0131r.. E\u011fitim T-LAB, yurti\u00e7i ve yurtd\u0131\u015f\u0131nda d\u00fczenledi\u011fi bayi e\u011fitimleri ile T\u00fcrkiye ve d\u00fcnyada \u00fcr\u00fcnlerinin kullan\u0131m\u0131 ve pazarlama s\u00fcre\u00e7lerinin geli\u015ftirilmesi konusunda ortaklar\u0131na e\u011fitimler vermektedir. Ayr\u0131ca konusunda uzman doktorlar ile d\u00fczenledi\u011fi workshoplar ile \u00fcr\u00fcnlerin kullan\u0131m\u0131 hakk\u0131nda hekimleri bilgilendirmektedir. Aral\u0131k 2022 tarihinde T-LAB Academy ad\u0131yla hekimlerin bilimsel g\u00f6r\u00fc\u015flerini ve klinik pratiklerini payla\u015fabildi\u011fi, \u00f6zellikle rejeneratif t\u0131bba odaklanm\u0131\u015f global bir e\u011fitim platformu kurulmu\u015ftur. Academy\u2019de hekimlere son teknoloji \u00fcr\u00fcnlerini nas\u0131l etkin bir \u015fekilde kullanacaklar\u0131 konusunda webinarlar ve hands-on\/uygulamal\u0131 kurslar verilmektedir. Pazarlama T-LAB, d\u00fcnyan\u0131n d\u00f6rt bir yan\u0131nda, T\u00fcrkiye\u2019de \u00fcretti\u011fi \u00fcr\u00fcnlerin ve d\u00fcnyan\u0131n \u00f6nde gelen \u00fcreticileriyle yapt\u0131\u011f\u0131 anla\u015fmalar dahilinde kendi ad\u0131na \u00fcrettirdi\u011fi OEM \u00fcr\u00fcnlerin tan\u0131t\u0131m\u0131n\u0131 yapmaktad\u0131r. D\u00fczenli olarak MEDICA-Almanya, AMWC-Monaco, IMCAS-Fransa, EFORT-\u0130spanya, KIMES-Kore, Dubai Derma-Birle\u015fik Arap Emirlikleri kongre\/fuar gibi etkinliklerin yan\u0131 s\u0131ra \u00e7ok say\u0131da organizasyonda \u00fcr\u00fcnlerini tan\u0131tmaktad\u0131r. T\u00fcrkiye\u2019de Ortopedi, Plastik Cerrahi, Dermatoloji, Fizik Tedavi ve Medikal Estetik alan\u0131nda y\u0131lda ondan fazla kongreye kat\u0131lmaktad\u0131r. CE ve Belgelendirme T-LAB, b\u00fcnyesinde bulundurdu\u011fu kalite uzmanlar\u0131 ile tasar\u0131m dosyas\u0131ndan, risk analizi, klinik de\u011ferlendirme raporlamas\u0131 ve performans testlerine kadar t\u00fcm s\u00fcre\u00e7leri kendi b\u00fcnyesinde ger\u00e7ekle\u015ftirmektedir. Hem CE belgelendirilmesi, hem de FDA, MDSAP, EAC, KFDA, CFDA, SFDA gibi di\u011fer \u00fclke ve b\u00f6lgelerin belgelendirme s\u00fcre\u00e7lerini takip ederek, \u00fcr\u00fcnlerini farkl\u0131 \u00fclkelerde sat\u0131\u015f i\u00e7in belgelendirmektedir. S\u00fcrekli iyile\u015ftirme kapsam\u0131nda personellerine d\u00fczenli e\u011fitimler vererek yeni reg\u00fclasyonlara, yani gelece\u011fe haz\u0131rlamaktad\u0131r. \u00dcretim T-LAB b\u00fcnyesinde 500 metrekare alanda 1 ISO 8, 4 ISO 7, 1 ISO 5 temiz oda bulundurmaktad\u0131r. Bu temiz odalarda plastik enjeksiyon ile PET, PC ve PP \u00fcr\u00fcnlerin \u00fcretimi, vakumlu t\u00fcp dolum ve montaj, ultrasonik kaynak, blister formlama, silikonlama, tampon bask\u0131, y\u0131kama, kurutma, polimer jel \u00fcretme, dozajlama, po\u015fetleme, blister kapatma, paketleme ve etiketleme i\u015flemleri yapmaktad\u0131r. Ayr\u0131ca etilen oksit ve buhar sterilizasyon i\u015flemlerinin tamam\u0131n\u0131 kendi tesisinde yapmaktad\u0131r. T\u00fcrkiye ve d\u00fcnyan\u0131n \u00e7e\u015fitli yerlerindeki partnerleri ile silikon, kau\u00e7uk ve metal par\u00e7alar\u0131n \u00fcretimleri konusunda i\u015f birli\u011fi yapmaktad\u0131r. Yurt d\u0131\u015f\u0131nda bulunan partnerleri ile de OEM \u00fcr\u00fcnler konusunda \u00e7al\u0131\u015fmakta ve kendi markas\u0131 ile bir\u00e7ok \u00fcr\u00fcn\u00fcn T\u00fcrkiye ve d\u00fcnyada pazarlamas\u0131n\u0131 \u00fcstlenmektedir. Arge T-LAB, edindi\u011fi bilimsel tecr\u00fcbeyi m\u00fchendislik ile bulu\u015fturarak bilimsel protokollerin klinik alan\u0131nda kullan\u0131m\u0131n\u0131 kolayla\u015ft\u0131ran t\u0131bbi cihazlar geli\u015ftirmektedir. Cihazlar\u0131n tasar\u0131m a\u015famas\u0131ndan, kat\u0131 model haline gelmesi, prototiple\u015fmesi ve performans testlerinin yap\u0131lmas\u0131na kadar t\u00fcm s\u00fcre\u00e7lerini ISO 13485 T\u0131bbi Cihazlar Kalite Y\u00f6netim Sistemi kapsam\u0131nda ger\u00e7ekle\u015ftirmektedir.<\/p>","protected":false},"author":1,"featured_media":0,"parent":0,"menu_order":0,"comment_status":"closed","ping_status":"closed","template":"","meta":{"_monsterinsights_skip_tracking":false,"_monsterinsights_sitenote_active":false,"_monsterinsights_sitenote_note":"","_monsterinsights_sitenote_category":0,"_uf_show_specific_survey":0,"_uf_disable_surveys":false,"footnotes":""},"class_list":["post-7269","page","type-page","status-publish","hentry","post-no-thumbnail"],"_links":{"self":[{"href":"https:\/\/tlab.com.tr\/en\/wp-json\/wp\/v2\/pages\/7269","targetHints":{"allow":["GET"]}}],"collection":[{"href":"https:\/\/tlab.com.tr\/en\/wp-json\/wp\/v2\/pages"}],"about":[{"href":"https:\/\/tlab.com.tr\/en\/wp-json\/wp\/v2\/types\/page"}],"author":[{"embeddable":true,"href":"https:\/\/tlab.com.tr\/en\/wp-json\/wp\/v2\/users\/1"}],"replies":[{"embeddable":true,"href":"https:\/\/tlab.com.tr\/en\/wp-json\/wp\/v2\/comments?post=7269"}],"version-history":[{"count":33,"href":"https:\/\/tlab.com.tr\/en\/wp-json\/wp\/v2\/pages\/7269\/revisions"}],"predecessor-version":[{"id":12669,"href":"https:\/\/tlab.com.tr\/en\/wp-json\/wp\/v2\/pages\/7269\/revisions\/12669"}],"wp:attachment":[{"href":"https:\/\/tlab.com.tr\/en\/wp-json\/wp\/v2\/media?parent=7269"}],"curies":[{"name":"wp","href":"https:\/\/api.w.org\/{rel}","templated":true}]}}