{"id":7281,"date":"2023-07-10T17:48:58","date_gmt":"2023-07-10T14:48:58","guid":{"rendered":"https:\/\/tlab.com.tr\/?page_id=7281"},"modified":"2024-02-08T15:27:21","modified_gmt":"2024-02-08T12:27:21","slug":"markalarimiz","status":"publish","type":"page","link":"https:\/\/tlab.com.tr\/en\/our-brands\/","title":{"rendered":"Our Brands"},"content":{"rendered":"<div data-elementor-type=\"wp-page\" data-elementor-id=\"7281\" class=\"elementor elementor-7281\">\n\t\t\t\t\t\t<section class=\"elementor-section elementor-top-section elementor-element elementor-element-e5baedf elementor-section-boxed elementor-section-gap-beside-yes elementor-section-height-default elementor-section-height-default elementor-section-column-vertical-align-stretch\" data-id=\"e5baedf\" data-element_type=\"section\" data-e-type=\"section\">\n\t\t\t\t\t\t<div class=\"elementor-container elementor-column-gap-extended\">\n\t\t\t\t\t<div class=\"elementor-column elementor-col-100 elementor-top-column elementor-element elementor-element-579a3aa\" data-id=\"579a3aa\" data-element_type=\"column\" data-e-type=\"column\">\n\t\t\t<div class=\"elementor-widget-wrap elementor-element-populated\">\n\t\t\t\t\t\t<div class=\"elementor-element elementor-element-c7843ee elementor-widget elementor-widget-image\" data-id=\"c7843ee\" data-element_type=\"widget\" data-e-type=\"widget\" data-widget_type=\"image.default\">\n\t\t\t\t<div class=\"elementor-widget-container\">\n\t\t\t\t\t\t\t\t\t\t\t\t\t\t\t<img fetchpriority=\"high\" decoding=\"async\" width=\"1420\" height=\"300\" src=\"https:\/\/tlab.com.tr\/wp-content\/uploads\/2023\/08\/brands.png\" class=\"attachment-full size-full wp-image-7581\" alt=\"\" srcset=\"https:\/\/tlab.com.tr\/wp-content\/uploads\/2023\/08\/brands.png 1420w, https:\/\/tlab.com.tr\/wp-content\/uploads\/2023\/08\/brands-300x63.png 300w, https:\/\/tlab.com.tr\/wp-content\/uploads\/2023\/08\/brands-1024x216.png 1024w, https:\/\/tlab.com.tr\/wp-content\/uploads\/2023\/08\/brands-768x162.png 768w, https:\/\/tlab.com.tr\/wp-content\/uploads\/2023\/08\/brands-18x4.png 18w\" sizes=\"(max-width: 1420px) 100vw, 1420px\" \/>\t\t\t\t\t\t\t\t\t\t\t\t\t\t\t<\/div>\n\t\t\t\t<\/div>\n\t\t\t\t\t<\/div>\n\t\t<\/div>\n\t\t\t\t\t<\/div>\n\t\t<\/section>\n\t\t\t\t<section class=\"elementor-section elementor-top-section elementor-element elementor-element-074075f elementor-section-boxed elementor-section-gap-beside-yes elementor-section-height-default elementor-section-height-default elementor-section-column-vertical-align-stretch\" data-id=\"074075f\" data-element_type=\"section\" data-e-type=\"section\">\n\t\t\t\t\t\t<div class=\"elementor-container elementor-column-gap-extended\">\n\t\t\t\t\t<div class=\"elementor-column elementor-col-100 elementor-top-column elementor-element elementor-element-c3f2892\" data-id=\"c3f2892\" data-element_type=\"column\" data-e-type=\"column\">\n\t\t\t<div class=\"elementor-widget-wrap elementor-element-populated\">\n\t\t\t\t\t\t<div class=\"elementor-element elementor-element-95f5a5b elementor-widget elementor-widget-text-editor\" data-id=\"95f5a5b\" data-element_type=\"widget\" data-e-type=\"widget\" data-widget_type=\"text-editor.default\">\n\t\t\t\t<div class=\"elementor-widget-container\">\n\t\t\t\t\t\t\t\t\t<p>As T-LAB, we produce in our industry with our brands;<br \/>We continue to be decisive in our field by advancing with innovative and professional steps.<\/p>\t\t\t\t\t\t\t\t<\/div>\n\t\t\t\t<\/div>\n\t\t\t\t<div class=\"elementor-element elementor-element-3672ce9 gallery-spacing-custom elementor-widget elementor-widget-image-gallery\" data-id=\"3672ce9\" data-element_type=\"widget\" data-e-type=\"widget\" data-widget_type=\"image-gallery.default\">\n\t\t\t\t<div class=\"elementor-widget-container\">\n\t\t\t\t\t\t\t<div class=\"elementor-image-gallery\">\n\t\t\t<div id='gallery-1' class='gallery galleryid-7281 gallery-columns-5 gallery-size-medium'><figure class='gallery-item'>\n\t\t\t<div class='gallery-icon landscape'>\n\t\t\t\t<a data-elementor-open-lightbox=\"yes\" data-elementor-lightbox-slideshow=\"3672ce9\" data-elementor-lightbox-title=\"urun-logo-01\" data-e-action-hash=\"#elementor-action%3Aaction%3Dlightbox%26settings%3DeyJpZCI6NzMwMSwidXJsIjoiaHR0cHM6XC9cL3RsYWIuY29tLnRyXC93cC1jb250ZW50XC91cGxvYWRzXC8yMDIzXC8wN1wvdXJ1bi1sb2dvLTAxLmpwZyIsInNsaWRlc2hvdyI6IjM2NzJjZTkifQ%3D%3D\" href='https:\/\/tlab.com.tr\/wp-content\/uploads\/2023\/07\/urun-logo-01.jpg'><img decoding=\"async\" width=\"300\" height=\"300\" src=\"https:\/\/tlab.com.tr\/wp-content\/uploads\/2023\/07\/urun-logo-01-300x300.jpg\" class=\"attachment-medium size-medium\" alt=\"\" srcset=\"https:\/\/tlab.com.tr\/wp-content\/uploads\/2023\/07\/urun-logo-01-300x300.jpg 300w, https:\/\/tlab.com.tr\/wp-content\/uploads\/2023\/07\/urun-logo-01-150x150.jpg 150w, https:\/\/tlab.com.tr\/wp-content\/uploads\/2023\/07\/urun-logo-01.jpg 400w\" sizes=\"(max-width: 300px) 100vw, 300px\" \/><\/a>\n\t\t\t<\/div><\/figure><figure class='gallery-item'>\n\t\t\t<div class='gallery-icon landscape'>\n\t\t\t\t<a data-elementor-open-lightbox=\"yes\" data-elementor-lightbox-slideshow=\"3672ce9\" data-elementor-lightbox-title=\"urun-logo-06\" data-e-action-hash=\"#elementor-action%3Aaction%3Dlightbox%26settings%3DeyJpZCI6NzI5NiwidXJsIjoiaHR0cHM6XC9cL3RsYWIuY29tLnRyXC93cC1jb250ZW50XC91cGxvYWRzXC8yMDIzXC8wN1wvdXJ1bi1sb2dvLTA2LmpwZyIsInNsaWRlc2hvdyI6IjM2NzJjZTkifQ%3D%3D\" href='https:\/\/tlab.com.tr\/wp-content\/uploads\/2023\/07\/urun-logo-06.jpg'><img decoding=\"async\" width=\"300\" height=\"300\" src=\"https:\/\/tlab.com.tr\/wp-content\/uploads\/2023\/07\/urun-logo-06-300x300.jpg\" class=\"attachment-medium size-medium\" alt=\"\" srcset=\"https:\/\/tlab.com.tr\/wp-content\/uploads\/2023\/07\/urun-logo-06-300x300.jpg 300w, https:\/\/tlab.com.tr\/wp-content\/uploads\/2023\/07\/urun-logo-06-150x150.jpg 150w, https:\/\/tlab.com.tr\/wp-content\/uploads\/2023\/07\/urun-logo-06.jpg 400w\" sizes=\"(max-width: 300px) 100vw, 300px\" \/><\/a>\n\t\t\t<\/div><\/figure><figure class='gallery-item'>\n\t\t\t<div class='gallery-icon landscape'>\n\t\t\t\t<a data-elementor-open-lightbox=\"yes\" data-elementor-lightbox-slideshow=\"3672ce9\" data-elementor-lightbox-title=\"urun-logo-04\" data-e-action-hash=\"#elementor-action%3Aaction%3Dlightbox%26settings%3DeyJpZCI6MTEwMjEsInVybCI6Imh0dHBzOlwvXC90bGFiLmNvbS50clwvd3AtY29udGVudFwvdXBsb2Fkc1wvMjAyNFwvMDFcL3VydW4tbG9nby0wNC5wbmciLCJzbGlkZXNob3ciOiIzNjcyY2U5In0%3D\" href='https:\/\/tlab.com.tr\/wp-content\/uploads\/2024\/01\/urun-logo-04.png'><img loading=\"lazy\" decoding=\"async\" width=\"300\" height=\"300\" src=\"https:\/\/tlab.com.tr\/wp-content\/uploads\/2024\/01\/urun-logo-04-300x300.png\" class=\"attachment-medium size-medium\" alt=\"\" srcset=\"https:\/\/tlab.com.tr\/wp-content\/uploads\/2024\/01\/urun-logo-04-300x300.png 300w, https:\/\/tlab.com.tr\/wp-content\/uploads\/2024\/01\/urun-logo-04-150x150.png 150w, https:\/\/tlab.com.tr\/wp-content\/uploads\/2024\/01\/urun-logo-04-12x12.png 12w, https:\/\/tlab.com.tr\/wp-content\/uploads\/2024\/01\/urun-logo-04.png 400w\" sizes=\"(max-width: 300px) 100vw, 300px\" \/><\/a>\n\t\t\t<\/div><\/figure><figure class='gallery-item'>\n\t\t\t<div class='gallery-icon landscape'>\n\t\t\t\t<a data-elementor-open-lightbox=\"yes\" data-elementor-lightbox-slideshow=\"3672ce9\" data-elementor-lightbox-title=\"exomine-urun-logo-04\" data-e-action-hash=\"#elementor-action%3Aaction%3Dlightbox%26settings%3DeyJpZCI6MTA5ODUsInVybCI6Imh0dHBzOlwvXC90bGFiLmNvbS50clwvd3AtY29udGVudFwvdXBsb2Fkc1wvMjAyNFwvMDFcL2V4b21pbmUtdXJ1bi1sb2dvLTA0LnBuZyIsInNsaWRlc2hvdyI6IjM2NzJjZTkifQ%3D%3D\" href='https:\/\/tlab.com.tr\/wp-content\/uploads\/2024\/01\/exomine-urun-logo-04.png'><img loading=\"lazy\" decoding=\"async\" width=\"300\" height=\"300\" src=\"https:\/\/tlab.com.tr\/wp-content\/uploads\/2024\/01\/exomine-urun-logo-04-300x300.png\" class=\"attachment-medium size-medium\" alt=\"\" srcset=\"https:\/\/tlab.com.tr\/wp-content\/uploads\/2024\/01\/exomine-urun-logo-04-300x300.png 300w, https:\/\/tlab.com.tr\/wp-content\/uploads\/2024\/01\/exomine-urun-logo-04-150x150.png 150w, https:\/\/tlab.com.tr\/wp-content\/uploads\/2024\/01\/exomine-urun-logo-04-12x12.png 12w, https:\/\/tlab.com.tr\/wp-content\/uploads\/2024\/01\/exomine-urun-logo-04.png 400w\" sizes=\"(max-width: 300px) 100vw, 300px\" \/><\/a>\n\t\t\t<\/div><\/figure><figure class='gallery-item'>\n\t\t\t<div class='gallery-icon landscape'>\n\t\t\t\t<a data-elementor-open-lightbox=\"yes\" data-elementor-lightbox-slideshow=\"3672ce9\" data-elementor-lightbox-title=\"urun-logo-02\" data-e-action-hash=\"#elementor-action%3Aaction%3Dlightbox%26settings%3DeyJpZCI6NzMwMCwidXJsIjoiaHR0cHM6XC9cL3RsYWIuY29tLnRyXC93cC1jb250ZW50XC91cGxvYWRzXC8yMDIzXC8wN1wvdXJ1bi1sb2dvLTAyLmpwZyIsInNsaWRlc2hvdyI6IjM2NzJjZTkifQ%3D%3D\" href='https:\/\/tlab.com.tr\/wp-content\/uploads\/2023\/07\/urun-logo-02.jpg'><img loading=\"lazy\" decoding=\"async\" width=\"300\" height=\"300\" src=\"https:\/\/tlab.com.tr\/wp-content\/uploads\/2023\/07\/urun-logo-02-300x300.jpg\" class=\"attachment-medium size-medium\" alt=\"\" srcset=\"https:\/\/tlab.com.tr\/wp-content\/uploads\/2023\/07\/urun-logo-02-300x300.jpg 300w, https:\/\/tlab.com.tr\/wp-content\/uploads\/2023\/07\/urun-logo-02-150x150.jpg 150w, https:\/\/tlab.com.tr\/wp-content\/uploads\/2023\/07\/urun-logo-02.jpg 400w\" sizes=\"(max-width: 300px) 100vw, 300px\" \/><\/a>\n\t\t\t<\/div><\/figure><figure class='gallery-item'>\n\t\t\t<div class='gallery-icon landscape'>\n\t\t\t\t<a data-elementor-open-lightbox=\"yes\" data-elementor-lightbox-slideshow=\"3672ce9\" data-elementor-lightbox-title=\"urun-logo-03\" data-e-action-hash=\"#elementor-action%3Aaction%3Dlightbox%26settings%3DeyJpZCI6NzI5OSwidXJsIjoiaHR0cHM6XC9cL3RsYWIuY29tLnRyXC93cC1jb250ZW50XC91cGxvYWRzXC8yMDIzXC8wN1wvdXJ1bi1sb2dvLTAzLmpwZyIsInNsaWRlc2hvdyI6IjM2NzJjZTkifQ%3D%3D\" href='https:\/\/tlab.com.tr\/wp-content\/uploads\/2023\/07\/urun-logo-03.jpg'><img loading=\"lazy\" decoding=\"async\" width=\"300\" height=\"300\" src=\"https:\/\/tlab.com.tr\/wp-content\/uploads\/2023\/07\/urun-logo-03-300x300.jpg\" class=\"attachment-medium size-medium\" alt=\"\" srcset=\"https:\/\/tlab.com.tr\/wp-content\/uploads\/2023\/07\/urun-logo-03-300x300.jpg 300w, https:\/\/tlab.com.tr\/wp-content\/uploads\/2023\/07\/urun-logo-03-150x150.jpg 150w, https:\/\/tlab.com.tr\/wp-content\/uploads\/2023\/07\/urun-logo-03.jpg 400w\" sizes=\"(max-width: 300px) 100vw, 300px\" \/><\/a>\n\t\t\t<\/div><\/figure><figure class='gallery-item'>\n\t\t\t<div class='gallery-icon landscape'>\n\t\t\t\t<a data-elementor-open-lightbox=\"yes\" data-elementor-lightbox-slideshow=\"3672ce9\" data-elementor-lightbox-title=\"urun-logo-04\" data-e-action-hash=\"#elementor-action%3Aaction%3Dlightbox%26settings%3DeyJpZCI6NzI5OCwidXJsIjoiaHR0cHM6XC9cL3RsYWIuY29tLnRyXC93cC1jb250ZW50XC91cGxvYWRzXC8yMDIzXC8wN1wvdXJ1bi1sb2dvLTA0LmpwZyIsInNsaWRlc2hvdyI6IjM2NzJjZTkifQ%3D%3D\" href='https:\/\/tlab.com.tr\/wp-content\/uploads\/2023\/07\/urun-logo-04.jpg'><img loading=\"lazy\" decoding=\"async\" width=\"300\" height=\"300\" src=\"https:\/\/tlab.com.tr\/wp-content\/uploads\/2023\/07\/urun-logo-04-300x300.jpg\" class=\"attachment-medium size-medium\" alt=\"\" srcset=\"https:\/\/tlab.com.tr\/wp-content\/uploads\/2023\/07\/urun-logo-04-300x300.jpg 300w, https:\/\/tlab.com.tr\/wp-content\/uploads\/2023\/07\/urun-logo-04-150x150.jpg 150w, https:\/\/tlab.com.tr\/wp-content\/uploads\/2023\/07\/urun-logo-04.jpg 400w\" sizes=\"(max-width: 300px) 100vw, 300px\" \/><\/a>\n\t\t\t<\/div><\/figure><figure class='gallery-item'>\n\t\t\t<div class='gallery-icon landscape'>\n\t\t\t\t<a data-elementor-open-lightbox=\"yes\" data-elementor-lightbox-slideshow=\"3672ce9\" data-elementor-lightbox-title=\"urun-logo-15\" data-e-action-hash=\"#elementor-action%3Aaction%3Dlightbox%26settings%3DeyJpZCI6NzI4NywidXJsIjoiaHR0cHM6XC9cL3RsYWIuY29tLnRyXC93cC1jb250ZW50XC91cGxvYWRzXC8yMDIzXC8wN1wvdXJ1bi1sb2dvLTE1LmpwZyIsInNsaWRlc2hvdyI6IjM2NzJjZTkifQ%3D%3D\" href='https:\/\/tlab.com.tr\/wp-content\/uploads\/2023\/07\/urun-logo-15.jpg'><img loading=\"lazy\" decoding=\"async\" width=\"300\" height=\"300\" src=\"https:\/\/tlab.com.tr\/wp-content\/uploads\/2023\/07\/urun-logo-15-300x300.jpg\" class=\"attachment-medium size-medium\" alt=\"\" srcset=\"https:\/\/tlab.com.tr\/wp-content\/uploads\/2023\/07\/urun-logo-15-300x300.jpg 300w, https:\/\/tlab.com.tr\/wp-content\/uploads\/2023\/07\/urun-logo-15-150x150.jpg 150w, https:\/\/tlab.com.tr\/wp-content\/uploads\/2023\/07\/urun-logo-15.jpg 400w\" sizes=\"(max-width: 300px) 100vw, 300px\" \/><\/a>\n\t\t\t<\/div><\/figure><figure class='gallery-item'>\n\t\t\t<div class='gallery-icon landscape'>\n\t\t\t\t<a data-elementor-open-lightbox=\"yes\" data-elementor-lightbox-slideshow=\"3672ce9\" data-elementor-lightbox-title=\"urun-logo-14\" data-e-action-hash=\"#elementor-action%3Aaction%3Dlightbox%26settings%3DeyJpZCI6NzI4OCwidXJsIjoiaHR0cHM6XC9cL3RsYWIuY29tLnRyXC93cC1jb250ZW50XC91cGxvYWRzXC8yMDIzXC8wN1wvdXJ1bi1sb2dvLTE0LmpwZyIsInNsaWRlc2hvdyI6IjM2NzJjZTkifQ%3D%3D\" href='https:\/\/tlab.com.tr\/wp-content\/uploads\/2023\/07\/urun-logo-14.jpg'><img loading=\"lazy\" decoding=\"async\" width=\"300\" height=\"300\" src=\"https:\/\/tlab.com.tr\/wp-content\/uploads\/2023\/07\/urun-logo-14-300x300.jpg\" class=\"attachment-medium size-medium\" alt=\"\" srcset=\"https:\/\/tlab.com.tr\/wp-content\/uploads\/2023\/07\/urun-logo-14-300x300.jpg 300w, https:\/\/tlab.com.tr\/wp-content\/uploads\/2023\/07\/urun-logo-14-150x150.jpg 150w, https:\/\/tlab.com.tr\/wp-content\/uploads\/2023\/07\/urun-logo-14.jpg 400w\" sizes=\"(max-width: 300px) 100vw, 300px\" \/><\/a>\n\t\t\t<\/div><\/figure><figure class='gallery-item'>\n\t\t\t<div class='gallery-icon landscape'>\n\t\t\t\t<a data-elementor-open-lightbox=\"yes\" data-elementor-lightbox-slideshow=\"3672ce9\" data-elementor-lightbox-title=\"urun-logo-13\" data-e-action-hash=\"#elementor-action%3Aaction%3Dlightbox%26settings%3DeyJpZCI6NzI4OSwidXJsIjoiaHR0cHM6XC9cL3RsYWIuY29tLnRyXC93cC1jb250ZW50XC91cGxvYWRzXC8yMDIzXC8wN1wvdXJ1bi1sb2dvLTEzLmpwZyIsInNsaWRlc2hvdyI6IjM2NzJjZTkifQ%3D%3D\" href='https:\/\/tlab.com.tr\/wp-content\/uploads\/2023\/07\/urun-logo-13.jpg'><img loading=\"lazy\" decoding=\"async\" width=\"300\" height=\"300\" src=\"https:\/\/tlab.com.tr\/wp-content\/uploads\/2023\/07\/urun-logo-13-300x300.jpg\" class=\"attachment-medium size-medium\" alt=\"\" srcset=\"https:\/\/tlab.com.tr\/wp-content\/uploads\/2023\/07\/urun-logo-13-300x300.jpg 300w, https:\/\/tlab.com.tr\/wp-content\/uploads\/2023\/07\/urun-logo-13-150x150.jpg 150w, https:\/\/tlab.com.tr\/wp-content\/uploads\/2023\/07\/urun-logo-13.jpg 400w\" sizes=\"(max-width: 300px) 100vw, 300px\" \/><\/a>\n\t\t\t<\/div><\/figure><figure class='gallery-item'>\n\t\t\t<div class='gallery-icon landscape'>\n\t\t\t\t<a data-elementor-open-lightbox=\"yes\" data-elementor-lightbox-slideshow=\"3672ce9\" data-elementor-lightbox-title=\"urun-logo-12\" data-e-action-hash=\"#elementor-action%3Aaction%3Dlightbox%26settings%3DeyJpZCI6NzI5MCwidXJsIjoiaHR0cHM6XC9cL3RsYWIuY29tLnRyXC93cC1jb250ZW50XC91cGxvYWRzXC8yMDIzXC8wN1wvdXJ1bi1sb2dvLTEyLmpwZyIsInNsaWRlc2hvdyI6IjM2NzJjZTkifQ%3D%3D\" href='https:\/\/tlab.com.tr\/wp-content\/uploads\/2023\/07\/urun-logo-12.jpg'><img loading=\"lazy\" decoding=\"async\" width=\"300\" height=\"300\" src=\"https:\/\/tlab.com.tr\/wp-content\/uploads\/2023\/07\/urun-logo-12-300x300.jpg\" class=\"attachment-medium size-medium\" alt=\"\" srcset=\"https:\/\/tlab.com.tr\/wp-content\/uploads\/2023\/07\/urun-logo-12-300x300.jpg 300w, https:\/\/tlab.com.tr\/wp-content\/uploads\/2023\/07\/urun-logo-12-150x150.jpg 150w, https:\/\/tlab.com.tr\/wp-content\/uploads\/2023\/07\/urun-logo-12.jpg 400w\" sizes=\"(max-width: 300px) 100vw, 300px\" \/><\/a>\n\t\t\t<\/div><\/figure><figure class='gallery-item'>\n\t\t\t<div class='gallery-icon landscape'>\n\t\t\t\t<a data-elementor-open-lightbox=\"yes\" data-elementor-lightbox-slideshow=\"3672ce9\" data-elementor-lightbox-title=\"urun-logo-11\" data-e-action-hash=\"#elementor-action%3Aaction%3Dlightbox%26settings%3DeyJpZCI6NzI5MSwidXJsIjoiaHR0cHM6XC9cL3RsYWIuY29tLnRyXC93cC1jb250ZW50XC91cGxvYWRzXC8yMDIzXC8wN1wvdXJ1bi1sb2dvLTExLmpwZyIsInNsaWRlc2hvdyI6IjM2NzJjZTkifQ%3D%3D\" href='https:\/\/tlab.com.tr\/wp-content\/uploads\/2023\/07\/urun-logo-11.jpg'><img loading=\"lazy\" decoding=\"async\" width=\"300\" height=\"300\" src=\"https:\/\/tlab.com.tr\/wp-content\/uploads\/2023\/07\/urun-logo-11-300x300.jpg\" class=\"attachment-medium size-medium\" alt=\"\" srcset=\"https:\/\/tlab.com.tr\/wp-content\/uploads\/2023\/07\/urun-logo-11-300x300.jpg 300w, https:\/\/tlab.com.tr\/wp-content\/uploads\/2023\/07\/urun-logo-11-150x150.jpg 150w, https:\/\/tlab.com.tr\/wp-content\/uploads\/2023\/07\/urun-logo-11.jpg 400w\" sizes=\"(max-width: 300px) 100vw, 300px\" \/><\/a>\n\t\t\t<\/div><\/figure><figure class='gallery-item'>\n\t\t\t<div class='gallery-icon landscape'>\n\t\t\t\t<a data-elementor-open-lightbox=\"yes\" data-elementor-lightbox-slideshow=\"3672ce9\" data-elementor-lightbox-title=\"urun-logo-10\" data-e-action-hash=\"#elementor-action%3Aaction%3Dlightbox%26settings%3DeyJpZCI6NzI5MiwidXJsIjoiaHR0cHM6XC9cL3RsYWIuY29tLnRyXC93cC1jb250ZW50XC91cGxvYWRzXC8yMDIzXC8wN1wvdXJ1bi1sb2dvLTEwLmpwZyIsInNsaWRlc2hvdyI6IjM2NzJjZTkifQ%3D%3D\" href='https:\/\/tlab.com.tr\/wp-content\/uploads\/2023\/07\/urun-logo-10.jpg'><img loading=\"lazy\" decoding=\"async\" width=\"300\" height=\"300\" src=\"https:\/\/tlab.com.tr\/wp-content\/uploads\/2023\/07\/urun-logo-10-300x300.jpg\" class=\"attachment-medium size-medium\" alt=\"\" srcset=\"https:\/\/tlab.com.tr\/wp-content\/uploads\/2023\/07\/urun-logo-10-300x300.jpg 300w, https:\/\/tlab.com.tr\/wp-content\/uploads\/2023\/07\/urun-logo-10-150x150.jpg 150w, https:\/\/tlab.com.tr\/wp-content\/uploads\/2023\/07\/urun-logo-10.jpg 400w\" sizes=\"(max-width: 300px) 100vw, 300px\" \/><\/a>\n\t\t\t<\/div><\/figure><figure class='gallery-item'>\n\t\t\t<div class='gallery-icon landscape'>\n\t\t\t\t<a data-elementor-open-lightbox=\"yes\" data-elementor-lightbox-slideshow=\"3672ce9\" data-elementor-lightbox-title=\"urun-logo-09\" data-e-action-hash=\"#elementor-action%3Aaction%3Dlightbox%26settings%3DeyJpZCI6NzI5MywidXJsIjoiaHR0cHM6XC9cL3RsYWIuY29tLnRyXC93cC1jb250ZW50XC91cGxvYWRzXC8yMDIzXC8wN1wvdXJ1bi1sb2dvLTA5LmpwZyIsInNsaWRlc2hvdyI6IjM2NzJjZTkifQ%3D%3D\" href='https:\/\/tlab.com.tr\/wp-content\/uploads\/2023\/07\/urun-logo-09.jpg'><img loading=\"lazy\" decoding=\"async\" width=\"300\" height=\"300\" src=\"https:\/\/tlab.com.tr\/wp-content\/uploads\/2023\/07\/urun-logo-09-300x300.jpg\" class=\"attachment-medium size-medium\" alt=\"\" srcset=\"https:\/\/tlab.com.tr\/wp-content\/uploads\/2023\/07\/urun-logo-09-300x300.jpg 300w, https:\/\/tlab.com.tr\/wp-content\/uploads\/2023\/07\/urun-logo-09-150x150.jpg 150w, https:\/\/tlab.com.tr\/wp-content\/uploads\/2023\/07\/urun-logo-09.jpg 400w\" sizes=\"(max-width: 300px) 100vw, 300px\" \/><\/a>\n\t\t\t<\/div><\/figure><figure class='gallery-item'>\n\t\t\t<div class='gallery-icon landscape'>\n\t\t\t\t<a data-elementor-open-lightbox=\"yes\" data-elementor-lightbox-slideshow=\"3672ce9\" data-elementor-lightbox-title=\"urun-logo-08\" data-e-action-hash=\"#elementor-action%3Aaction%3Dlightbox%26settings%3DeyJpZCI6NzI5NCwidXJsIjoiaHR0cHM6XC9cL3RsYWIuY29tLnRyXC93cC1jb250ZW50XC91cGxvYWRzXC8yMDIzXC8wN1wvdXJ1bi1sb2dvLTA4LmpwZyIsInNsaWRlc2hvdyI6IjM2NzJjZTkifQ%3D%3D\" href='https:\/\/tlab.com.tr\/wp-content\/uploads\/2023\/07\/urun-logo-08.jpg'><img loading=\"lazy\" decoding=\"async\" width=\"300\" height=\"300\" src=\"https:\/\/tlab.com.tr\/wp-content\/uploads\/2023\/07\/urun-logo-08-300x300.jpg\" class=\"attachment-medium size-medium\" alt=\"\" srcset=\"https:\/\/tlab.com.tr\/wp-content\/uploads\/2023\/07\/urun-logo-08-300x300.jpg 300w, https:\/\/tlab.com.tr\/wp-content\/uploads\/2023\/07\/urun-logo-08-150x150.jpg 150w, https:\/\/tlab.com.tr\/wp-content\/uploads\/2023\/07\/urun-logo-08.jpg 400w\" sizes=\"(max-width: 300px) 100vw, 300px\" \/><\/a>\n\t\t\t<\/div><\/figure><figure class='gallery-item'>\n\t\t\t<div class='gallery-icon landscape'>\n\t\t\t\t<a data-elementor-open-lightbox=\"yes\" data-elementor-lightbox-slideshow=\"3672ce9\" data-elementor-lightbox-title=\"urun-logo-07\" data-e-action-hash=\"#elementor-action%3Aaction%3Dlightbox%26settings%3DeyJpZCI6NzI5NSwidXJsIjoiaHR0cHM6XC9cL3RsYWIuY29tLnRyXC93cC1jb250ZW50XC91cGxvYWRzXC8yMDIzXC8wN1wvdXJ1bi1sb2dvLTA3LmpwZyIsInNsaWRlc2hvdyI6IjM2NzJjZTkifQ%3D%3D\" href='https:\/\/tlab.com.tr\/wp-content\/uploads\/2023\/07\/urun-logo-07.jpg'><img loading=\"lazy\" decoding=\"async\" width=\"300\" height=\"300\" src=\"https:\/\/tlab.com.tr\/wp-content\/uploads\/2023\/07\/urun-logo-07-300x300.jpg\" class=\"attachment-medium size-medium\" alt=\"\" srcset=\"https:\/\/tlab.com.tr\/wp-content\/uploads\/2023\/07\/urun-logo-07-300x300.jpg 300w, https:\/\/tlab.com.tr\/wp-content\/uploads\/2023\/07\/urun-logo-07-150x150.jpg 150w, https:\/\/tlab.com.tr\/wp-content\/uploads\/2023\/07\/urun-logo-07.jpg 400w\" sizes=\"(max-width: 300px) 100vw, 300px\" \/><\/a>\n\t\t\t<\/div><\/figure><figure class='gallery-item'>\n\t\t\t<div class='gallery-icon landscape'>\n\t\t\t\t<a data-elementor-open-lightbox=\"yes\" data-elementor-lightbox-slideshow=\"3672ce9\" data-elementor-lightbox-title=\"urun-logo-16\" data-e-action-hash=\"#elementor-action%3Aaction%3Dlightbox%26settings%3DeyJpZCI6NzI4NiwidXJsIjoiaHR0cHM6XC9cL3RsYWIuY29tLnRyXC93cC1jb250ZW50XC91cGxvYWRzXC8yMDIzXC8wN1wvdXJ1bi1sb2dvLTE2LmpwZyIsInNsaWRlc2hvdyI6IjM2NzJjZTkifQ%3D%3D\" href='https:\/\/tlab.com.tr\/wp-content\/uploads\/2023\/07\/urun-logo-16.jpg'><img loading=\"lazy\" decoding=\"async\" width=\"300\" height=\"300\" src=\"https:\/\/tlab.com.tr\/wp-content\/uploads\/2023\/07\/urun-logo-16-300x300.jpg\" class=\"attachment-medium size-medium\" alt=\"\" srcset=\"https:\/\/tlab.com.tr\/wp-content\/uploads\/2023\/07\/urun-logo-16-300x300.jpg 300w, https:\/\/tlab.com.tr\/wp-content\/uploads\/2023\/07\/urun-logo-16-150x150.jpg 150w, https:\/\/tlab.com.tr\/wp-content\/uploads\/2023\/07\/urun-logo-16.jpg 400w\" sizes=\"(max-width: 300px) 100vw, 300px\" \/><\/a>\n\t\t\t<\/div><\/figure>\n\t\t<\/div>\n\t\t<\/div>\n\t\t\t\t\t\t<\/div>\n\t\t\t\t<\/div>\n\t\t\t\t\t<\/div>\n\t\t<\/div>\n\t\t\t\t\t<\/div>\n\t\t<\/section>\n\t\t\t\t<\/div>","protected":false},"excerpt":{"rendered":"<p>T-LAB olarak markalar\u0131m\u0131zla sekt\u00f6r\u00fcm\u00fczde \u00fcretmeye;yenilik\u00e7i ve profesyonel ad\u0131mlar ile ilerleyerek alan\u0131m\u0131zda belirleyici olmaya devam ediyoruz.<\/p>","protected":false},"author":1,"featured_media":0,"parent":0,"menu_order":0,"comment_status":"closed","ping_status":"closed","template":"","meta":{"_monsterinsights_skip_tracking":false,"_monsterinsights_sitenote_active":false,"_monsterinsights_sitenote_note":"","_monsterinsights_sitenote_category":0,"_uf_show_specific_survey":0,"_uf_disable_surveys":false,"footnotes":""},"class_list":["post-7281","page","type-page","status-publish","hentry","post-no-thumbnail"],"_links":{"self":[{"href":"https:\/\/tlab.com.tr\/en\/wp-json\/wp\/v2\/pages\/7281","targetHints":{"allow":["GET"]}}],"collection":[{"href":"https:\/\/tlab.com.tr\/en\/wp-json\/wp\/v2\/pages"}],"about":[{"href":"https:\/\/tlab.com.tr\/en\/wp-json\/wp\/v2\/types\/page"}],"author":[{"embeddable":true,"href":"https:\/\/tlab.com.tr\/en\/wp-json\/wp\/v2\/users\/1"}],"replies":[{"embeddable":true,"href":"https:\/\/tlab.com.tr\/en\/wp-json\/wp\/v2\/comments?post=7281"}],"version-history":[{"count":29,"href":"https:\/\/tlab.com.tr\/en\/wp-json\/wp\/v2\/pages\/7281\/revisions"}],"predecessor-version":[{"id":11332,"href":"https:\/\/tlab.com.tr\/en\/wp-json\/wp\/v2\/pages\/7281\/revisions\/11332"}],"wp:attachment":[{"href":"https:\/\/tlab.com.tr\/en\/wp-json\/wp\/v2\/media?parent=7281"}],"curies":[{"name":"wp","href":"https:\/\/api.w.org\/{rel}","templated":true}]}}