{"id":7308,"date":"2023-07-10T18:01:59","date_gmt":"2023-07-10T15:01:59","guid":{"rendered":"https:\/\/tlab.com.tr\/?page_id=7308"},"modified":"2024-02-08T15:57:21","modified_gmt":"2024-02-08T12:57:21","slug":"insan-kaynaklari","status":"publish","type":"page","link":"https:\/\/tlab.com.tr\/en\/human-resources\/","title":{"rendered":"Human Resources"},"content":{"rendered":"<div data-elementor-type=\"wp-page\" data-elementor-id=\"7308\" class=\"elementor elementor-7308\">\n\t\t\t\t\t\t<section class=\"elementor-section elementor-top-section elementor-element elementor-element-c36c8e4 elementor-section-boxed elementor-section-gap-beside-yes elementor-section-height-default elementor-section-height-default elementor-section-column-vertical-align-stretch\" data-id=\"c36c8e4\" data-element_type=\"section\" data-e-type=\"section\">\n\t\t\t\t\t\t<div class=\"elementor-container elementor-column-gap-extended\">\n\t\t\t\t\t<div class=\"elementor-column elementor-col-100 elementor-top-column elementor-element elementor-element-1449f04\" data-id=\"1449f04\" data-element_type=\"column\" data-e-type=\"column\">\n\t\t\t<div class=\"elementor-widget-wrap\">\n\t\t\t\t\t\t\t<\/div>\n\t\t<\/div>\n\t\t\t\t\t<\/div>\n\t\t<\/section>\n\t\t\t\t<section class=\"elementor-section elementor-top-section elementor-element elementor-element-b7095af elementor-section-boxed elementor-section-gap-beside-yes elementor-section-height-default elementor-section-height-default elementor-section-column-vertical-align-stretch\" data-id=\"b7095af\" data-element_type=\"section\" data-e-type=\"section\">\n\t\t\t\t\t\t<div class=\"elementor-container elementor-column-gap-extended\">\n\t\t\t\t\t<div class=\"elementor-column elementor-col-100 elementor-top-column elementor-element elementor-element-e767231\" data-id=\"e767231\" data-element_type=\"column\" data-e-type=\"column\">\n\t\t\t<div class=\"elementor-widget-wrap elementor-element-populated\">\n\t\t\t\t\t\t<div class=\"elementor-element elementor-element-d2679cd elementor-widget elementor-widget-image\" data-id=\"d2679cd\" data-element_type=\"widget\" data-e-type=\"widget\" data-widget_type=\"image.default\">\n\t\t\t\t<div class=\"elementor-widget-container\">\n\t\t\t\t\t\t\t\t\t\t\t\t\t\t\t<img fetchpriority=\"high\" decoding=\"async\" width=\"1420\" height=\"300\" src=\"https:\/\/tlab.com.tr\/wp-content\/uploads\/2023\/08\/humanresources.png\" class=\"attachment-full size-full wp-image-7580\" alt=\"\" srcset=\"https:\/\/tlab.com.tr\/wp-content\/uploads\/2023\/08\/humanresources.png 1420w, https:\/\/tlab.com.tr\/wp-content\/uploads\/2023\/08\/humanresources-300x63.png 300w, https:\/\/tlab.com.tr\/wp-content\/uploads\/2023\/08\/humanresources-1024x216.png 1024w, https:\/\/tlab.com.tr\/wp-content\/uploads\/2023\/08\/humanresources-768x162.png 768w, https:\/\/tlab.com.tr\/wp-content\/uploads\/2023\/08\/humanresources-18x4.png 18w\" sizes=\"(max-width: 1420px) 100vw, 1420px\" \/>\t\t\t\t\t\t\t\t\t\t\t\t\t\t\t<\/div>\n\t\t\t\t<\/div>\n\t\t\t\t\t<\/div>\n\t\t<\/div>\n\t\t\t\t\t<\/div>\n\t\t<\/section>\n\t\t\t\t<section class=\"elementor-section elementor-top-section elementor-element elementor-element-7e97e5a elementor-section-boxed elementor-section-gap-beside-yes elementor-section-height-default elementor-section-height-default elementor-section-column-vertical-align-stretch\" data-id=\"7e97e5a\" data-element_type=\"section\" data-e-type=\"section\">\n\t\t\t\t\t\t<div class=\"elementor-container elementor-column-gap-extended\">\n\t\t\t\t\t<div class=\"elementor-column elementor-col-50 elementor-top-column elementor-element elementor-element-7ac0fc0\" data-id=\"7ac0fc0\" data-element_type=\"column\" data-e-type=\"column\">\n\t\t\t<div class=\"elementor-widget-wrap elementor-element-populated\">\n\t\t\t\t\t\t<div class=\"elementor-element elementor-element-28a17f0 elementor-widget elementor-widget-text-editor\" data-id=\"28a17f0\" data-element_type=\"widget\" data-e-type=\"widget\" data-widget_type=\"text-editor.default\">\n\t\t\t\t<div class=\"elementor-widget-container\">\n\t\t\t\t\t\t\t\t\t<h5><b>Our Recruitment, Selection and Placement System<\/b><\/h5><p><span style=\"letter-spacing: 0em;\">The system that is based on the recruitment of personnel candidates who can provide the features needed in our business processes, as follows:<\/span><\/p><ul><li>Determination of the need and personnel demand<\/li><li>Pre-selection<\/li><li>Job interviews<\/li><li>Reference interviews<\/li><li>Final decision and job offer<\/li><\/ul>\t\t\t\t\t\t\t\t<\/div>\n\t\t\t\t<\/div>\n\t\t\t\t\t<\/div>\n\t\t<\/div>\n\t\t\t\t<div class=\"elementor-column elementor-col-50 elementor-top-column elementor-element elementor-element-1ffbe5d\" data-id=\"1ffbe5d\" data-element_type=\"column\" data-e-type=\"column\">\n\t\t\t<div class=\"elementor-widget-wrap elementor-element-populated\">\n\t\t\t\t\t\t<div class=\"elementor-element elementor-element-4e87abc elementor-widget elementor-widget-text-editor\" data-id=\"4e87abc\" data-element_type=\"widget\" data-e-type=\"widget\" data-widget_type=\"text-editor.default\">\n\t\t\t\t<div class=\"elementor-widget-container\">\n\t\t\t\t\t\t\t\t\t<h5><strong>Job applications<\/strong><\/h5>\nT-LAB family is a company that ascribes importance to women's employment and aims to improve the life quality and working conditions of its employees at the highest level. While adding new members to its family, T-LAB aims to place the right employee in the right position at the right time, in line with the brand's strategies. We want to achieve new accomplishments in our rapidly growing sector and create the future together.\n<br\/><br\/>\nYou can reach our company's open positions from the link below or\u00a0<a href=\"mailto:ik@tlab.com.tr\" target=\"_blank\">tlab.com.tr<\/a>\u00a0You can send your resume to e-mail address\t\t\t\t\t\t\t\t<\/div>\n\t\t\t\t<\/div>\n\t\t\t\t<div class=\"elementor-element elementor-element-4310d4b elementor-widget elementor-widget-spacer\" data-id=\"4310d4b\" data-element_type=\"widget\" data-e-type=\"widget\" data-widget_type=\"spacer.default\">\n\t\t\t\t<div class=\"elementor-widget-container\">\n\t\t\t\t\t\t\t<div class=\"elementor-spacer\">\n\t\t\t<div class=\"elementor-spacer-inner\"><\/div>\n\t\t<\/div>\n\t\t\t\t\t\t<\/div>\n\t\t\t\t<\/div>\n\t\t\t\t<div class=\"elementor-element elementor-element-c6752c6 elementor-widget elementor-widget-button\" data-id=\"c6752c6\" data-element_type=\"widget\" data-e-type=\"widget\" data-widget_type=\"button.default\">\n\t\t\t\t<div class=\"elementor-widget-container\">\n\t\t\t\t\t\t\t\t\t<div class=\"elementor-button-wrapper\">\n\t\t\t\t\t<a class=\"elementor-button elementor-button-link elementor-size-md\" href=\"#\">\n\t\t\t\t\t\t<span class=\"elementor-button-content-wrapper\">\n\t\t\t\t\t\t<span class=\"elementor-button-icon\">\n\t\t\t\t<i aria-hidden=\"true\" class=\"fal fa-external-link-square\"><\/i>\t\t\t<\/span>\n\t\t\t\t\t\t\t\t\t<span class=\"elementor-button-text\">Open Positions (Kariyer.net)<\/span>\n\t\t\t\t\t<\/span>\n\t\t\t\t\t<\/a>\n\t\t\t\t<\/div>\n\t\t\t\t\t\t\t\t<\/div>\n\t\t\t\t<\/div>\n\t\t\t\t\t<\/div>\n\t\t<\/div>\n\t\t\t\t\t<\/div>\n\t\t<\/section>\n\t\t\t\t<section class=\"elementor-section elementor-top-section elementor-element elementor-element-28f9bef elementor-section-boxed elementor-section-gap-beside-yes elementor-section-height-default elementor-section-height-default elementor-section-column-vertical-align-stretch\" data-id=\"28f9bef\" data-element_type=\"section\" data-e-type=\"section\">\n\t\t\t\t\t\t<div class=\"elementor-container elementor-column-gap-extended\">\n\t\t\t\t\t<div class=\"elementor-column elementor-col-100 elementor-top-column elementor-element elementor-element-57752f6\" data-id=\"57752f6\" data-element_type=\"column\" data-e-type=\"column\">\n\t\t\t<div class=\"elementor-widget-wrap elementor-element-populated\">\n\t\t\t\t\t\t<div class=\"elementor-element elementor-element-3bdd78b elementor-widget elementor-widget-spacer\" data-id=\"3bdd78b\" data-element_type=\"widget\" data-e-type=\"widget\" data-widget_type=\"spacer.default\">\n\t\t\t\t<div class=\"elementor-widget-container\">\n\t\t\t\t\t\t\t<div class=\"elementor-spacer\">\n\t\t\t<div class=\"elementor-spacer-inner\"><\/div>\n\t\t<\/div>\n\t\t\t\t\t\t<\/div>\n\t\t\t\t<\/div>\n\t\t\t\t\t<\/div>\n\t\t<\/div>\n\t\t\t\t\t<\/div>\n\t\t<\/section>\n\t\t\t\t<\/div>","protected":false},"excerpt":{"rendered":"<p>\u0130\u015fe Alma, Se\u00e7me ve Yerle\u015ftirme Sistemimiz \u0130\u015f s\u00fcre\u00e7lerimizde ihtiya\u00e7 duyulan \u00f6zellikleri sa\u011flayabilecek personel adaylar\u0131n\u0131n i\u015fe al\u0131nmas\u0131nda temel al\u0131nan sistem a\u015fa\u011f\u0131daki gibidir: \u0130htiyac\u0131n belirlenmesi ve personel talebi \u00d6n eleme \u0130\u015f g\u00f6r\u00fc\u015fmeleri Referans g\u00f6r\u00fc\u015fmeleri Karar ve i\u015f teklifinin yap\u0131lmas\u0131 \u0130\u015f ba\u015fvurular\u0131 T-LAB ailesi kad\u0131n istihdam\u0131na \u00f6nem veren, \u00e7al\u0131\u015fanlar\u0131n\u0131n ya\u015fam kalitesini ve \u00e7al\u0131\u015fma \u015fartlar\u0131n\u0131 maksimum d\u00fczeyde iyile\u015ftirmeyi hedefleyen bir \u015firkettir. T-LAB, ailesine yeni \u00fcyeler d\u00e2hil ederken, markan\u0131n stratejileri do\u011frultusunda do\u011fru \u00e7al\u0131\u015fan\u0131, do\u011fru zamanda, do\u011fru pozisyonda ihtiyaca y\u00f6nelik yerle\u015ftirmeyi ama\u00e7 edinir. H\u0131zla geli\u015fen sekt\u00f6r\u00fcm\u00fczde yeni ba\u015far\u0131lara imza atmak ve gelece\u011fi birlikte olu\u015fturmak istiyoruz. \u015eirketimizin a\u00e7\u0131k pozisyonlar\u0131na a\u015fa\u011f\u0131daki linkten ula\u015fabilir veya\u00a0ik@tlab.com.tr\u00a0mail adresine\u00a0\u00f6zge\u00e7mi\u015finizi g\u00f6nderebilirsiniz A\u00e7\u0131k Pozisyonlar (Kariyer.net)<\/p>","protected":false},"author":1,"featured_media":0,"parent":0,"menu_order":0,"comment_status":"closed","ping_status":"closed","template":"","meta":{"_monsterinsights_skip_tracking":false,"_monsterinsights_sitenote_active":false,"_monsterinsights_sitenote_note":"","_monsterinsights_sitenote_category":0,"_uf_show_specific_survey":0,"_uf_disable_surveys":false,"footnotes":""},"class_list":["post-7308","page","type-page","status-publish","hentry","post-no-thumbnail"],"_links":{"self":[{"href":"https:\/\/tlab.com.tr\/en\/wp-json\/wp\/v2\/pages\/7308","targetHints":{"allow":["GET"]}}],"collection":[{"href":"https:\/\/tlab.com.tr\/en\/wp-json\/wp\/v2\/pages"}],"about":[{"href":"https:\/\/tlab.com.tr\/en\/wp-json\/wp\/v2\/types\/page"}],"author":[{"embeddable":true,"href":"https:\/\/tlab.com.tr\/en\/wp-json\/wp\/v2\/users\/1"}],"replies":[{"embeddable":true,"href":"https:\/\/tlab.com.tr\/en\/wp-json\/wp\/v2\/comments?post=7308"}],"version-history":[{"count":23,"href":"https:\/\/tlab.com.tr\/en\/wp-json\/wp\/v2\/pages\/7308\/revisions"}],"predecessor-version":[{"id":11363,"href":"https:\/\/tlab.com.tr\/en\/wp-json\/wp\/v2\/pages\/7308\/revisions\/11363"}],"wp:attachment":[{"href":"https:\/\/tlab.com.tr\/en\/wp-json\/wp\/v2\/media?parent=7308"}],"curies":[{"name":"wp","href":"https:\/\/api.w.org\/{rel}","templated":true}]}}