{"id":7972,"date":"2023-07-18T14:59:13","date_gmt":"2023-07-18T11:59:13","guid":{"rendered":"https:\/\/tlab.com.tr\/?page_id=7972"},"modified":"2024-12-02T14:40:40","modified_gmt":"2024-12-02T11:40:40","slug":"t-lab-fine-kanul","status":"publish","type":"page","link":"https:\/\/tlab.com.tr\/en\/t-lab-fine-cannula\/","title":{"rendered":"T-LAB FINE Cannula"},"content":{"rendered":"<div data-elementor-type=\"wp-page\" data-elementor-id=\"7972\" class=\"elementor elementor-7972\">\n\t\t\t\t\t\t<section class=\"elementor-section elementor-top-section elementor-element elementor-element-f0492a0 elementor-section-boxed elementor-section-gap-beside-yes elementor-section-height-default elementor-section-height-default elementor-section-column-vertical-align-stretch\" data-id=\"f0492a0\" data-element_type=\"section\" data-e-type=\"section\">\n\t\t\t\t\t\t<div class=\"elementor-container elementor-column-gap-extended\">\n\t\t\t\t\t<div class=\"elementor-column elementor-col-50 elementor-top-column elementor-element elementor-element-ce00c07\" data-id=\"ce00c07\" data-element_type=\"column\" data-e-type=\"column\">\n\t\t\t<div class=\"elementor-widget-wrap elementor-element-populated\">\n\t\t\t\t\t\t<div class=\"elementor-element elementor-element-da4cded elementor-widget elementor-widget-heading\" data-id=\"da4cded\" data-element_type=\"widget\" data-e-type=\"widget\" data-widget_type=\"heading.default\">\n\t\t\t\t<div class=\"elementor-widget-container\">\n\t\t\t\t\t<h2 class=\"elementor-heading-title elementor-size-default\">Light-handed doctors have a secret<\/h2>\t\t\t\t<\/div>\n\t\t\t\t<\/div>\n\t\t\t\t<div class=\"elementor-element elementor-element-cd02fc4 elementor-widget elementor-widget-heading\" data-id=\"cd02fc4\" data-element_type=\"widget\" data-e-type=\"widget\" data-widget_type=\"heading.default\">\n\t\t\t\t<div class=\"elementor-widget-container\">\n\t\t\t\t\t<h2 class=\"elementor-heading-title elementor-size-default\">T-LAB FINE CANNULA<\/h2>\t\t\t\t<\/div>\n\t\t\t\t<\/div>\n\t\t\t\t<div class=\"elementor-element elementor-element-9ff1e65 elementor-widget elementor-widget-text-editor\" data-id=\"9ff1e65\" data-element_type=\"widget\" data-e-type=\"widget\" data-widget_type=\"text-editor.default\">\n\t\t\t\t<div class=\"elementor-widget-container\">\n\t\t\t\t\t\t\t\t\t<p><span style=\"color: #000000;\"><strong>Less bleeding, bruising, swelling with its special tip design, easier injection with its large inner diameter and high patient comfort.<\/strong><\/span><\/p><p><span style=\"color: #000000;\">T-LAB Fine Cannula is manufactured from tough but flexible Japanese steel. With its micro-polishing technology, it provides a much easier and faster injection of dermal fillers with an inner diameter of up to 60% compared to standard cannulas.<\/span><\/p><p><span style=\"color: #000000;\">The special dome-shaped design of its blunt end facilitates its movement between tissues, while minimizing damage to capillaries and surrounding tissues. In this way, while minimizing the effects of bleeding, swelling and bruising on standard cannulas, it maximizes patient comfort.<\/span><\/p><p><span style=\"color: #000000;\">With the guide lines on the cannula, the depth going inside can be observed inch by inch. The direction to be injected can be adjusted with the direction indicator on the hub of the cannula.<\/span><\/p>\t\t\t\t\t\t\t\t<\/div>\n\t\t\t\t<\/div>\n\t\t\t\t\t<\/div>\n\t\t<\/div>\n\t\t\t\t<div class=\"elementor-column elementor-col-50 elementor-top-column elementor-element elementor-element-a502ce8\" data-id=\"a502ce8\" data-element_type=\"column\" data-e-type=\"column\">\n\t\t\t<div class=\"elementor-widget-wrap elementor-element-populated\">\n\t\t\t\t\t\t<div class=\"elementor-element elementor-element-cf05d34 elementor-widget elementor-widget-image\" data-id=\"cf05d34\" data-element_type=\"widget\" data-e-type=\"widget\" data-widget_type=\"image.default\">\n\t\t\t\t<div class=\"elementor-widget-container\">\n\t\t\t\t\t\t\t\t\t\t\t\t\t\t\t<img fetchpriority=\"high\" decoding=\"async\" width=\"640\" height=\"560\" src=\"https:\/\/tlab.com.tr\/wp-content\/uploads\/2023\/07\/kanuller-ve-kutusu-02-800x700-1.jpg\" class=\"attachment-large size-large wp-image-7974\" alt=\"\" srcset=\"https:\/\/tlab.com.tr\/wp-content\/uploads\/2023\/07\/kanuller-ve-kutusu-02-800x700-1.jpg 800w, https:\/\/tlab.com.tr\/wp-content\/uploads\/2023\/07\/kanuller-ve-kutusu-02-800x700-1-300x263.jpg 300w, https:\/\/tlab.com.tr\/wp-content\/uploads\/2023\/07\/kanuller-ve-kutusu-02-800x700-1-768x672.jpg 768w\" sizes=\"(max-width: 640px) 100vw, 640px\" \/>\t\t\t\t\t\t\t\t\t\t\t\t\t\t\t<\/div>\n\t\t\t\t<\/div>\n\t\t\t\t\t<\/div>\n\t\t<\/div>\n\t\t\t\t\t<\/div>\n\t\t<\/section>\n\t\t\t\t<section class=\"elementor-section elementor-top-section elementor-element elementor-element-7466f8b elementor-section-boxed elementor-section-gap-beside-yes elementor-section-height-default elementor-section-height-default elementor-section-column-vertical-align-stretch\" data-id=\"7466f8b\" data-element_type=\"section\" data-e-type=\"section\" data-settings=\"{&quot;background_background&quot;:&quot;gradient&quot;,&quot;shape_divider_top&quot;:&quot;mountains&quot;}\">\n\t\t\t\t\t<div class=\"elementor-shape elementor-shape-top\" aria-hidden=\"true\" data-negative=\"false\">\n\t\t\t<svg xmlns=\"http:\/\/www.w3.org\/2000\/svg\" viewbox=\"0 0 1000 100\" preserveaspectratio=\"none\">\n\t<path class=\"elementor-shape-fill\" opacity=\"0.33\" d=\"M473,67.3c-203.9,88.3-263.1-34-320.3,0C66,119.1,0,59.7,0,59.7V0h1000v59.7 c0,0-62.1,26.1-94.9,29.3c-32.8,3.3-62.8-12.3-75.8-22.1C806,49.6,745.3,8.7,694.9,4.7S492.4,59,473,67.3z\"\/>\n\t<path class=\"elementor-shape-fill\" opacity=\"0.66\" d=\"M734,67.3c-45.5,0-77.2-23.2-129.1-39.1c-28.6-8.7-150.3-10.1-254,39.1 s-91.7-34.4-149.2,0C115.7,118.3,0,39.8,0,39.8V0h1000v36.5c0,0-28.2-18.5-92.1-18.5C810.2,18.1,775.7,67.3,734,67.3z\"\/>\n\t<path class=\"elementor-shape-fill\" d=\"M766.1,28.9c-200-57.5-266,65.5-395.1,19.5C242,1.8,242,5.4,184.8,20.6C128,35.8,132.3,44.9,89.9,52.5C28.6,63.7,0,0,0,0 h1000c0,0-9.9,40.9-83.6,48.1S829.6,47,766.1,28.9z\"\/>\n<\/svg>\t\t<\/div>\n\t\t\t\t\t<div class=\"elementor-container elementor-column-gap-default\">\n\t\t\t\t\t<div class=\"elementor-column elementor-col-50 elementor-top-column elementor-element elementor-element-06b2937\" data-id=\"06b2937\" data-element_type=\"column\" data-e-type=\"column\">\n\t\t\t<div class=\"elementor-widget-wrap elementor-element-populated\">\n\t\t\t\t\t\t<div class=\"elementor-element elementor-element-8f10f3d elementor-widget elementor-widget-image\" data-id=\"8f10f3d\" data-element_type=\"widget\" data-e-type=\"widget\" data-widget_type=\"image.default\">\n\t\t\t\t<div class=\"elementor-widget-container\">\n\t\t\t\t\t\t\t\t\t\t\t\t\t\t\t<img decoding=\"async\" width=\"640\" height=\"467\" src=\"https:\/\/tlab.com.tr\/wp-content\/uploads\/2023\/07\/iki-kanul-ustten-acili-4-1024x747.png\" class=\"attachment-large size-large wp-image-7978\" alt=\"\" srcset=\"https:\/\/tlab.com.tr\/wp-content\/uploads\/2023\/07\/iki-kanul-ustten-acili-4-1024x747.png 1024w, https:\/\/tlab.com.tr\/wp-content\/uploads\/2023\/07\/iki-kanul-ustten-acili-4-300x219.png 300w, https:\/\/tlab.com.tr\/wp-content\/uploads\/2023\/07\/iki-kanul-ustten-acili-4-768x560.png 768w, https:\/\/tlab.com.tr\/wp-content\/uploads\/2023\/07\/iki-kanul-ustten-acili-4.png 1061w\" sizes=\"(max-width: 640px) 100vw, 640px\" \/>\t\t\t\t\t\t\t\t\t\t\t\t\t\t\t<\/div>\n\t\t\t\t<\/div>\n\t\t\t\t\t<\/div>\n\t\t<\/div>\n\t\t\t\t<div class=\"elementor-column elementor-col-50 elementor-top-column elementor-element elementor-element-f34acfd\" data-id=\"f34acfd\" data-element_type=\"column\" data-e-type=\"column\">\n\t\t\t<div class=\"elementor-widget-wrap elementor-element-populated\">\n\t\t\t\t\t\t<div class=\"elementor-element elementor-element-bdc4ff6 elementor-widget elementor-widget-heading\" data-id=\"bdc4ff6\" data-element_type=\"widget\" data-e-type=\"widget\" data-widget_type=\"heading.default\">\n\t\t\t\t<div class=\"elementor-widget-container\">\n\t\t\t\t\t<h2 class=\"elementor-heading-title elementor-size-default\">MICRO POLISHING TECHNOLOGY<\/h2>\t\t\t\t<\/div>\n\t\t\t\t<\/div>\n\t\t\t\t<div class=\"elementor-element elementor-element-b768825 elementor-widget elementor-widget-text-editor\" data-id=\"b768825\" data-element_type=\"widget\" data-e-type=\"widget\" data-widget_type=\"text-editor.default\">\n\t\t\t\t<div class=\"elementor-widget-container\">\n\t\t\t\t\t\t\t\t\t<p>Maximum flexibility,<br \/>Minimal trauma,<br \/>Best price\/performance<\/p>\t\t\t\t\t\t\t\t<\/div>\n\t\t\t\t<\/div>\n\t\t\t\t\t<\/div>\n\t\t<\/div>\n\t\t\t\t\t<\/div>\n\t\t<\/section>\n\t\t\t\t<section class=\"elementor-section elementor-top-section elementor-element elementor-element-6dc2315 elementor-section-boxed elementor-section-gap-beside-yes elementor-section-height-default elementor-section-height-default elementor-section-column-vertical-align-stretch\" data-id=\"6dc2315\" data-element_type=\"section\" data-e-type=\"section\" data-settings=\"{&quot;background_background&quot;:&quot;slideshow&quot;,&quot;background_slideshow_gallery&quot;:[],&quot;background_slideshow_loop&quot;:&quot;yes&quot;,&quot;background_slideshow_slide_duration&quot;:5000,&quot;background_slideshow_slide_transition&quot;:&quot;fade&quot;,&quot;background_slideshow_transition_duration&quot;:500}\">\n\t\t\t\t\t\t<div class=\"elementor-container elementor-column-gap-extended\">\n\t\t\t\t\t<div class=\"elementor-column elementor-col-33 elementor-top-column elementor-element elementor-element-2f02b14\" data-id=\"2f02b14\" data-element_type=\"column\" data-e-type=\"column\">\n\t\t\t<div class=\"elementor-widget-wrap elementor-element-populated\">\n\t\t\t\t\t\t<div class=\"elementor-element elementor-element-9ad443f elementor-widget elementor-widget-text-editor\" data-id=\"9ad443f\" data-element_type=\"widget\" data-e-type=\"widget\" data-widget_type=\"text-editor.default\">\n\t\t\t\t<div class=\"elementor-widget-container\">\n\t\t\t\t\t\t\t\t\t<h5>Choose the size that best fits your application<\/h5><p>22Gx50mm, 22Gx70mm,<br \/>25Gx40mm, 25Gx50mm,<br \/>27Gx25mm, 27Gx50mm<\/p>\t\t\t\t\t\t\t\t<\/div>\n\t\t\t\t<\/div>\n\t\t\t\t\t<\/div>\n\t\t<\/div>\n\t\t\t\t<div class=\"elementor-column elementor-col-66 elementor-top-column elementor-element elementor-element-3de9ed2\" data-id=\"3de9ed2\" data-element_type=\"column\" data-e-type=\"column\">\n\t\t\t<div class=\"elementor-widget-wrap elementor-element-populated\">\n\t\t\t\t\t\t<div class=\"elementor-element elementor-element-21f8ec3 elementor-widget elementor-widget-video\" data-id=\"21f8ec3\" data-element_type=\"widget\" data-e-type=\"widget\" data-settings=\"{&quot;video_type&quot;:&quot;hosted&quot;,&quot;autoplay&quot;:&quot;yes&quot;,&quot;play_on_mobile&quot;:&quot;yes&quot;,&quot;mute&quot;:&quot;yes&quot;}\" data-widget_type=\"video.default\">\n\t\t\t\t<div class=\"elementor-widget-container\">\n\t\t\t\t\t\t\t<div class=\"e-hosted-video elementor-wrapper elementor-open-inline\">\n\t\t\t\t\t<video class=\"elementor-video\" src=\"https:\/\/tlab.com.tr\/wp-content\/uploads\/2023\/07\/kanul-animasyon-.mp4\" autoplay=\"\" muted=\"muted\" playsinline=\"\" controlslist=\"nodownload\"><\/video>\n\t\t\t\t<\/div>\n\t\t\t\t\t\t<\/div>\n\t\t\t\t<\/div>\n\t\t\t\t\t<\/div>\n\t\t<\/div>\n\t\t\t\t\t<\/div>\n\t\t<\/section>\n\t\t\t\t<section class=\"elementor-section elementor-top-section elementor-element elementor-element-a929043 elementor-section-boxed elementor-section-gap-beside-yes elementor-section-height-default elementor-section-height-default elementor-section-column-vertical-align-stretch\" data-id=\"a929043\" data-element_type=\"section\" data-e-type=\"section\" data-settings=\"{&quot;background_background&quot;:&quot;classic&quot;}\">\n\t\t\t\t\t\t<div class=\"elementor-container elementor-column-gap-extended\">\n\t\t\t\t\t<div class=\"elementor-column elementor-col-100 elementor-top-column elementor-element elementor-element-f4133a2\" data-id=\"f4133a2\" data-element_type=\"column\" data-e-type=\"column\">\n\t\t\t<div class=\"elementor-widget-wrap elementor-element-populated\">\n\t\t\t\t\t\t<div class=\"elementor-element elementor-element-193a6c1 elementor-widget elementor-widget-text-editor\" data-id=\"193a6c1\" data-element_type=\"widget\" data-e-type=\"widget\" data-widget_type=\"text-editor.default\">\n\t\t\t\t<div class=\"elementor-widget-container\">\n\t\t\t\t\t\t\t\t\t<h3>FLEXIBLE AND RUGGED<\/h3><p>Enter from a single point and easily reach where you want with its flexible structure.<\/p>\t\t\t\t\t\t\t\t<\/div>\n\t\t\t\t<\/div>\n\t\t\t\t\t<\/div>\n\t\t<\/div>\n\t\t\t\t\t<\/div>\n\t\t<\/section>\n\t\t\t\t<section class=\"elementor-section elementor-top-section elementor-element elementor-element-8757f05 elementor-section-boxed elementor-section-gap-beside-yes elementor-section-height-default elementor-section-height-default elementor-section-column-vertical-align-stretch\" data-id=\"8757f05\" data-element_type=\"section\" data-e-type=\"section\">\n\t\t\t\t\t\t<div class=\"elementor-container elementor-column-gap-extended\">\n\t\t\t\t\t<div class=\"elementor-column elementor-col-100 elementor-top-column elementor-element elementor-element-81dbf41\" data-id=\"81dbf41\" data-element_type=\"column\" data-e-type=\"column\">\n\t\t\t<div class=\"elementor-widget-wrap\">\n\t\t\t\t\t\t\t<\/div>\n\t\t<\/div>\n\t\t\t\t\t<\/div>\n\t\t<\/section>\n\t\t\t\t<section class=\"elementor-section elementor-top-section elementor-element elementor-element-3305aeb elementor-section-boxed elementor-section-gap-beside-yes elementor-section-height-default elementor-section-height-default elementor-section-column-vertical-align-stretch\" data-id=\"3305aeb\" data-element_type=\"section\" data-e-type=\"section\">\n\t\t\t\t\t\t<div class=\"elementor-container elementor-column-gap-extended\">\n\t\t\t\t\t<div class=\"elementor-column elementor-col-50 elementor-top-column elementor-element elementor-element-cd64259\" data-id=\"cd64259\" data-element_type=\"column\" data-e-type=\"column\">\n\t\t\t<div class=\"elementor-widget-wrap elementor-element-populated\">\n\t\t\t\t\t\t<div class=\"elementor-element elementor-element-6a3037c elementor-widget elementor-widget-image\" data-id=\"6a3037c\" data-element_type=\"widget\" data-e-type=\"widget\" data-widget_type=\"image.default\">\n\t\t\t\t<div class=\"elementor-widget-container\">\n\t\t\t\t\t\t\t\t\t\t\t\t\t\t\t<img decoding=\"async\" width=\"100\" height=\"300\" src=\"https:\/\/tlab.com.tr\/wp-content\/uploads\/2023\/07\/kanul-boslugu-sahnesi-100x300.png\" class=\"attachment-medium size-medium wp-image-7990\" alt=\"\" srcset=\"https:\/\/tlab.com.tr\/wp-content\/uploads\/2023\/07\/kanul-boslugu-sahnesi-100x300.png 100w, https:\/\/tlab.com.tr\/wp-content\/uploads\/2023\/07\/kanul-boslugu-sahnesi-340x1024.png 340w, https:\/\/tlab.com.tr\/wp-content\/uploads\/2023\/07\/kanul-boslugu-sahnesi-510x1536.png 510w, https:\/\/tlab.com.tr\/wp-content\/uploads\/2023\/07\/kanul-boslugu-sahnesi.png 627w\" sizes=\"(max-width: 100px) 100vw, 100px\" \/>\t\t\t\t\t\t\t\t\t\t\t\t\t\t\t<\/div>\n\t\t\t\t<\/div>\n\t\t\t\t\t<\/div>\n\t\t<\/div>\n\t\t\t\t<div class=\"elementor-column elementor-col-50 elementor-top-column elementor-element elementor-element-a001ce7\" data-id=\"a001ce7\" data-element_type=\"column\" data-e-type=\"column\">\n\t\t\t<div class=\"elementor-widget-wrap elementor-element-populated\">\n\t\t\t\t\t\t<div class=\"elementor-element elementor-element-914a4b5 elementor-widget elementor-widget-text-editor\" data-id=\"914a4b5\" data-element_type=\"widget\" data-e-type=\"widget\" data-widget_type=\"text-editor.default\">\n\t\t\t\t<div class=\"elementor-widget-container\">\n\t\t\t\t\t\t\t\t\t<h6>With its special tip design, it is more sensitive to capillaries and surrounding tissues.<\/h6>\t\t\t\t\t\t\t\t<\/div>\n\t\t\t\t<\/div>\n\t\t\t\t<div class=\"elementor-element elementor-element-ac8e57f elementor-widget elementor-widget-heading\" data-id=\"ac8e57f\" data-element_type=\"widget\" data-e-type=\"widget\" data-widget_type=\"heading.default\">\n\t\t\t\t<div class=\"elementor-widget-container\">\n\t\t\t\t\t<h2 class=\"elementor-heading-title elementor-size-default\">DO NOT MIX IT WITH ORDINARY CANNULES<\/h2>\t\t\t\t<\/div>\n\t\t\t\t<\/div>\n\t\t\t\t<div class=\"elementor-element elementor-element-a44c683 elementor-widget elementor-widget-text-editor\" data-id=\"a44c683\" data-element_type=\"widget\" data-e-type=\"widget\" data-widget_type=\"text-editor.default\">\n\t\t\t\t<div class=\"elementor-widget-container\">\n\t\t\t\t\t\t\t\t\t<p>It provides easier injection of high-viscosity fillings with its inner diameter up to 60% larger than ordinary cannulas.<\/p>\t\t\t\t\t\t\t\t<\/div>\n\t\t\t\t<\/div>\n\t\t\t\t\t<\/div>\n\t\t<\/div>\n\t\t\t\t\t<\/div>\n\t\t<\/section>\n\t\t\t\t<section class=\"elementor-section elementor-top-section elementor-element elementor-element-897a2b7 elementor-section-boxed elementor-section-gap-beside-yes elementor-section-height-default elementor-section-height-default elementor-section-column-vertical-align-stretch\" data-id=\"897a2b7\" data-element_type=\"section\" data-e-type=\"section\">\n\t\t\t\t\t\t<div class=\"elementor-container elementor-column-gap-extended\">\n\t\t\t\t\t<div class=\"elementor-column elementor-col-100 elementor-top-column elementor-element elementor-element-6624f89\" data-id=\"6624f89\" data-element_type=\"column\" data-e-type=\"column\">\n\t\t\t<div class=\"elementor-widget-wrap elementor-element-populated\">\n\t\t\t\t\t\t<div class=\"elementor-element elementor-element-20ac109 elementor-widget elementor-widget-heading\" data-id=\"20ac109\" data-element_type=\"widget\" data-e-type=\"widget\" data-widget_type=\"heading.default\">\n\t\t\t\t<div class=\"elementor-widget-container\">\n\t\t\t\t\t<h2 class=\"elementor-heading-title elementor-size-default\">T-LAB FINE CANNULA<\/h2>\t\t\t\t<\/div>\n\t\t\t\t<\/div>\n\t\t\t\t<div class=\"elementor-element elementor-element-951a6fd elementor-widget elementor-widget-heading\" data-id=\"951a6fd\" data-element_type=\"widget\" data-e-type=\"widget\" data-widget_type=\"heading.default\">\n\t\t\t\t<div class=\"elementor-widget-container\">\n\t\t\t\t\t<h2 class=\"elementor-heading-title elementor-size-default\">LESS TRAUMA, MORE PATIENT COMFORT<\/h2>\t\t\t\t<\/div>\n\t\t\t\t<\/div>\n\t\t\t\t<div class=\"elementor-element elementor-element-d763a79 elementor-widget elementor-widget-image\" data-id=\"d763a79\" data-element_type=\"widget\" data-e-type=\"widget\" data-widget_type=\"image.default\">\n\t\t\t\t<div class=\"elementor-widget-container\">\n\t\t\t\t\t\t\t\t\t\t\t\t\t\t\t<img loading=\"lazy\" decoding=\"async\" width=\"2000\" height=\"200\" src=\"https:\/\/tlab.com.tr\/wp-content\/uploads\/2023\/07\/kanul-ignesi-sahnesi-02-Current-View.jpg\" class=\"attachment-full size-full wp-image-7991\" alt=\"\" srcset=\"https:\/\/tlab.com.tr\/wp-content\/uploads\/2023\/07\/kanul-ignesi-sahnesi-02-Current-View.jpg 2000w, https:\/\/tlab.com.tr\/wp-content\/uploads\/2023\/07\/kanul-ignesi-sahnesi-02-Current-View-300x30.jpg 300w, https:\/\/tlab.com.tr\/wp-content\/uploads\/2023\/07\/kanul-ignesi-sahnesi-02-Current-View-1024x102.jpg 1024w, https:\/\/tlab.com.tr\/wp-content\/uploads\/2023\/07\/kanul-ignesi-sahnesi-02-Current-View-768x77.jpg 768w, https:\/\/tlab.com.tr\/wp-content\/uploads\/2023\/07\/kanul-ignesi-sahnesi-02-Current-View-1536x154.jpg 1536w\" sizes=\"(max-width: 2000px) 100vw, 2000px\" \/>\t\t\t\t\t\t\t\t\t\t\t\t\t\t\t<\/div>\n\t\t\t\t<\/div>\n\t\t\t\t\t<\/div>\n\t\t<\/div>\n\t\t\t\t\t<\/div>\n\t\t<\/section>\n\t\t\t\t<section class=\"elementor-section elementor-top-section elementor-element elementor-element-d46f719 elementor-section-boxed elementor-section-gap-beside-yes elementor-section-height-default elementor-section-height-default elementor-section-column-vertical-align-stretch\" data-id=\"d46f719\" data-element_type=\"section\" data-e-type=\"section\">\n\t\t\t\t\t\t<div class=\"elementor-container elementor-column-gap-extended\">\n\t\t\t\t\t<div class=\"elementor-column elementor-col-100 elementor-top-column elementor-element elementor-element-846eff0\" data-id=\"846eff0\" data-element_type=\"column\" data-e-type=\"column\">\n\t\t\t<div class=\"elementor-widget-wrap elementor-element-populated\">\n\t\t\t\t\t\t<div class=\"elementor-element elementor-element-7f7dc98 elementor-widget elementor-widget-spacer\" data-id=\"7f7dc98\" data-element_type=\"widget\" data-e-type=\"widget\" data-widget_type=\"spacer.default\">\n\t\t\t\t<div class=\"elementor-widget-container\">\n\t\t\t\t\t\t\t<div class=\"elementor-spacer\">\n\t\t\t<div class=\"elementor-spacer-inner\"><\/div>\n\t\t<\/div>\n\t\t\t\t\t\t<\/div>\n\t\t\t\t<\/div>\n\t\t\t\t\t<\/div>\n\t\t<\/div>\n\t\t\t\t\t<\/div>\n\t\t<\/section>\n\t\t\t\t<\/div>","protected":false},"excerpt":{"rendered":"<p>Eli hafif doktorlar\u0131n bir s\u0131rr\u0131 var T-LAB FINE KAN\u00dcL \u00d6zel u\u00e7 tasar\u0131m\u0131yla daha az kanama, morarma, \u015fi\u015fme, geni\u015f i\u00e7 \u00e7ap\u0131 ile daha kolay enjeksiyon ve y\u00fcksek hasta konforu. T-LAB Fine Kan\u00fcl, sert ama esnek Japon \u00e7eli\u011finden \u00fcretilmi\u015ftir. Mikro parlatma teknolojisi ile standart kan\u00fcllere g\u00f6re %60\u2019a varan daha fazla i\u00e7 \u00e7ap\u0131 dermal dolgular\u0131n \u00e7ok daha kolay ve h\u0131zl\u0131 enjeksiyonunu sa\u011flar. K\u00f6r ucunun kubbe bi\u00e7imindeki \u00f6zel tasar\u0131m\u0131, dokular aras\u0131nda hareketini kolayla\u015ft\u0131r\u0131rken k\u0131lcal damarlara ve \u00e7evre dokulara verilen hasar\u0131 en aza indirger. Bu sayede standart kan\u00fcllere kanama, \u015fi\u015fme, morarma etkilerini en aza indirirken hasta konforunu en y\u00fcksek seviyeye ta\u015f\u0131r. Kan\u00fcl \u00fczerindeki k\u0131lavuz \u00e7izgiler ile i\u00e7eride ilerlenen derinlik santim santim izlenebilirken. Kan\u00fcl\u00fcn hub\u0131 \u00fczerindeki y\u00f6n g\u00f6stergesi ile enjeksiyon yap\u0131lacak y\u00f6n ayarlanabilmektedir. M\u0130KRO PARLATMA TEKNOLOJ\u0130S\u0130 Maksimum esneklik,Minimum travma,En iyi fiyat\/performans Uygulaman\u0131za en uygun boyutu siz se\u00e7in 22Gx50mm, 22Gx70mm,25Gx40mm, 25Gx50mm,27Gx25mm, 27Gx50mm https:\/\/tlab.com.tr\/wp-content\/uploads\/2023\/07\/kanul-animasyon-.mp4 ESNEK VE SA\u011eLAM Tek noktadan girin istedi\u011finiz yere esnek yap\u0131s\u0131yla kolayca ula\u015f\u0131n. \u00d6zel u\u00e7 tasar\u0131m\u0131 ile k\u0131lcal damar ve \u00e7evre dokulara kar\u015f\u0131 daha hassas ONU SIRADAN KAN\u00dcLLERLE KARI\u015eTIRMAYIN S\u0131radan kan\u00fcllere g\u00f6re %60\u2019a varan daha geni\u015f i\u00e7 \u00e7ap\u0131yla y\u00fcksek viskoziteye sahip dolgular\u0131n daha kolay enjeksiyonunu sa\u011flar. T-LAB FINE KAN\u00dcL DAHA AZ TRAVMA, DAHA FAZLA HASTA KONFORU<\/p>","protected":false},"author":1,"featured_media":0,"parent":0,"menu_order":0,"comment_status":"closed","ping_status":"closed","template":"","meta":{"_monsterinsights_skip_tracking":false,"_monsterinsights_sitenote_active":false,"_monsterinsights_sitenote_note":"","_monsterinsights_sitenote_category":0,"_uf_show_specific_survey":0,"_uf_disable_surveys":false,"footnotes":""},"class_list":["post-7972","page","type-page","status-publish","hentry","post-no-thumbnail"],"_links":{"self":[{"href":"https:\/\/tlab.com.tr\/en\/wp-json\/wp\/v2\/pages\/7972","targetHints":{"allow":["GET"]}}],"collection":[{"href":"https:\/\/tlab.com.tr\/en\/wp-json\/wp\/v2\/pages"}],"about":[{"href":"https:\/\/tlab.com.tr\/en\/wp-json\/wp\/v2\/types\/page"}],"author":[{"embeddable":true,"href":"https:\/\/tlab.com.tr\/en\/wp-json\/wp\/v2\/users\/1"}],"replies":[{"embeddable":true,"href":"https:\/\/tlab.com.tr\/en\/wp-json\/wp\/v2\/comments?post=7972"}],"version-history":[{"count":53,"href":"https:\/\/tlab.com.tr\/en\/wp-json\/wp\/v2\/pages\/7972\/revisions"}],"predecessor-version":[{"id":12274,"href":"https:\/\/tlab.com.tr\/en\/wp-json\/wp\/v2\/pages\/7972\/revisions\/12274"}],"wp:attachment":[{"href":"https:\/\/tlab.com.tr\/en\/wp-json\/wp\/v2\/media?parent=7972"}],"curies":[{"name":"wp","href":"https:\/\/api.w.org\/{rel}","templated":true}]}}