{"id":8019,"date":"2023-07-18T16:18:27","date_gmt":"2023-07-18T13:18:27","guid":{"rendered":"https:\/\/tlab.com.tr\/?page_id=8019"},"modified":"2024-12-02T14:42:42","modified_gmt":"2024-12-02T11:42:42","slug":"t-lab-hayalet-igne","status":"publish","type":"page","link":"https:\/\/tlab.com.tr\/en\/t-lab-ghost-needle\/","title":{"rendered":"T-LAB Ghost Needle"},"content":{"rendered":"\t\t<div data-elementor-type=\"wp-page\" data-elementor-id=\"8019\" class=\"elementor elementor-8019\">\n\t\t\t\t\t\t<section class=\"elementor-section elementor-top-section elementor-element elementor-element-1349365 elementor-section-boxed elementor-section-gap-beside-yes elementor-section-height-default elementor-section-height-default elementor-section-column-vertical-align-stretch\" data-id=\"1349365\" data-element_type=\"section\" data-e-type=\"section\">\n\t\t\t\t\t\t<div class=\"elementor-container elementor-column-gap-extended\">\n\t\t\t\t\t<div class=\"elementor-column elementor-col-50 elementor-top-column elementor-element elementor-element-d6fa264\" data-id=\"d6fa264\" data-element_type=\"column\" data-e-type=\"column\">\n\t\t\t<div class=\"elementor-widget-wrap elementor-element-populated\">\n\t\t\t\t\t\t<div class=\"elementor-element elementor-element-100a1a9 elementor-widget elementor-widget-heading\" data-id=\"100a1a9\" data-element_type=\"widget\" data-e-type=\"widget\" data-widget_type=\"heading.default\">\n\t\t\t\t<div class=\"elementor-widget-container\">\n\t\t\t\t\t<h2 class=\"elementor-heading-title elementor-size-default\">T-LAB<br>Ghost Needle<\/h2>\t\t\t\t<\/div>\n\t\t\t\t<\/div>\n\t\t\t\t<div class=\"elementor-element elementor-element-8d5930e elementor-widget elementor-widget-text-editor\" data-id=\"8d5930e\" data-element_type=\"widget\" data-e-type=\"widget\" data-widget_type=\"text-editor.default\">\n\t\t\t\t<div class=\"elementor-widget-container\">\n\t\t\t\t\t\t\t\t\t<h6>\u0130nceli\u011fi ile neredeyse ac\u0131s\u0131z ve kanamas\u0131z enjeksiyon konforu<\/h6><p>T-LAB Fine Needle-Hayalet \u0130\u011fne, k\u00f6relmeye diren\u00e7li sert Japon \u00e7eli\u011finden \u00fcretilmi\u015ftir. Mikro parlatma teknolojisi, \u00fcst\u00fcn keskinlik ve ultra ince duvar yap\u0131s\u0131 sunar. Kanama, morarma, \u015fi\u015fme etkilerini en aza indirgerken neredeyse ac\u0131s\u0131z enjeksiyon deneyimi ile hasta konforunu en ileri seviyeye ta\u015f\u0131r. \u00dcstelik kolay k\u00f6relmeyen yap\u0131s\u0131 ile hesapl\u0131 ve y\u00fcksek fiyat\/performansa sahiptir.<\/p>\t\t\t\t\t\t\t\t<\/div>\n\t\t\t\t<\/div>\n\t\t\t\t\t<\/div>\n\t\t<\/div>\n\t\t\t\t<div class=\"elementor-column elementor-col-50 elementor-top-column elementor-element elementor-element-65e7ff8\" data-id=\"65e7ff8\" data-element_type=\"column\" data-e-type=\"column\">\n\t\t\t<div class=\"elementor-widget-wrap elementor-element-populated\">\n\t\t\t\t\t\t<div class=\"elementor-element elementor-element-1adfe01 elementor-widget elementor-widget-image\" data-id=\"1adfe01\" data-element_type=\"widget\" data-e-type=\"widget\" data-widget_type=\"image.default\">\n\t\t\t\t<div class=\"elementor-widget-container\">\n\t\t\t\t\t\t\t\t\t\t\t\t\t\t\t<img fetchpriority=\"high\" decoding=\"async\" width=\"600\" height=\"750\" src=\"https:\/\/tlab.com.tr\/wp-content\/uploads\/2023\/07\/igneler-dik-acili-ve-kutu.jpg\" class=\"attachment-full size-full wp-image-8000\" alt=\"\" srcset=\"https:\/\/tlab.com.tr\/wp-content\/uploads\/2023\/07\/igneler-dik-acili-ve-kutu.jpg 600w, https:\/\/tlab.com.tr\/wp-content\/uploads\/2023\/07\/igneler-dik-acili-ve-kutu-240x300.jpg 240w\" sizes=\"(max-width: 600px) 100vw, 600px\" \/>\t\t\t\t\t\t\t\t\t\t\t\t\t\t\t<\/div>\n\t\t\t\t<\/div>\n\t\t\t\t\t<\/div>\n\t\t<\/div>\n\t\t\t\t\t<\/div>\n\t\t<\/section>\n\t\t\t\t<section class=\"elementor-section elementor-top-section elementor-element elementor-element-cfd2355 elementor-section-boxed elementor-section-gap-beside-yes elementor-section-height-default elementor-section-height-default elementor-section-column-vertical-align-stretch\" data-id=\"cfd2355\" data-element_type=\"section\" data-e-type=\"section\">\n\t\t\t\t\t\t<div class=\"elementor-container elementor-column-gap-extended\">\n\t\t\t\t\t<div class=\"elementor-column elementor-col-50 elementor-top-column elementor-element elementor-element-f592316\" data-id=\"f592316\" data-element_type=\"column\" data-e-type=\"column\">\n\t\t\t<div class=\"elementor-widget-wrap elementor-element-populated\">\n\t\t\t\t\t\t<div class=\"elementor-element elementor-element-93dae23 elementor-widget elementor-widget-image\" data-id=\"93dae23\" data-element_type=\"widget\" data-e-type=\"widget\" data-widget_type=\"image.default\">\n\t\t\t\t<div class=\"elementor-widget-container\">\n\t\t\t\t\t\t\t\t\t\t\t\t\t\t\t<img decoding=\"async\" width=\"900\" height=\"806\" src=\"https:\/\/tlab.com.tr\/wp-content\/uploads\/2023\/07\/igne-arkadan-gorunus-06-cam-Current-View.jpg\" class=\"attachment-full size-full wp-image-8004\" alt=\"\" srcset=\"https:\/\/tlab.com.tr\/wp-content\/uploads\/2023\/07\/igne-arkadan-gorunus-06-cam-Current-View.jpg 900w, https:\/\/tlab.com.tr\/wp-content\/uploads\/2023\/07\/igne-arkadan-gorunus-06-cam-Current-View-300x269.jpg 300w, https:\/\/tlab.com.tr\/wp-content\/uploads\/2023\/07\/igne-arkadan-gorunus-06-cam-Current-View-768x688.jpg 768w\" sizes=\"(max-width: 900px) 100vw, 900px\" \/>\t\t\t\t\t\t\t\t\t\t\t\t\t\t\t<\/div>\n\t\t\t\t<\/div>\n\t\t\t\t\t<\/div>\n\t\t<\/div>\n\t\t\t\t<div class=\"elementor-column elementor-col-50 elementor-top-column elementor-element elementor-element-797598e\" data-id=\"797598e\" data-element_type=\"column\" data-e-type=\"column\">\n\t\t\t<div class=\"elementor-widget-wrap elementor-element-populated\">\n\t\t\t\t\t\t<div class=\"elementor-element elementor-element-72b8452 elementor-widget elementor-widget-heading\" data-id=\"72b8452\" data-element_type=\"widget\" data-e-type=\"widget\" data-widget_type=\"heading.default\">\n\t\t\t\t<div class=\"elementor-widget-container\">\n\t\t\t\t\t<h2 class=\"elementor-heading-title elementor-size-default\">T-LAB GHOST NEEDLE<\/h2>\t\t\t\t<\/div>\n\t\t\t\t<\/div>\n\t\t\t\t<div class=\"elementor-element elementor-element-397cfdc elementor-widget elementor-widget-heading\" data-id=\"397cfdc\" data-element_type=\"widget\" data-e-type=\"widget\" data-widget_type=\"heading.default\">\n\t\t\t\t<div class=\"elementor-widget-container\">\n\t\t\t\t\t<h2 class=\"elementor-heading-title elementor-size-default\">0.21 mm \u0130ncelik<\/h2>\t\t\t\t<\/div>\n\t\t\t\t<\/div>\n\t\t\t\t<div class=\"elementor-element elementor-element-2bf7080 elementor-widget elementor-widget-heading\" data-id=\"2bf7080\" data-element_type=\"widget\" data-e-type=\"widget\" data-widget_type=\"heading.default\">\n\t\t\t\t<div class=\"elementor-widget-container\">\n\t\t\t\t\t<h2 class=\"elementor-heading-title elementor-size-default\">30G'DEN %30 DAHA \u0130NCE<\/h2>\t\t\t\t<\/div>\n\t\t\t\t<\/div>\n\t\t\t\t\t<\/div>\n\t\t<\/div>\n\t\t\t\t\t<\/div>\n\t\t<\/section>\n\t\t\t\t<section class=\"elementor-section elementor-top-section elementor-element elementor-element-8ff0125 elementor-section-boxed elementor-section-gap-beside-yes elementor-section-height-default elementor-section-height-default elementor-section-column-vertical-align-stretch\" data-id=\"8ff0125\" data-element_type=\"section\" data-e-type=\"section\" data-settings=\"{&quot;background_background&quot;:&quot;classic&quot;,&quot;shape_divider_bottom&quot;:&quot;mountains&quot;}\">\n\t\t\t\t\t<div class=\"elementor-shape elementor-shape-bottom\" aria-hidden=\"true\" data-negative=\"false\">\n\t\t\t<svg xmlns=\"http:\/\/www.w3.org\/2000\/svg\" viewBox=\"0 0 1000 100\" preserveAspectRatio=\"none\">\n\t<path class=\"elementor-shape-fill\" opacity=\"0.33\" d=\"M473,67.3c-203.9,88.3-263.1-34-320.3,0C66,119.1,0,59.7,0,59.7V0h1000v59.7 c0,0-62.1,26.1-94.9,29.3c-32.8,3.3-62.8-12.3-75.8-22.1C806,49.6,745.3,8.7,694.9,4.7S492.4,59,473,67.3z\"\/>\n\t<path class=\"elementor-shape-fill\" opacity=\"0.66\" d=\"M734,67.3c-45.5,0-77.2-23.2-129.1-39.1c-28.6-8.7-150.3-10.1-254,39.1 s-91.7-34.4-149.2,0C115.7,118.3,0,39.8,0,39.8V0h1000v36.5c0,0-28.2-18.5-92.1-18.5C810.2,18.1,775.7,67.3,734,67.3z\"\/>\n\t<path class=\"elementor-shape-fill\" d=\"M766.1,28.9c-200-57.5-266,65.5-395.1,19.5C242,1.8,242,5.4,184.8,20.6C128,35.8,132.3,44.9,89.9,52.5C28.6,63.7,0,0,0,0 h1000c0,0-9.9,40.9-83.6,48.1S829.6,47,766.1,28.9z\"\/>\n<\/svg>\t\t<\/div>\n\t\t\t\t\t<div class=\"elementor-container elementor-column-gap-default\">\n\t\t\t\t\t<div class=\"elementor-column elementor-col-50 elementor-top-column elementor-element elementor-element-6148053\" data-id=\"6148053\" data-element_type=\"column\" data-e-type=\"column\">\n\t\t\t<div class=\"elementor-widget-wrap elementor-element-populated\">\n\t\t\t\t\t\t<div class=\"elementor-element elementor-element-1de59c3 elementor-widget elementor-widget-heading\" data-id=\"1de59c3\" data-element_type=\"widget\" data-e-type=\"widget\" data-widget_type=\"heading.default\">\n\t\t\t\t<div class=\"elementor-widget-container\">\n\t\t\t\t\t<h2 class=\"elementor-heading-title elementor-size-default\">4 mm ve 13 mm uzunluk se\u00e7ene\u011fi ile<\/h2>\t\t\t\t<\/div>\n\t\t\t\t<\/div>\n\t\t\t\t<div class=\"elementor-element elementor-element-814f67d elementor-widget elementor-widget-heading\" data-id=\"814f67d\" data-element_type=\"widget\" data-e-type=\"widget\" data-widget_type=\"heading.default\">\n\t\t\t\t<div class=\"elementor-widget-container\">\n\t\t\t\t\t<h2 class=\"elementor-heading-title elementor-size-default\">Ghost Needle 0.21 mm incelik<\/h2>\t\t\t\t<\/div>\n\t\t\t\t<\/div>\n\t\t\t\t<div class=\"elementor-element elementor-element-96380a7 elementor-widget elementor-widget-text-editor\" data-id=\"96380a7\" data-element_type=\"widget\" data-e-type=\"widget\" data-widget_type=\"text-editor.default\">\n\t\t\t\t<div class=\"elementor-widget-container\">\n\t\t\t\t\t\t\t\t\t<p>30G\u2019den %30 daha ince d\u0131\u015f \u00e7ap\u0131 ve %60 daha geni\u015f i\u00e7 \u00e7ap\u0131 ile kanama, morarma etkilerini en aza indirger.<\/p>\t\t\t\t\t\t\t\t<\/div>\n\t\t\t\t<\/div>\n\t\t\t\t\t<\/div>\n\t\t<\/div>\n\t\t\t\t<div class=\"elementor-column elementor-col-50 elementor-top-column elementor-element elementor-element-c5fd432\" data-id=\"c5fd432\" data-element_type=\"column\" data-e-type=\"column\">\n\t\t\t<div class=\"elementor-widget-wrap elementor-element-populated\">\n\t\t\t\t\t\t<div class=\"elementor-element elementor-element-018d7b5 elementor-widget elementor-widget-image\" data-id=\"018d7b5\" data-element_type=\"widget\" data-e-type=\"widget\" data-widget_type=\"image.default\">\n\t\t\t\t<div class=\"elementor-widget-container\">\n\t\t\t\t\t\t\t\t\t\t\t\t\t\t\t<img decoding=\"async\" width=\"700\" height=\"670\" src=\"https:\/\/tlab.com.tr\/wp-content\/uploads\/2023\/07\/30G_1.png\" class=\"attachment-full size-full wp-image-8008\" alt=\"\" srcset=\"https:\/\/tlab.com.tr\/wp-content\/uploads\/2023\/07\/30G_1.png 700w, https:\/\/tlab.com.tr\/wp-content\/uploads\/2023\/07\/30G_1-300x287.png 300w\" sizes=\"(max-width: 700px) 100vw, 700px\" \/>\t\t\t\t\t\t\t\t\t\t\t\t\t\t\t<\/div>\n\t\t\t\t<\/div>\n\t\t\t\t\t<\/div>\n\t\t<\/div>\n\t\t\t\t\t<\/div>\n\t\t<\/section>\n\t\t\t\t<section class=\"elementor-section elementor-top-section elementor-element elementor-element-d733512 elementor-section-boxed elementor-section-gap-beside-yes elementor-section-height-default elementor-section-height-default elementor-section-column-vertical-align-stretch\" data-id=\"d733512\" data-element_type=\"section\" data-e-type=\"section\">\n\t\t\t\t\t\t<div class=\"elementor-container elementor-column-gap-extended\">\n\t\t\t\t\t<div class=\"elementor-column elementor-col-33 elementor-top-column elementor-element elementor-element-d18b868\" data-id=\"d18b868\" data-element_type=\"column\" data-e-type=\"column\">\n\t\t\t<div class=\"elementor-widget-wrap elementor-element-populated\">\n\t\t\t\t\t\t<div class=\"elementor-element elementor-element-4791f50 elementor-widget elementor-widget-heading\" data-id=\"4791f50\" data-element_type=\"widget\" data-e-type=\"widget\" data-widget_type=\"heading.default\">\n\t\t\t\t<div class=\"elementor-widget-container\">\n\t\t\t\t\t<h2 class=\"elementor-heading-title elementor-size-default\">2.7 KAT DAHA RAHAT ENJEKS\u0130YON<\/h2>\t\t\t\t<\/div>\n\t\t\t\t<\/div>\n\t\t\t\t<div class=\"elementor-element elementor-element-a3b09c3 elementor-widget elementor-widget-heading\" data-id=\"a3b09c3\" data-element_type=\"widget\" data-e-type=\"widget\" data-widget_type=\"heading.default\">\n\t\t\t\t<div class=\"elementor-widget-container\">\n\t\t\t\t\t<h2 class=\"elementor-heading-title elementor-size-default\">S\u0131radan 30G i\u011fnelere g\u00f6re \u00e7ok daha y\u00fcksek performans<\/h2>\t\t\t\t<\/div>\n\t\t\t\t<\/div>\n\t\t\t\t<div class=\"elementor-element elementor-element-b93db7a elementor-widget elementor-widget-text-editor\" data-id=\"b93db7a\" data-element_type=\"widget\" data-e-type=\"widget\" data-widget_type=\"text-editor.default\">\n\t\t\t\t<div class=\"elementor-widget-container\">\n\t\t\t\t\t\t\t\t\t<p>\u0130nce duvar\u0131n fark\u0131n\u0131 g\u00f6steren bu testte; ayn\u0131 kal\u0131nl\u0131klardaki rakip i\u011fneler e\u015fit \u015fartlarda kar\u015f\u0131la\u015ft\u0131r\u0131lm\u0131\u015f ve i\u011fnelerin 3 cc s\u0131v\u0131y\u0131 vakumlu t\u00fcpe ne kadar s\u00fcrede enjekte ettikleri kaydedilmi\u015ftir. T-LAB Fine Needle 30G t\u00fcpe 28 saniyede enjekte ederken 30G kal\u0131nl\u0131ktaki en yak\u0131n rakibi ancak 78 saniyede enjeksiyonu tamamlayabilmi\u015ftir.<\/p>\t\t\t\t\t\t\t\t<\/div>\n\t\t\t\t<\/div>\n\t\t\t\t\t<\/div>\n\t\t<\/div>\n\t\t\t\t<div class=\"elementor-column elementor-col-66 elementor-top-column elementor-element elementor-element-95e6394\" data-id=\"95e6394\" data-element_type=\"column\" data-e-type=\"column\">\n\t\t\t<div class=\"elementor-widget-wrap elementor-element-populated\">\n\t\t\t\t\t\t<div class=\"elementor-element elementor-element-88f1ef4 elementor-widget elementor-widget-video\" data-id=\"88f1ef4\" data-element_type=\"widget\" data-e-type=\"widget\" data-settings=\"{&quot;video_type&quot;:&quot;vimeo&quot;,&quot;show_image_overlay&quot;:&quot;yes&quot;,&quot;image_overlay&quot;:{&quot;url&quot;:&quot;https:\\\/\\\/tlab.com.tr\\\/wp-content\\\/uploads\\\/2023\\\/07\\\/video-1_gorsel.jpg&quot;,&quot;id&quot;:9989,&quot;size&quot;:&quot;&quot;,&quot;alt&quot;:&quot;&quot;,&quot;source&quot;:&quot;library&quot;},&quot;lightbox&quot;:&quot;yes&quot;}\" data-widget_type=\"video.default\">\n\t\t\t\t<div class=\"elementor-widget-container\">\n\t\t\t\t\t\t\t<div class=\"elementor-wrapper elementor-open-lightbox\">\n\t\t\t\t\t\t\t<div class=\"elementor-custom-embed-image-overlay\" data-elementor-open-lightbox=\"yes\" data-elementor-lightbox=\"{&quot;type&quot;:&quot;video&quot;,&quot;videoType&quot;:&quot;vimeo&quot;,&quot;url&quot;:&quot;https:\\\/\\\/player.vimeo.com\\\/video\\\/357766424?color&amp;autopause=0&amp;loop=0&amp;muted=0&amp;title=1&amp;portrait=1&amp;byline=1#t=&quot;,&quot;autoplay&quot;:&quot;&quot;,&quot;modalOptions&quot;:{&quot;id&quot;:&quot;elementor-lightbox-88f1ef4&quot;,&quot;entranceAnimation&quot;:&quot;&quot;,&quot;entranceAnimation_tablet&quot;:&quot;&quot;,&quot;entranceAnimation_mobile&quot;:&quot;&quot;,&quot;videoAspectRatio&quot;:&quot;169&quot;}}\" data-e-action-hash=\"#elementor-action%3Aaction%3Dlightbox%26settings%3DeyJ0eXBlIjoidmlkZW8iLCJ2aWRlb1R5cGUiOiJ2aW1lbyIsInVybCI6Imh0dHBzOlwvXC9wbGF5ZXIudmltZW8uY29tXC92aWRlb1wvMzU3NzY2NDI0P2NvbG9yJmF1dG9wYXVzZT0wJmxvb3A9MCZtdXRlZD0wJnRpdGxlPTEmcG9ydHJhaXQ9MSZieWxpbmU9MSN0PSIsImF1dG9wbGF5IjoiIiwibW9kYWxPcHRpb25zIjp7ImlkIjoiZWxlbWVudG9yLWxpZ2h0Ym94LTg4ZjFlZjQiLCJlbnRyYW5jZUFuaW1hdGlvbiI6IiIsImVudHJhbmNlQW5pbWF0aW9uX3RhYmxldCI6IiIsImVudHJhbmNlQW5pbWF0aW9uX21vYmlsZSI6IiIsInZpZGVvQXNwZWN0UmF0aW8iOiIxNjkifX0%3D\">\n\t\t\t\t\t\t\t\t\t\t\t<img loading=\"lazy\" decoding=\"async\" width=\"1915\" height=\"1078\" src=\"https:\/\/tlab.com.tr\/wp-content\/uploads\/2023\/07\/video-1_gorsel.jpg\" class=\"attachment-full size-full wp-image-9989\" alt=\"\" srcset=\"https:\/\/tlab.com.tr\/wp-content\/uploads\/2023\/07\/video-1_gorsel.jpg 1915w, https:\/\/tlab.com.tr\/wp-content\/uploads\/2023\/07\/video-1_gorsel-300x169.jpg 300w, https:\/\/tlab.com.tr\/wp-content\/uploads\/2023\/07\/video-1_gorsel-1024x576.jpg 1024w, https:\/\/tlab.com.tr\/wp-content\/uploads\/2023\/07\/video-1_gorsel-768x432.jpg 768w, https:\/\/tlab.com.tr\/wp-content\/uploads\/2023\/07\/video-1_gorsel-1536x865.jpg 1536w, https:\/\/tlab.com.tr\/wp-content\/uploads\/2023\/07\/video-1_gorsel-18x10.jpg 18w\" sizes=\"(max-width: 1915px) 100vw, 1915px\" \/>\t\t\t\t\t\t\t\t\t\t\t\t\t\t\t\t<div class=\"elementor-custom-embed-play\" role=\"button\" aria-label=\"Videoyu oynat\" tabindex=\"0\">\n\t\t\t\t\t\t\t<i aria-hidden=\"true\" class=\"eicon-play\"><\/i>\t\t\t\t\t\t<\/div>\n\t\t\t\t\t\t\t\t\t<\/div>\n\t\t\t\t\t<\/div>\n\t\t\t\t\t\t<\/div>\n\t\t\t\t<\/div>\n\t\t\t\t\t<\/div>\n\t\t<\/div>\n\t\t\t\t\t<\/div>\n\t\t<\/section>\n\t\t\t\t<section class=\"elementor-section elementor-top-section elementor-element elementor-element-469d794 elementor-section-boxed elementor-section-gap-beside-yes elementor-section-height-default elementor-section-height-default elementor-section-column-vertical-align-stretch\" data-id=\"469d794\" data-element_type=\"section\" data-e-type=\"section\" data-settings=\"{&quot;background_background&quot;:&quot;slideshow&quot;,&quot;background_slideshow_gallery&quot;:[{&quot;id&quot;:8033,&quot;url&quot;:&quot;https:\\\/\\\/tlab.com.tr\\\/wp-content\\\/uploads\\\/2023\\\/07\\\/karsilikli-igneler.jpg&quot;}],&quot;background_slideshow_slide_duration&quot;:5000,&quot;background_slideshow_slide_transition&quot;:&quot;fade&quot;,&quot;background_slideshow_transition_duration&quot;:500}\">\n\t\t\t\t\t\t\t<div class=\"elementor-background-overlay\"><\/div>\n\t\t\t\t\t\t\t<div class=\"elementor-container elementor-column-gap-extended\">\n\t\t\t\t\t<div class=\"elementor-column elementor-col-100 elementor-top-column elementor-element elementor-element-367ce11\" data-id=\"367ce11\" data-element_type=\"column\" data-e-type=\"column\">\n\t\t\t<div class=\"elementor-widget-wrap elementor-element-populated\">\n\t\t\t\t\t\t<div class=\"elementor-element elementor-element-634b5dd elementor-widget elementor-widget-heading\" data-id=\"634b5dd\" data-element_type=\"widget\" data-e-type=\"widget\" data-widget_type=\"heading.default\">\n\t\t\t\t<div class=\"elementor-widget-container\">\n\t\t\t\t\t<h2 class=\"elementor-heading-title elementor-size-default\">GHOST NEEDLE<\/h2>\t\t\t\t<\/div>\n\t\t\t\t<\/div>\n\t\t\t\t<div class=\"elementor-element elementor-element-cb8044e elementor-widget elementor-widget-heading\" data-id=\"cb8044e\" data-element_type=\"widget\" data-e-type=\"widget\" data-widget_type=\"heading.default\">\n\t\t\t\t<div class=\"elementor-widget-container\">\n\t\t\t\t\t<h2 class=\"elementor-heading-title elementor-size-default\">NEREDEYSE G\u00d6R\u00dcNMEZ VE ACISIZ<\/h2>\t\t\t\t<\/div>\n\t\t\t\t<\/div>\n\t\t\t\t\t<\/div>\n\t\t<\/div>\n\t\t\t\t\t<\/div>\n\t\t<\/section>\n\t\t\t\t<section class=\"elementor-section elementor-top-section elementor-element elementor-element-5f86bd3 elementor-section-boxed elementor-section-gap-beside-yes elementor-section-height-default elementor-section-height-default elementor-section-column-vertical-align-stretch\" data-id=\"5f86bd3\" data-element_type=\"section\" data-e-type=\"section\">\n\t\t\t\t\t\t<div class=\"elementor-container elementor-column-gap-extended\">\n\t\t\t\t\t<div class=\"elementor-column elementor-col-100 elementor-top-column elementor-element elementor-element-4de26aa\" data-id=\"4de26aa\" data-element_type=\"column\" data-e-type=\"column\">\n\t\t\t<div class=\"elementor-widget-wrap elementor-element-populated\">\n\t\t\t\t\t\t<div class=\"elementor-element elementor-element-b4c14d0 elementor-widget elementor-widget-spacer\" data-id=\"b4c14d0\" data-element_type=\"widget\" data-e-type=\"widget\" data-widget_type=\"spacer.default\">\n\t\t\t\t<div class=\"elementor-widget-container\">\n\t\t\t\t\t\t\t<div class=\"elementor-spacer\">\n\t\t\t<div class=\"elementor-spacer-inner\"><\/div>\n\t\t<\/div>\n\t\t\t\t\t\t<\/div>\n\t\t\t\t<\/div>\n\t\t\t\t\t<\/div>\n\t\t<\/div>\n\t\t\t\t\t<\/div>\n\t\t<\/section>\n\t\t\t\t<\/div>\n\t\t","protected":false},"excerpt":{"rendered":"<p>T-LABGhost Needle \u0130nceli\u011fi ile neredeyse ac\u0131s\u0131z ve kanamas\u0131z enjeksiyon konforu T-LAB Fine Needle-Hayalet \u0130\u011fne, k\u00f6relmeye diren\u00e7li sert Japon \u00e7eli\u011finden \u00fcretilmi\u015ftir. Mikro parlatma teknolojisi, \u00fcst\u00fcn keskinlik ve ultra ince duvar yap\u0131s\u0131 sunar. Kanama, morarma, \u015fi\u015fme etkilerini en aza indirgerken neredeyse ac\u0131s\u0131z enjeksiyon deneyimi ile hasta konforunu en ileri seviyeye ta\u015f\u0131r. \u00dcstelik kolay k\u00f6relmeyen yap\u0131s\u0131 ile hesapl\u0131 ve y\u00fcksek fiyat\/performansa sahiptir. T-LAB GHOST NEEDLE 0.21 mm \u0130ncelik 30G&#8217;DEN %30 DAHA \u0130NCE 4 mm ve 13 mm uzunluk se\u00e7ene\u011fi ile Ghost Needle 0.21 mm incelik 30G\u2019den %30 daha ince d\u0131\u015f \u00e7ap\u0131 ve %60 daha geni\u015f i\u00e7 \u00e7ap\u0131 ile kanama, morarma etkilerini en aza indirger. 2.7 KAT DAHA RAHAT ENJEKS\u0130YON S\u0131radan 30G i\u011fnelere g\u00f6re \u00e7ok daha y\u00fcksek performans \u0130nce duvar\u0131n fark\u0131n\u0131 g\u00f6steren bu testte; ayn\u0131 kal\u0131nl\u0131klardaki rakip i\u011fneler e\u015fit \u015fartlarda kar\u015f\u0131la\u015ft\u0131r\u0131lm\u0131\u015f ve i\u011fnelerin 3 cc s\u0131v\u0131y\u0131 vakumlu t\u00fcpe ne kadar s\u00fcrede enjekte ettikleri kaydedilmi\u015ftir. T-LAB Fine Needle 30G t\u00fcpe 28 saniyede enjekte ederken 30G kal\u0131nl\u0131ktaki en yak\u0131n rakibi ancak 78 saniyede enjeksiyonu tamamlayabilmi\u015ftir. https:\/\/vimeo.com\/357766424 GHOST NEEDLE NEREDEYSE G\u00d6R\u00dcNMEZ VE ACISIZ<\/p>","protected":false},"author":1,"featured_media":0,"parent":0,"menu_order":0,"comment_status":"closed","ping_status":"closed","template":"","meta":{"_monsterinsights_skip_tracking":false,"_monsterinsights_sitenote_active":false,"_monsterinsights_sitenote_note":"","_monsterinsights_sitenote_category":0,"_uf_show_specific_survey":0,"_uf_disable_surveys":false,"footnotes":""},"class_list":["post-8019","page","type-page","status-publish","hentry","post-no-thumbnail"],"_links":{"self":[{"href":"https:\/\/tlab.com.tr\/en\/wp-json\/wp\/v2\/pages\/8019","targetHints":{"allow":["GET"]}}],"collection":[{"href":"https:\/\/tlab.com.tr\/en\/wp-json\/wp\/v2\/pages"}],"about":[{"href":"https:\/\/tlab.com.tr\/en\/wp-json\/wp\/v2\/types\/page"}],"author":[{"embeddable":true,"href":"https:\/\/tlab.com.tr\/en\/wp-json\/wp\/v2\/users\/1"}],"replies":[{"embeddable":true,"href":"https:\/\/tlab.com.tr\/en\/wp-json\/wp\/v2\/comments?post=8019"}],"version-history":[{"count":35,"href":"https:\/\/tlab.com.tr\/en\/wp-json\/wp\/v2\/pages\/8019\/revisions"}],"predecessor-version":[{"id":12283,"href":"https:\/\/tlab.com.tr\/en\/wp-json\/wp\/v2\/pages\/8019\/revisions\/12283"}],"wp:attachment":[{"href":"https:\/\/tlab.com.tr\/en\/wp-json\/wp\/v2\/media?parent=8019"}],"curies":[{"name":"wp","href":"https:\/\/api.w.org\/{rel}","templated":true}]}}