{"id":8040,"date":"2023-07-18T23:44:32","date_gmt":"2023-07-18T20:44:32","guid":{"rendered":"https:\/\/tlab.com.tr\/?page_id=8040"},"modified":"2024-12-02T14:42:01","modified_gmt":"2024-12-02T11:42:01","slug":"t-lab-fine-micro-siringa","status":"publish","type":"page","link":"https:\/\/tlab.com.tr\/en\/t-lab-fine-micro-syringe\/","title":{"rendered":"T-LAB Fine Micro Syringe"},"content":{"rendered":"<div data-elementor-type=\"wp-page\" data-elementor-id=\"8040\" class=\"elementor elementor-8040\">\n\t\t\t\t\t\t<section class=\"elementor-section elementor-top-section elementor-element elementor-element-4d2ddd5 elementor-section-boxed elementor-section-gap-beside-yes elementor-section-height-default elementor-section-height-default elementor-section-column-vertical-align-stretch\" data-id=\"4d2ddd5\" data-element_type=\"section\" data-e-type=\"section\">\n\t\t\t\t\t\t<div class=\"elementor-container elementor-column-gap-extended\">\n\t\t\t\t\t<div class=\"elementor-column elementor-col-50 elementor-top-column elementor-element elementor-element-29fbcfe\" data-id=\"29fbcfe\" data-element_type=\"column\" data-e-type=\"column\">\n\t\t\t<div class=\"elementor-widget-wrap elementor-element-populated\">\n\t\t\t\t\t\t<div class=\"elementor-element elementor-element-794561e elementor-widget elementor-widget-heading\" data-id=\"794561e\" data-element_type=\"widget\" data-e-type=\"widget\" data-widget_type=\"heading.default\">\n\t\t\t\t<div class=\"elementor-widget-container\">\n\t\t\t\t\t<h2 class=\"elementor-heading-title elementor-size-default\">T-LAB Fine<br \/>Micro Syringe<\/h2>\t\t\t\t<\/div>\n\t\t\t\t<\/div>\n\t\t\t\t<div class=\"elementor-element elementor-element-988ee4a elementor-widget elementor-widget-text-editor\" data-id=\"988ee4a\" data-element_type=\"widget\" data-e-type=\"widget\" data-widget_type=\"text-editor.default\">\n\t\t\t\t<div class=\"elementor-widget-container\">\n\t\t\t\t\t\t\t\t\t<p>T-LAB Fine Micro Syringe provides superior dose control with its 0.5 ml volume and minimizes the risk of overdose injection. With its 32Gx8 mm thin tip, it minimizes the effects of bleeding, bruising and swelling, while maximizing patient comfort. Moreover, with its dose protection feature, it protects every drop of valuable products such as botulinum toxin and mesotherapy. Offered in single sterile packages, this product is designed for special applications far beyond similar insulin syringes.<\/p>\t\t\t\t\t\t\t\t<\/div>\n\t\t\t\t<\/div>\n\t\t\t\t\t<\/div>\n\t\t<\/div>\n\t\t\t\t<div class=\"elementor-column elementor-col-50 elementor-top-column elementor-element elementor-element-ff7f13a\" data-id=\"ff7f13a\" data-element_type=\"column\" data-e-type=\"column\">\n\t\t\t<div class=\"elementor-widget-wrap elementor-element-populated\">\n\t\t\t\t\t\t<div class=\"elementor-element elementor-element-ee7c9b0 elementor-widget elementor-widget-image\" data-id=\"ee7c9b0\" data-element_type=\"widget\" data-e-type=\"widget\" data-widget_type=\"image.default\">\n\t\t\t\t<div class=\"elementor-widget-container\">\n\t\t\t\t\t\t\t\t\t\t\t\t\t\t\t<img fetchpriority=\"high\" decoding=\"async\" width=\"328\" height=\"1024\" src=\"https:\/\/tlab.com.tr\/wp-content\/uploads\/2023\/07\/FINE-MICRO-1-328x1024-1.jpg\" class=\"attachment-full size-full wp-image-8042\" alt=\"\" srcset=\"https:\/\/tlab.com.tr\/wp-content\/uploads\/2023\/07\/FINE-MICRO-1-328x1024-1.jpg 328w, https:\/\/tlab.com.tr\/wp-content\/uploads\/2023\/07\/FINE-MICRO-1-328x1024-1-96x300.jpg 96w\" sizes=\"(max-width: 328px) 100vw, 328px\" \/>\t\t\t\t\t\t\t\t\t\t\t\t\t\t\t<\/div>\n\t\t\t\t<\/div>\n\t\t\t\t\t<\/div>\n\t\t<\/div>\n\t\t\t\t\t<\/div>\n\t\t<\/section>\n\t\t\t\t<section class=\"elementor-section elementor-top-section elementor-element elementor-element-94775b8 elementor-section-boxed elementor-section-gap-beside-yes elementor-section-height-default elementor-section-height-default elementor-section-column-vertical-align-stretch\" data-id=\"94775b8\" data-element_type=\"section\" data-e-type=\"section\">\n\t\t\t\t\t\t<div class=\"elementor-container elementor-column-gap-extended\">\n\t\t\t\t\t<div class=\"elementor-column elementor-col-50 elementor-top-column elementor-element elementor-element-2ad309c\" data-id=\"2ad309c\" data-element_type=\"column\" data-e-type=\"column\">\n\t\t\t<div class=\"elementor-widget-wrap elementor-element-populated\">\n\t\t\t\t\t\t<div class=\"elementor-element elementor-element-f1878e8 elementor-widget elementor-widget-image\" data-id=\"f1878e8\" data-element_type=\"widget\" data-e-type=\"widget\" data-widget_type=\"image.default\">\n\t\t\t\t<div class=\"elementor-widget-container\">\n\t\t\t\t\t\t\t\t\t\t\t\t\t\t\t<img decoding=\"async\" width=\"640\" height=\"141\" src=\"https:\/\/tlab.com.tr\/wp-content\/uploads\/2023\/07\/mikro-siringa-kapakli-1-1024x226.png\" class=\"attachment-large size-large wp-image-8044\" alt=\"\" srcset=\"https:\/\/tlab.com.tr\/wp-content\/uploads\/2023\/07\/mikro-siringa-kapakli-1-1024x226.png 1024w, https:\/\/tlab.com.tr\/wp-content\/uploads\/2023\/07\/mikro-siringa-kapakli-1-300x66.png 300w, https:\/\/tlab.com.tr\/wp-content\/uploads\/2023\/07\/mikro-siringa-kapakli-1-768x170.png 768w, https:\/\/tlab.com.tr\/wp-content\/uploads\/2023\/07\/mikro-siringa-kapakli-1.png 1200w\" sizes=\"(max-width: 640px) 100vw, 640px\" \/>\t\t\t\t\t\t\t\t\t\t\t\t\t\t\t<\/div>\n\t\t\t\t<\/div>\n\t\t\t\t\t<\/div>\n\t\t<\/div>\n\t\t\t\t<div class=\"elementor-column elementor-col-50 elementor-top-column elementor-element elementor-element-ebf3c5e\" data-id=\"ebf3c5e\" data-element_type=\"column\" data-e-type=\"column\">\n\t\t\t<div class=\"elementor-widget-wrap elementor-element-populated\">\n\t\t\t\t\t\t<div class=\"elementor-element elementor-element-c5425a8 elementor-widget elementor-widget-heading\" data-id=\"c5425a8\" data-element_type=\"widget\" data-e-type=\"widget\" data-widget_type=\"heading.default\">\n\t\t\t\t<div class=\"elementor-widget-container\">\n\t\t\t\t\t<h2 class=\"elementor-heading-title elementor-size-default\">PRECISE CONTROL<\/h2>\t\t\t\t<\/div>\n\t\t\t\t<\/div>\n\t\t\t\t<div class=\"elementor-element elementor-element-9a5bd2d elementor-widget elementor-widget-heading\" data-id=\"9a5bd2d\" data-element_type=\"widget\" data-e-type=\"widget\" data-widget_type=\"heading.default\">\n\t\t\t\t<div class=\"elementor-widget-container\">\n\t\t\t\t\t<h2 class=\"elementor-heading-title elementor-size-default\">With its 30% thinner outer diameter and 60% larger inner diameter than 30G, it minimizes the effects of bleeding and bruising.<\/h2>\t\t\t\t<\/div>\n\t\t\t\t<\/div>\n\t\t\t\t\t<\/div>\n\t\t<\/div>\n\t\t\t\t\t<\/div>\n\t\t<\/section>\n\t\t\t\t<section class=\"elementor-section elementor-top-section elementor-element elementor-element-ede4eec elementor-section-boxed elementor-section-gap-beside-yes elementor-section-height-default elementor-section-height-default elementor-section-column-vertical-align-stretch\" data-id=\"ede4eec\" data-element_type=\"section\" data-e-type=\"section\">\n\t\t\t\t\t\t<div class=\"elementor-container elementor-column-gap-extended\">\n\t\t\t\t\t<div class=\"elementor-column elementor-col-50 elementor-top-column elementor-element elementor-element-872671e\" data-id=\"872671e\" data-element_type=\"column\" data-e-type=\"column\">\n\t\t\t<div class=\"elementor-widget-wrap elementor-element-populated\">\n\t\t\t\t\t\t<div class=\"elementor-element elementor-element-7d83289 elementor-widget elementor-widget-heading\" data-id=\"7d83289\" data-element_type=\"widget\" data-e-type=\"widget\" data-widget_type=\"heading.default\">\n\t\t\t\t<div class=\"elementor-widget-container\">\n\t\t\t\t\t<h2 class=\"elementor-heading-title elementor-size-default\">HIGH PATIENT COMFORT<\/h2>\t\t\t\t<\/div>\n\t\t\t\t<\/div>\n\t\t\t\t<div class=\"elementor-element elementor-element-8708337 elementor-widget elementor-widget-text-editor\" data-id=\"8708337\" data-element_type=\"widget\" data-e-type=\"widget\" data-widget_type=\"text-editor.default\">\n\t\t\t\t<div class=\"elementor-widget-container\">\n\t\t\t\t\t\t\t\t\t<p>Ordinary insulin with a 32G x 8mm long needle<br \/>superior to injectors<\/p>\t\t\t\t\t\t\t\t<\/div>\n\t\t\t\t<\/div>\n\t\t\t\t\t<\/div>\n\t\t<\/div>\n\t\t\t\t<div class=\"elementor-column elementor-col-50 elementor-top-column elementor-element elementor-element-1c7d416\" data-id=\"1c7d416\" data-element_type=\"column\" data-e-type=\"column\">\n\t\t\t<div class=\"elementor-widget-wrap elementor-element-populated\">\n\t\t\t\t\t\t<div class=\"elementor-element elementor-element-3e3f749 elementor-widget elementor-widget-image\" data-id=\"3e3f749\" data-element_type=\"widget\" data-e-type=\"widget\" data-widget_type=\"image.default\">\n\t\t\t\t<div class=\"elementor-widget-container\">\n\t\t\t\t\t\t\t\t\t\t\t\t\t\t\t<img decoding=\"async\" width=\"119\" height=\"1014\" src=\"https:\/\/tlab.com.tr\/wp-content\/uploads\/2023\/07\/mikro-siringa.jpg\" class=\"attachment-full size-full wp-image-8045\" alt=\"\" \/>\t\t\t\t\t\t\t\t\t\t\t\t\t\t\t<\/div>\n\t\t\t\t<\/div>\n\t\t\t\t\t<\/div>\n\t\t<\/div>\n\t\t\t\t\t<\/div>\n\t\t<\/section>\n\t\t\t\t<section class=\"elementor-section elementor-top-section elementor-element elementor-element-298e944 elementor-section-boxed elementor-section-gap-beside-yes elementor-section-height-default elementor-section-height-default elementor-section-column-vertical-align-stretch\" data-id=\"298e944\" data-element_type=\"section\" data-e-type=\"section\" data-settings=\"{&quot;background_background&quot;:&quot;gradient&quot;,&quot;shape_divider_top&quot;:&quot;mountains&quot;}\">\n\t\t\t\t\t<div class=\"elementor-shape elementor-shape-top\" aria-hidden=\"true\" data-negative=\"false\">\n\t\t\t<svg xmlns=\"http:\/\/www.w3.org\/2000\/svg\" viewbox=\"0 0 1000 100\" preserveaspectratio=\"none\">\n\t<path class=\"elementor-shape-fill\" opacity=\"0.33\" d=\"M473,67.3c-203.9,88.3-263.1-34-320.3,0C66,119.1,0,59.7,0,59.7V0h1000v59.7 c0,0-62.1,26.1-94.9,29.3c-32.8,3.3-62.8-12.3-75.8-22.1C806,49.6,745.3,8.7,694.9,4.7S492.4,59,473,67.3z\"\/>\n\t<path class=\"elementor-shape-fill\" opacity=\"0.66\" d=\"M734,67.3c-45.5,0-77.2-23.2-129.1-39.1c-28.6-8.7-150.3-10.1-254,39.1 s-91.7-34.4-149.2,0C115.7,118.3,0,39.8,0,39.8V0h1000v36.5c0,0-28.2-18.5-92.1-18.5C810.2,18.1,775.7,67.3,734,67.3z\"\/>\n\t<path class=\"elementor-shape-fill\" d=\"M766.1,28.9c-200-57.5-266,65.5-395.1,19.5C242,1.8,242,5.4,184.8,20.6C128,35.8,132.3,44.9,89.9,52.5C28.6,63.7,0,0,0,0 h1000c0,0-9.9,40.9-83.6,48.1S829.6,47,766.1,28.9z\"\/>\n<\/svg>\t\t<\/div>\n\t\t\t\t\t<div class=\"elementor-container elementor-column-gap-default\">\n\t\t\t\t\t<div class=\"elementor-column elementor-col-50 elementor-top-column elementor-element elementor-element-00d0f6f\" data-id=\"00d0f6f\" data-element_type=\"column\" data-e-type=\"column\">\n\t\t\t<div class=\"elementor-widget-wrap elementor-element-populated\">\n\t\t\t\t\t\t<div class=\"elementor-element elementor-element-76cb22f elementor-widget elementor-widget-image\" data-id=\"76cb22f\" data-element_type=\"widget\" data-e-type=\"widget\" data-widget_type=\"image.default\">\n\t\t\t\t<div class=\"elementor-widget-container\">\n\t\t\t\t\t\t\t\t\t\t\t\t\t\t\t<img loading=\"lazy\" decoding=\"async\" width=\"1079\" height=\"853\" src=\"https:\/\/tlab.com.tr\/wp-content\/uploads\/2023\/07\/mikro-siringa-ustten-1.png\" class=\"attachment-full size-full wp-image-8046\" alt=\"\" srcset=\"https:\/\/tlab.com.tr\/wp-content\/uploads\/2023\/07\/mikro-siringa-ustten-1.png 1079w, https:\/\/tlab.com.tr\/wp-content\/uploads\/2023\/07\/mikro-siringa-ustten-1-300x237.png 300w, https:\/\/tlab.com.tr\/wp-content\/uploads\/2023\/07\/mikro-siringa-ustten-1-1024x810.png 1024w, https:\/\/tlab.com.tr\/wp-content\/uploads\/2023\/07\/mikro-siringa-ustten-1-768x607.png 768w\" sizes=\"(max-width: 1079px) 100vw, 1079px\" \/>\t\t\t\t\t\t\t\t\t\t\t\t\t\t\t<\/div>\n\t\t\t\t<\/div>\n\t\t\t\t\t<\/div>\n\t\t<\/div>\n\t\t\t\t<div class=\"elementor-column elementor-col-50 elementor-top-column elementor-element elementor-element-d1f02ce\" data-id=\"d1f02ce\" data-element_type=\"column\" data-e-type=\"column\">\n\t\t\t<div class=\"elementor-widget-wrap elementor-element-populated\">\n\t\t\t\t\t\t<div class=\"elementor-element elementor-element-2e8fe47 elementor-widget elementor-widget-heading\" data-id=\"2e8fe47\" data-element_type=\"widget\" data-e-type=\"widget\" data-widget_type=\"heading.default\">\n\t\t\t\t<div class=\"elementor-widget-container\">\n\t\t\t\t\t<h2 class=\"elementor-heading-title elementor-size-default\">DOSE SAVER<\/h2>\t\t\t\t<\/div>\n\t\t\t\t<\/div>\n\t\t\t\t<div class=\"elementor-element elementor-element-e3205cc elementor-widget elementor-widget-heading\" data-id=\"e3205cc\" data-element_type=\"widget\" data-e-type=\"widget\" data-widget_type=\"heading.default\">\n\t\t\t\t<div class=\"elementor-widget-container\">\n\t\t\t\t\t<h2 class=\"elementor-heading-title elementor-size-default\">Every drop is under protection with the needle combined with the body.<\/h2>\t\t\t\t<\/div>\n\t\t\t\t<\/div>\n\t\t\t\t\t<\/div>\n\t\t<\/div>\n\t\t\t\t\t<\/div>\n\t\t<\/section>\n\t\t\t\t<\/div>","protected":false},"excerpt":{"rendered":"<p>T-LAB FineMicro \u015e\u0131r\u0131nga T-LAB Fine Micro \u015e\u0131r\u0131nga, 0,5 ml\u2019lik hacmi ile \u00fcst\u00fcn doz kontrol\u00fc sa\u011flar ve fazla doz enjeksiyon riskini en aza indirger. 32Gx8 mm inceli\u011findeki ucu ile kanama, morarma ve \u015fi\u015fme etkilerini en aza indirgerken hasta konforunu \u00fcst seviyelere ta\u015f\u0131r. \u00dcstelik doz koruma \u00f6zelli\u011fi ile botulinum toksin, mezoterapi gibi de\u011ferli \u00fcr\u00fcnlerin her damlas\u0131n\u0131 korur. Tekli steril paketlerde sunulan bu \u00fcr\u00fcn benzer ins\u00fclin enjekt\u00f6rlerinin \u00e7ok \u00f6tesinde \u00f6zel uygulamalar i\u00e7in tasarlanm\u0131\u015ft\u0131r. HASSAS KONTROL 30G\u2019den %30 daha ince d\u0131\u015f \u00e7ap\u0131 ve %60 daha geni\u015f i\u00e7 \u00e7ap\u0131 ile kanama, morarma etkilerini en aza indirger. Y\u00dcKSEK HASTA KONFORU 32G x 8mm uzunlu\u011funda i\u011fnesi ile s\u0131radan ins\u00fclinenjekt\u00f6rlerine g\u00f6re \u00e7ok \u00fcst\u00fcn DOZ KORUMA (DOSE SAVER) G\u00f6vde ile birle\u015fik i\u011fnesi ile her damla koruma alt\u0131nda<\/p>","protected":false},"author":1,"featured_media":0,"parent":0,"menu_order":0,"comment_status":"closed","ping_status":"closed","template":"","meta":{"_monsterinsights_skip_tracking":false,"_monsterinsights_sitenote_active":false,"_monsterinsights_sitenote_note":"","_monsterinsights_sitenote_category":0,"_uf_show_specific_survey":0,"_uf_disable_surveys":false,"footnotes":""},"class_list":["post-8040","page","type-page","status-publish","hentry","post-no-thumbnail"],"_links":{"self":[{"href":"https:\/\/tlab.com.tr\/en\/wp-json\/wp\/v2\/pages\/8040","targetHints":{"allow":["GET"]}}],"collection":[{"href":"https:\/\/tlab.com.tr\/en\/wp-json\/wp\/v2\/pages"}],"about":[{"href":"https:\/\/tlab.com.tr\/en\/wp-json\/wp\/v2\/types\/page"}],"author":[{"embeddable":true,"href":"https:\/\/tlab.com.tr\/en\/wp-json\/wp\/v2\/users\/1"}],"replies":[{"embeddable":true,"href":"https:\/\/tlab.com.tr\/en\/wp-json\/wp\/v2\/comments?post=8040"}],"version-history":[{"count":14,"href":"https:\/\/tlab.com.tr\/en\/wp-json\/wp\/v2\/pages\/8040\/revisions"}],"predecessor-version":[{"id":12280,"href":"https:\/\/tlab.com.tr\/en\/wp-json\/wp\/v2\/pages\/8040\/revisions\/12280"}],"wp:attachment":[{"href":"https:\/\/tlab.com.tr\/en\/wp-json\/wp\/v2\/media?parent=8040"}],"curies":[{"name":"wp","href":"https:\/\/api.w.org\/{rel}","templated":true}]}}