{"id":9428,"date":"2020-04-17T02:19:07","date_gmt":"2020-04-17T02:19:07","guid":{"rendered":"https:\/\/tlab.com.tr\/terms-of-service\/"},"modified":"2025-02-11T12:46:25","modified_gmt":"2025-02-11T09:46:25","slug":"kvkk","status":"publish","type":"page","link":"https:\/\/tlab.com.tr\/en\/gpdr\/","title":{"rendered":"GPDR"},"content":{"rendered":"<div data-elementor-type=\"wp-page\" data-elementor-id=\"9428\" class=\"elementor elementor-9428\">\n\t\t\t\t\t\t<section class=\"elementor-section elementor-top-section elementor-element elementor-element-ee5ab0f elementor-section-gap-beside-no elementor-section-boxed elementor-section-height-default elementor-section-height-default elementor-section-column-vertical-align-stretch\" data-id=\"ee5ab0f\" data-element_type=\"section\" data-e-type=\"section\">\n\t\t\t\t\t\t<div class=\"elementor-container elementor-column-gap-extended\">\n\t\t\t\t\t<div class=\"elementor-column elementor-col-100 elementor-top-column elementor-element elementor-element-f813455\" data-id=\"f813455\" data-element_type=\"column\" data-e-type=\"column\">\n\t\t\t<div class=\"elementor-widget-wrap elementor-element-populated\">\n\t\t\t\t\t\t<div class=\"elementor-element elementor-element-077aa12 elementor-widget elementor-widget-text-editor\" data-id=\"077aa12\" data-element_type=\"widget\" data-e-type=\"widget\" data-widget_type=\"text-editor.default\">\n\t\t\t\t<div class=\"elementor-widget-container\">\n\t\t\t\t\t\t\t\t\t<h2><b>CLARIFICATION TEXT ON THE LAW ON PERSONAL DATA PROTECTION<\/b><\/h2><p>As T-Bioteknoloji Laboratuvar Estetik Medikal Kozmetik San. Tic. Ltd. \u015eti. we show maximum sensitivity to the security of your personal data. With this awareness, as a Company, we attach great importance to the processing and preservation of all kinds of personal data belonging to all persons related to the Company in accordance with the Personal Data Protection Law No. 6698 (\"PDPL\"). With the full realization of this responsibility, we process your personal data in the capacity of \"Data Controller\" defined within the scope of PDPL, as explained below and within the limits ordered by the legislation.<\/p><p>In this clarification text;<\/p><p><strong>Personal Data:<\/strong>\u00a0Any information relating to an identified or identifiable natural person,<\/p><ul><li><strong>Personal Data Protection Law (\"PDPL\"):<\/strong>Law No. 6698 on the Protection of Personal Data, which entered into force as published in the Official Gazette on 04.2016,<\/li><li><strong>Data Controller:<\/strong>\u00a0The natural or legal entity who determines the purposes and means of processing personal data and is responsible for the establishment and management of the data recording system,<\/li><li><strong>Data Processor:<\/strong>\u00a0Refers to the natural or legal entity who processes personal data on behalf of the Data Controller based on the authorization granted by the Data Controller.<\/li><\/ul><p><strong><u>Data Controller:<\/u><\/strong><\/p><p>Pursuant to PDPL, your personal data that you share with the capacity of interlocutor, supplier, customer, employee, intern, visitor, etc. will be evaluated by the legal entity T-Biyoteknoloji Laboratuvar Estetik Medikal Kozmetik San. Tic. Ltd. \u015eti., which is determined as the data controller, within the scope specified below.<\/p><p><strong>Collection and Processing of Personal Data and Business Purposes<\/strong><\/p><p>Although your personal data may vary depending on the relationship between you and our company; It may be collected verbally, in writing or electronically by automatic or non-automatic methods, our company units, website, social media channels, mobile applications and similar means. Your personal data will be created and updated and processed as long as your relationship with our Company continues.<\/p><p>Your personal data collected will be processed in accordance with the personal data processing conditions and purposes specified in Articles 5 and 6 of the PDPL in order to ensure that the necessary work is carried out by the relevant business units for you to benefit from the services of our company, to ensure the legal and commercial security of our company and the persons who have a business relationship with our company, to determine and implement the strategies of our company and to ensure the execution of our company's human resources policies,<\/p><p>The data will be processed in accordance with the law and good faith,<\/p><ul><li>Accurately and up to date when needed,<\/li><li>For specific, explicit and legitimate purposes,<\/li><li>Relevant, limited and proportionate to the purpose for which they are processed,<\/li><li>in accordance with the rules of retention for the period stipulated in the relevant legislation or required for the purpose for which they are processed.<\/li><\/ul><ul><li><strong>To whom and for what purpose the processed personal data can be transferred:<\/strong><\/li><\/ul><p>Your collected personal data may be transferred to our business partners, suppliers, legally authorized public institutions and private persons within the framework of the personal data processing conditions and purposes specified in Articles 8 and 9 of the PDPL for the purposes of carrying out the necessary work by the relevant business units for you to benefit from the services of our company, ensuring the legal and commercial security of our company and the persons who have a business relationship with our company, determining and implementing the commercial and business strategies of our company and ensuring the execution of our company's human resources policies.<\/p><ul><li><strong>Method and Legal Grounds for Collecting Personal Data:<\/strong><\/li><\/ul><p>Recording your personal data by T-Biyoteknoloji Laboratuvar Estetik Medikal Kozmetik San. Tic. Ltd. \u015eti dealers, affiliates, suppliers or business partners in all kinds of verbal, written or electronic media by T-Biyoteknoloji dealers, affiliates, suppliers or business partners, in order to provide our services in line with the above-mentioned purposes and to fulfill our company's obligations arising from the contract and the law in a complete and accurate manner, and recording the information you verbally declare to the company employees verbally by the security cameras in our workplace \/ factory and affiliated units in our systems by these persons, Recording the information you share regarding the transactions you make through the Factory, Workplace Center, Site or Mobile Application in our systems, recording the data generated \/ obtained from the use of your fixed-mobile internet and communication devices and \/ or mobile applications in various environments and places in our systems, You become a member of the site or any transaction on the site and mobile application, filling out surveys, registration and recording of behavioral transactions in our systems, recording the redirection process from the websites of our business partners to the site and mobile application, with cookies and other similar technologies working on the site or mobile application as explained in detail in the cookie policy, call center, mobile application, site, our e-mail addresses, We collect your personal data by automatic methods such as recording your requests and complaints that you have communicated to us during mutual communication via social media and other communication channels, recording, updating and enriching your conversations with our company employees, or by non-automatic methods such as recording information\/documents about you from official institutions, organizations and judicial\/administrative authorities. Your personal data collected for this legal reason may also be processed and transferred for the purposes specified in Articles (1) and (2) of this text within the scope of the personal data processing conditions and purposes specified in Articles 5 and 6 of the KVKK.<\/p><p>For the legal reasons that data processing is necessary for the establishment and performance of the contract regarding all kinds of transaction processes on the site, factory, sales offices and mobile application, for the legal reasons that data processing is mandatory for the fulfillment of the legal obligation and the legitimate interests of the data controller; for the legal reason of fulfilling the legal obligation regarding our retention obligations arising from the legislation; the legal grounds that \"data processing is mandatory for the legitimate interests of the data controller\" and that data processing and transfer is mandatory for the establishment, exercise or protection of rights; the legal grounds that data processing is necessary for the establishment and performance of the contract and explicit consent for site membership processes; and the explicit consent you give in commercial communication processes. You can withdraw your explicit consent at any time and without any justification and terminate personal data processing activities based on explicit consent.<\/p><ul><li><strong>Rights of the Personal Data Owner listed in Article 11 of the PDPL:<\/strong><\/li><\/ul><p>As personal data owners, if you submit your requests regarding your rights to our company by the methods set out below, our company will finalize your request free of charge within 30 days at the latest, depending on the nature of the request. However, if a fee is stipulated by the Personal Data Protection Board, the fee in the tariff determined by our company will be charged. In this context, personal data owners have the right to demand compensation for the damages;<\/p><ul><li>Learn whether personal data is being processed,<\/li><li>Request information if personal data has been processed,<\/li><li>To learn the purpose of processing personal data and whether they are used in accordance with their purpose,<\/li><li>To know the third parties to whom personal data are transferred domestically and abroad,<\/li><li>To request correction of personal data in case of incomplete or incorrect processing,<\/li><li>To request the deletion or destruction of personal data within the framework of the conditions stipulated in Article 7 of the PDPL,<\/li><li>To request notification of the transactions made pursuant to subparagraphs (e) and (f) to third parties to whom personal data are transferred,<\/li><li>To object to the emergence of a result to the detriment of the person himself\/herself by analyzing the processed data exclusively through automated systems,<\/li><li>Damage due to unlawful processing of personal data<\/li><\/ul><p>Pursuant to paragraph 1 of Article 13 of the PDPL, you may submit your request to our company in writing or by other methods determined by the Personal Data Protection Board. Since the Personal Data Protection Board has not determined any method at this stage, your application must be submitted to our company in writing in accordance with the PDPL. In this context, the channels and procedures to submit your written application to our company within the scope of Article 11 of the PDPL are explained below.<\/p><p>To exercise your rights specified above and to use the necessary information to identify you, you may submit your request, which includes your explanations regarding the right you wish to exercise from among the rights specified in Article 11 of the KVKK, in a clear and understandable manner, and by attaching documents that identify you and your address, in writing and with wet signature, by hand, by mail or through a notary. <strong><a title=\"tlab.com.tr\" href=\"mailto:ik@tlab.com.tr\" target=\"_blank\" rel=\"noopener\">tlab.com.tr<\/a><\/strong>\u00a0or \u00dc\u00e7evler Mah. Niltim 70. Street \u0130brahim Yaz\u0131c\u0131 Plaza-1 No:1\/22D 16270 Nil\u00fcfer\/BURSA.<\/p>\t\t\t\t\t\t\t\t<\/div>\n\t\t\t\t<\/div>\n\t\t\t\t\t<\/div>\n\t\t<\/div>\n\t\t\t\t\t<\/div>\n\t\t<\/section>\n\t\t\t\t<\/div>","protected":false},"excerpt":{"rendered":"<p>K\u0130\u015e\u0130SEL VER\u0130LER\u0130N KORUNMASI KANUNU\u00a0AYDINLATMA METN\u0130 T-Biyoteknoloji Laboratuvar Estetik Medikal Kozmetik San. Tic. Ltd. \u015eti. olarak ki\u015fisel verilerinizin g\u00fcvenli\u011fi hususuna azami hassasiyet g\u00f6stermekteyiz. Bu bilin\u00e7le, \u015eirket olarak, \u015eirkete ili\u015fkin t\u00fcm \u015fah\u0131slara ait her t\u00fcrl\u00fc ki\u015fisel verilerin 6698 Say\u0131l\u0131 Ki\u015fisel Verilerin Korunmas\u0131 Kanunu (\u201cKVKK\u201d)\u2019na uygun olarak i\u015flenerek, muhafaza edilmesine b\u00fcy\u00fck \u00f6nem atfetmekteyiz. Bu sorumlulu\u011fumuzun tam idraki ile KVKK kapsam\u0131nda tan\u0131ml\u0131 \u201cVeri Sorumlusu\u201d s\u0131fat\u0131yla, ki\u015fisel verilerinizi a\u015fa\u011f\u0131da izah edildi\u011fi surette ve mevzuat taraf\u0131ndan emredilen s\u0131n\u0131rlar \u00e7er\u00e7evesinde i\u015flemekteyiz. \u0130\u015fbu ayd\u0131nlatma metninde ge\u00e7en; Ki\u015fisel Veri:\u00a0Kimli\u011fi belirli veya belirlenebilir ger\u00e7ek ki\u015fiye ili\u015fkin her t\u00fcrl\u00fc bilgiyi, Ki\u015fisel Verilerin Korunmas\u0131 Kanunu (\u201cKVKK\u201d):04.2016 tarihinde Resm\u00ee Gazete\u2019de yay\u0131mlara y\u00fcr\u00fcrl\u00fc\u011fe giren 6698 Say\u0131l\u0131 Ki\u015fisel Verilerin Korunmas\u0131 Kanunu\u2019nu, Veri Sorumlusu:\u00a0Ki\u015fisel verilerin i\u015fleme ama\u00e7lar\u0131n\u0131 ve vas\u0131talar\u0131n\u0131 belirleyen, veri kay\u0131t sisteminin kurulmas\u0131ndan ve y\u00f6netilmesinden sorunlu olan ger\u00e7ek veya t\u00fczel ki\u015fiyi, Veri \u0130\u015fleyen:\u00a0Veri Sorumlusunun verdi\u011fi yetkiye dayanarak onun ad\u0131na ki\u015fisel verileri i\u015fleyen ger\u00e7ek veya t\u00fczel ki\u015fiyi ifade eder. Veri Sorumlusu: KVKK uyar\u0131nca muhatap, tedarik\u00e7i, m\u00fc\u015fteri, \u00e7al\u0131\u015fan, stajyer, ziyaret\u00e7i vb. s\u0131fatlar\u0131 ile payla\u015ft\u0131\u011f\u0131n\u0131z ki\u015fisel verileriniz, veri sorumlusu olarak belirlenen T-Biyoteknoloji Laboratuvar Estetik Medikal Kozmetik San. Tic. Ltd. \u015eti. olarak t\u00fczel ki\u015fili\u011fi taraf\u0131ndan a\u015fa\u011f\u0131da belirtilen kapsamda de\u011ferlendirilecektir. Ki\u015fisel Verilerin Toplanmas\u0131, \u0130\u015flenmesi ve \u0130\u015fletme Ama\u00e7lar\u0131 Ki\u015fisel verileriniz, \u015firketimiz ile aran\u0131zdaki ili\u015fkiye ba\u011fl\u0131 olarak de\u011fi\u015fkenlik g\u00f6sterebilmekle birlikte; otomatik ya da otomatik olmayan y\u00f6ntemlerle, \u015firketimiz birimleri, internet sitesi, sosyal medya mecralar\u0131, mobil uygulamalar ve benzeri vas\u0131talarla s\u00f6zl\u00fc, yaz\u0131l\u0131 ya da elektronik olarak toplanabilecektir. Ki\u015fisel verileriniz, \u015eirketimiz ile ili\u015fkiniz devam etti\u011fi m\u00fcddet\u00e7e olu\u015fturulacak ve g\u00fcncellenerek i\u015flenebilecektir. Toplanan ki\u015fisel verileriniz, \u015firketimiz hizmetlerinden faydalanman\u0131z i\u00e7in gerekli \u00e7al\u0131\u015fmalar\u0131n ilgili i\u015f birimleri taraf\u0131ndan yap\u0131lmas\u0131, \u015firketimizin ve \u015firketimizle i\u015f ili\u015fkisi i\u00e7erisinde olan ki\u015filerin hukuki ve ticari g\u00fcvenli\u011finin temini, \u015firketimizin stratejilerinin belirlenmesi ve uygulanmas\u0131 ve \u015firketimizin insan kaynaklar\u0131 politikalar\u0131n\u0131n y\u00fcr\u00fct\u00fclmesin temini ama\u00e7lar\u0131yla KVKK\u2019n\u0131n 5. ve 6. Maddelerinde belirtilen ki\u015fisel verileri i\u015fleme \u015fartlar\u0131 ve ama\u00e7lar\u0131 uyar\u0131nca, Hukuka ve d\u00fcr\u00fcstl\u00fck kurallar\u0131na uygun, Do\u011fru ve gerekti\u011finde g\u00fcncel, Belirli, a\u00e7\u0131k ve me\u015fru ama\u00e7lar i\u00e7in, \u0130\u015flendikleri ama\u00e7la ba\u011flant\u0131l\u0131, s\u0131n\u0131rl\u0131 ve \u00f6l\u00e7\u00fcl\u00fc, \u0130lgili mevzuatta \u00f6ng\u00f6r\u00fclen veya i\u015flendikleri ama\u00e7 i\u00e7in gerekli olan s\u00fcre kadar muhafaza edilme kurallar\u0131na uygun bir \u015fekilde i\u015flenecektir. \u0130\u015flenen Ki\u015fisel Verilerin Kimlere ve Hangi Ama\u00e7la Aktar\u0131labilece\u011fi: Toplanan ki\u015fisel verileriniz; \u015firketimiz hizmetlerinden faydalanman\u0131z i\u00e7in gerekli \u00e7al\u0131\u015fmalar\u0131n ilgili i\u015f birimleri taraf\u0131ndan yap\u0131lmas\u0131, \u015firketimizin ve \u015firketimizle i\u015f ili\u015fkisi i\u00e7erisinde olan ki\u015filerin hukuki ve ticari g\u00fcvenli\u011finin temini, \u015firketimizin ticari ve i\u015f stratejilerinin belirlenmesi ve uygulanmas\u0131 ile \u015firketimizin insan kaynaklar\u0131 politikalar\u0131n\u0131n y\u00fcr\u00fct\u00fclmesinin temini ama\u00e7lar\u0131yla i\u015f ortaklar\u0131m\u0131za, tedarik\u00e7ilerimize, kanunen yetkili kamu kurumlar\u0131 ve \u00f6zel ki\u015filere KVKK\u2019n\u0131n 8. ve 9. maddelerinde belirtilen ki\u015fisel veri i\u015fleme \u015fartlar\u0131 ve ama\u00e7lar\u0131 \u00e7er\u00e7evesinde aktar\u0131labilecektir. Ki\u015fisel Veri Toplaman\u0131n Y\u00f6ntemi ve Hukuki Sebebi: Ki\u015fisel verilerinizi, T-Biyoteknoloji Laboratuvar Estetik Medikal Kozmetik San. Tic. Ltd. \u015eti.,\u00a0 bayileri, i\u015ftirakleri, tedarik\u00e7ileri veya i\u015f ortaklar\u0131 taraf\u0131ndan; her t\u00fcrl\u00fc s\u00f6zl\u00fc, yaz\u0131l\u0131 ya da elektronik ortamda, yukar\u0131da yer verilen ama\u00e7lar do\u011frultusunda hizmetlerimizin sunulabilmesi ve bu kapsamda \u015firketimizin s\u00f6zle\u015fme ve yasadan do\u011fan mesuliyetlerini eksiksiz ve do\u011fru bir \u015fekilde yerine getirilebilmesi gayesi ile i\u015fyerimizde\/fabrikam\u0131zda ve ba\u011fl\u0131 birimlerimizde bulunan g\u00fcvenlik kameralar\u0131 ile, s\u00f6zl\u00fc olarak \u015firket \u00e7al\u0131\u015fanlar\u0131na\u00a0 beyan etti\u011finiz bilgilerin bu ki\u015filerce sistemlerimize kaydedilmesi, Fabrika, \u0130\u015fyeri Merkezi, \u00a0Site ya da Mobil Uygulama \u00fczerinden yapt\u0131\u011f\u0131n\u0131z i\u015flemlere ili\u015fkin payla\u015ft\u0131\u011f\u0131n\u0131z bilgilerin sistemlerimize kaydedilmesi, sabit-mobil nitelikli internet ve ileti\u015fim cihazlar\u0131n\u0131z\u0131n ve\/veya mobil uygulamalar\u0131n muhtelif ortamlarda ve yerde kullan\u0131mlar\u0131ndan olu\u015fan\/edinilen verilerin sistemlerimize kaydedilmesi, site \u00fcyesi olman\u0131z veya site ve mobil uygulama \u00fczerindeki her t\u00fcrl\u00fc, i\u015flem, anket doldurma, kay\u0131t ve davran\u0131\u015fsal i\u015flemlerin sistemlerimize kaydedilmesi, i\u015f ortaklar\u0131m\u0131z\u0131n internet sitelerinden site ve mobil uygulamaya yap\u0131lan y\u00f6nlendirme i\u015fleminin kaydedilmesi, \u00e7erez politikas\u0131nda detayl\u0131 olarak a\u00e7\u0131kland\u0131\u011f\u0131 \u00fczere site veya mobil uygulamada \u00e7al\u0131\u015fan \u00e7erez ve benzeri di\u011fer teknolojilerle, \u00e7a\u011fr\u0131 merkezi, mobil uygulama, site, e-posta adreslerimiz, sosyal medya ve di\u011fer ileti\u015fim kanallar\u0131 \u00fczerinden kar\u015f\u0131l\u0131kl\u0131 olarak ileti\u015fime ge\u00e7ilmesi s\u0131ras\u0131nda bize iletmi\u015f oldu\u011funuz talep ve \u015fikayetlerinizin kaydedilmesi, \u015firketimiz \u00e7al\u0131\u015fanlar\u0131 ile yapt\u0131\u011f\u0131n\u0131z g\u00f6r\u00fc\u015fmelerin kaydedilmesi, g\u00fcncellenmesi, zenginle\u015ftirilmesi \u00a0gibi otomatik y\u00f6ntemlerle veya resmi kurum, kurulu\u015f ve adli\/idari makamlardan gelen sizinle ilgili bilgi\/belgelerin kaydedilmesi, ile otomatik olmayan y\u00f6ntemlerle toplamaktay\u0131z. Bu hukuki sebeple toplanan ki\u015fisel verileriniz KVKK\u2019n\u0131n 5. ve 6. maddelerinde belirtilen ki\u015fisel veri i\u015fleme \u015fartlar\u0131 ve ama\u00e7lar\u0131 kapsam\u0131nda bu metnin (1) ve (2) numaral\u0131 maddelerinde belirtilen ama\u00e7larla da i\u015flenebilmekte ve aktar\u0131labilmektedir. Ki\u015fisel verilerinizi,\u00a0 site, fabrika, sat\u0131\u015f ofisleri\u00a0 ve mobil uygulama \u00fczerindeki her t\u00fcrl\u00fc i\u015flem\u00a0 s\u00fcre\u00e7lerine ili\u015fkin olarak s\u00f6zle\u015fmenin kurulmas\u0131 ve ifas\u0131 i\u00e7in veri i\u015flemenin gerekli olmas\u0131, hukuki y\u00fck\u00fcml\u00fcl\u00fc\u011f\u00fcn yerine getirilmesi ile veri sorumlusunun me\u015fru menfaatleri i\u00e7in veri i\u015flenmesinin zorunlu olmas\u0131 hukuki sebeplerine; mevzuattan kaynaklanan saklama y\u00fck\u00fcml\u00fcl\u00fcklerimize ili\u015fkin hukuki y\u00fck\u00fcml\u00fcl\u00fc\u011f\u00fcn yerine getirilmesi hukuki sebebine; fabrikada, \u015firketimizde ve ba\u011fl\u0131 birimlerimizde g\u00fcvenlik kameralar\u0131 ile kay\u0131t yap\u0131lmas\u0131na ili\u015fkin olarak \u201cveri sorumlusunun me\u015fru menfaatleri i\u00e7in veri i\u015flenmesinin zorunlu olmas\u0131\u201d ve haklar\u0131n tesisi, kullan\u0131lmas\u0131 veya korunmas\u0131 i\u00e7in veri i\u015flemenin ve aktarman\u0131n zorunlu olmas\u0131 hukuki sebeplerine; site \u00fcyeli\u011fi s\u00fcre\u00e7lerine ili\u015fkin olarak s\u00f6zle\u015fmenin kurulmas\u0131 ve ifas\u0131 i\u00e7in veri i\u015flemenin gerekli olmas\u0131 ve a\u00e7\u0131k r\u0131za hukuki sebeplerine; ticari ileti\u015fim s\u00fcre\u00e7lerinde ise verece\u011finiz a\u00e7\u0131k r\u0131zaya dayanarak topluyoruz. \u0130stedi\u011finiz her zaman ve hi\u00e7bir gerek\u00e7e g\u00f6stermeksizin a\u00e7\u0131k r\u0131zan\u0131z\u0131 geri \u00e7ekerek a\u00e7\u0131k r\u0131zaya dayanan ki\u015fisel veri i\u015fleme faaliyetlerine son verebilirsiniz. Ki\u015fisel Veri Sahibinin KVKK\u2019n\u0131n 11. Maddesinde Say\u0131lan Haklar\u0131: Ki\u015fisel veri sahipleri olarak, haklar\u0131n\u0131za ili\u015fkin taleplerinizi, a\u015fa\u011f\u0131da d\u00fczenlenen y\u00f6ntemlerle \u015firketimize iletmeniz durumunda \u015firketimiz talebin niteli\u011fine g\u00f6re en ge\u00e7 30 g\u00fcn i\u00e7erisinde \u00fccretsiz olarak sonu\u00e7land\u0131racakt\u0131r. Ancak, Ki\u015fisel Verileri Korumu Kurulu\u2019nca bir \u00fccret \u00f6ng\u00f6r\u00fclmesi halinde, \u015firketimiz taraf\u0131ndan belirlenen tarifedeki \u00fccret al\u0131nacakt\u0131r. Bu kapsamda ki\u015fisel veri sahipleri; Ki\u015fisel veri i\u015flenip i\u015flenmedi\u011fini \u00f6\u011frenme, Ki\u015fisel veri i\u015flenmi\u015fse buna ili\u015fkin bilgi talep etme, Ki\u015fisel verilerin i\u015flenme amac\u0131 ve bunlar\u0131n amac\u0131na uygun kullan\u0131l\u0131p kullan\u0131lmad\u0131\u011f\u0131n\u0131 \u00f6\u011frenme, Yurt i\u00e7inde ve yurt d\u0131\u015f\u0131nda ki\u015fisel verilerin aktar\u0131ld\u0131\u011f\u0131 \u00fc\u00e7\u00fcnc\u00fc ki\u015fileri bilme, Ki\u015fisel verilerin eksik veya yanl\u0131\u015f i\u015flenmi\u015f olmas\u0131 halinde bunlar\u0131n d\u00fczeltilmesini isteme, KVKK 7. maddesinde \u00f6ng\u00f6r\u00fclen \u015fartlar \u00e7er\u00e7evesinde ki\u015fisel verilerin silinmesi veya yok edilmesini isteme, (e) ve (f) bentleri uyar\u0131nca yap\u0131lan i\u015flemlerin, ki\u015fisel verilerin aktar\u0131ld\u0131\u011f\u0131 \u00fc\u00e7\u00fcnc\u00fc ki\u015filere bildirilmesini isteme, \u0130\u015flenen verilerin m\u00fcnhas\u0131ran otomatik sistemler vas\u0131tas\u0131yla analiz edilmesi suretiyle ki\u015finin kendisi aleyhine bir sonucun ortaya \u00e7\u0131kmas\u0131na itiraz etme, Ki\u015fisel verilerin kanuna ayk\u0131r\u0131 olarak i\u015flenmesi sebebiyle zarara u\u011framas\u0131 halinde zarar\u0131n giderilmesini talep etme haklar\u0131na sahiptir. KVKK\u2019n\u0131n 13. maddesinin 1. f\u0131kras\u0131 gere\u011fince, yukar\u0131da belirtilen haklar\u0131n\u0131z\u0131 kullanmak ile ilgili talebinizi, yaz\u0131l\u0131 veya ki\u015fisel verileri Koruma Kurulu\u2019nun belirledi\u011fi di\u011fer y\u00f6ntemlerle \u015firketimize iletebilirsiniz. Ki\u015fisel Verileri Koruma Kurulu, \u015fu a\u015famada herhangi bir y\u00f6ntem belirlemedi\u011fi i\u00e7in, ba\u015fvurunuz, KVKK gere\u011fince, yaz\u0131l\u0131 olarak \u015firketimize iletmeniz gerekmektedir. Bu \u00e7er\u00e7evede \u015firketimize KVKK\u2019n\u0131n 11. maddesi kapsam\u0131nda yapaca\u011f\u0131n\u0131z ba\u015fvurularda yaz\u0131l\u0131 olarak ba\u015fvurunuzu iletece\u011finiz [&hellip;]<\/p>\n","protected":false},"author":1,"featured_media":0,"parent":0,"menu_order":0,"comment_status":"closed","ping_status":"closed","template":"","meta":{"_monsterinsights_skip_tracking":false,"_monsterinsights_sitenote_active":false,"_monsterinsights_sitenote_note":"","_monsterinsights_sitenote_category":0,"_uf_show_specific_survey":0,"_uf_disable_surveys":false,"footnotes":""},"class_list":["post-9428","page","type-page","status-publish","hentry","post-no-thumbnail"],"_links":{"self":[{"href":"https:\/\/tlab.com.tr\/en\/wp-json\/wp\/v2\/pages\/9428","targetHints":{"allow":["GET"]}}],"collection":[{"href":"https:\/\/tlab.com.tr\/en\/wp-json\/wp\/v2\/pages"}],"about":[{"href":"https:\/\/tlab.com.tr\/en\/wp-json\/wp\/v2\/types\/page"}],"author":[{"embeddable":true,"href":"https:\/\/tlab.com.tr\/en\/wp-json\/wp\/v2\/users\/1"}],"replies":[{"embeddable":true,"href":"https:\/\/tlab.com.tr\/en\/wp-json\/wp\/v2\/comments?post=9428"}],"version-history":[{"count":15,"href":"https:\/\/tlab.com.tr\/en\/wp-json\/wp\/v2\/pages\/9428\/revisions"}],"predecessor-version":[{"id":12447,"href":"https:\/\/tlab.com.tr\/en\/wp-json\/wp\/v2\/pages\/9428\/revisions\/12447"}],"wp:attachment":[{"href":"https:\/\/tlab.com.tr\/en\/wp-json\/wp\/v2\/media?parent=9428"}],"curies":[{"name":"wp","href":"https:\/\/api.w.org\/{rel}","templated":true}]}}